{"id":9435,"date":"2026-02-12T13:01:21","date_gmt":"2026-02-12T11:01:21","guid":{"rendered":"https:\/\/canaves.com\/exclusives-buyouts\/"},"modified":"2026-03-24T11:19:13","modified_gmt":"2026-03-24T09:19:13","slug":"exclusives-buyouts","status":"publish","type":"page","link":"https:\/\/canaves.com\/fr\/exclusives-buyouts\/","title":{"rendered":"Privatisations et rachats exclusifs"},"content":{"rendered":"<div class=\"kobodinpa aos-init aos-animate\" data-aos=\"fade-up\" data-aos-offset=\"50\" data-aos-delay=\"20\" data-aos-duration=\"400\" data-aos-easing=\"easy-in\">\n<div class=\"koboportaDesc\">\n<p>Taill\u00e9 dans la roche volcanique et d\u00e9fini par une \u00e9l\u00e9gance moderne organique, Canaves Epitome offre un cadre serein et r\u00e9solument design, id\u00e9al pour la privatisation compl\u00e8te de la propri\u00e9t\u00e9. \u00c0 l&rsquo;\u00e9cart de l&rsquo;architecture traditionnelle de Santorin, l&rsquo;h\u00f4tel offre un sentiment raffin\u00e9 d&rsquo;intimit\u00e9 et de coh\u00e9sion, ce qui le rend parfait pour des rassemblements exclusifs, des c\u00e9l\u00e9brations marquantes ou des voyages de motivation.<\/p>\n<\/div>\n<\/div>\n","protected":false},"excerpt":{"rendered":"<p>Taill\u00e9 dans la roche volcanique et d\u00e9fini par une \u00e9l\u00e9gance moderne organique, Canaves Epitome offre un cadre serein et r\u00e9solument design, id\u00e9al pour la privatisation compl\u00e8te de la propri\u00e9t\u00e9. \u00c0 l&rsquo;\u00e9cart de l&rsquo;architecture traditionnelle de Santorin, l&rsquo;h\u00f4tel offre un sentiment&hellip;<\/p>\n","protected":false},"author":1,"featured_media":4622,"parent":0,"menu_order":0,"comment_status":"closed","ping_status":"closed","template":"canportal\/exclusives-buyouts.php","meta":{"_acf_changed":false,"footnotes":""},"class_list":["post-9435","page","type-page","status-publish","has-post-thumbnail","hentry","property-portal-overlay","entry","has-media"],"acf":[],"aioseo_notices":[],"_links":{"self":[{"href":"https:\/\/canaves.com\/fr\/wp-json\/wp\/v2\/pages\/9435","targetHints":{"allow":["GET"]}}],"collection":[{"href":"https:\/\/canaves.com\/fr\/wp-json\/wp\/v2\/pages"}],"about":[{"href":"https:\/\/canaves.com\/fr\/wp-json\/wp\/v2\/types\/page"}],"author":[{"embeddable":true,"href":"https:\/\/canaves.com\/fr\/wp-json\/wp\/v2\/users\/1"}],"replies":[{"embeddable":true,"href":"https:\/\/canaves.com\/fr\/wp-json\/wp\/v2\/comments?post=9435"}],"version-history":[{"count":0,"href":"https:\/\/canaves.com\/fr\/wp-json\/wp\/v2\/pages\/9435\/revisions"}],"wp:featuredmedia":[{"embeddable":true,"href":"https:\/\/canaves.com\/fr\/wp-json\/wp\/v2\/media\/4622"}],"wp:attachment":[{"href":"https:\/\/canaves.com\/fr\/wp-json\/wp\/v2\/media?parent=9435"}],"curies":[{"name":"wp","href":"https:\/\/api.w.org\/{rel}","templated":true}]}}