{"id":9437,"date":"2026-02-12T12:58:21","date_gmt":"2026-02-12T10:58:21","guid":{"rendered":"https:\/\/canaves.com\/exclusives-buyouts-2\/"},"modified":"2026-03-24T11:19:14","modified_gmt":"2026-03-24T09:19:14","slug":"exclusives-buyouts","status":"publish","type":"page","link":"https:\/\/canaves.com\/fr\/canaves-sunday\/exclusives-buyouts\/","title":{"rendered":"Privatisations &amp; Locations exclusives"},"content":{"rendered":"<p>Canaves Sunday apporte une \u00e9nergie audacieuse et raffin\u00e9e \u00e0 Oia, offrant un cadre distinctif pour des privatisations exclusives de la propri\u00e9t\u00e9. Encadr\u00e9 par le relief spectaculaire de Santorin et les vues imprenables sur la Caldera et la mer \u00c9g\u00e9e, l&rsquo;\u00e9tablissement allie luxe d&rsquo;exception et esprit d\u00e9contract\u00e9 tourn\u00e9 vers le design.<\/p>\n","protected":false},"excerpt":{"rendered":"<p>Canaves Sunday apporte une \u00e9nergie audacieuse et raffin\u00e9e \u00e0 Oia, offrant un cadre distinctif pour des privatisations exclusives de la propri\u00e9t\u00e9. Encadr\u00e9 par le relief spectaculaire de Santorin et les vues imprenables sur la Caldera et la mer \u00c9g\u00e9e, l&rsquo;\u00e9tablissement&hellip;<\/p>\n","protected":false},"author":1,"featured_media":4622,"parent":9514,"menu_order":0,"comment_status":"closed","ping_status":"closed","template":"cansunday\/exclusives-buyouts.php","meta":{"_acf_changed":false,"footnotes":""},"class_list":["post-9437","page","type-page","status-publish","has-post-thumbnail","hentry","property-sunday-suites-overlay","entry","has-media"],"acf":[],"aioseo_notices":[],"_links":{"self":[{"href":"https:\/\/canaves.com\/fr\/wp-json\/wp\/v2\/pages\/9437","targetHints":{"allow":["GET"]}}],"collection":[{"href":"https:\/\/canaves.com\/fr\/wp-json\/wp\/v2\/pages"}],"about":[{"href":"https:\/\/canaves.com\/fr\/wp-json\/wp\/v2\/types\/page"}],"author":[{"embeddable":true,"href":"https:\/\/canaves.com\/fr\/wp-json\/wp\/v2\/users\/1"}],"replies":[{"embeddable":true,"href":"https:\/\/canaves.com\/fr\/wp-json\/wp\/v2\/comments?post=9437"}],"version-history":[{"count":0,"href":"https:\/\/canaves.com\/fr\/wp-json\/wp\/v2\/pages\/9437\/revisions"}],"up":[{"embeddable":true,"href":"https:\/\/canaves.com\/fr\/wp-json\/wp\/v2\/pages\/9514"}],"wp:featuredmedia":[{"embeddable":true,"href":"https:\/\/canaves.com\/fr\/wp-json\/wp\/v2\/media\/4622"}],"wp:attachment":[{"href":"https:\/\/canaves.com\/fr\/wp-json\/wp\/v2\/media?parent=9437"}],"curies":[{"name":"wp","href":"https:\/\/api.w.org\/{rel}","templated":true}]}}