{"id":9438,"date":"2026-02-12T12:56:36","date_gmt":"2026-02-12T10:56:36","guid":{"rendered":"https:\/\/canaves.com\/exclusives-buyouts-2\/"},"modified":"2026-03-24T11:19:14","modified_gmt":"2026-03-24T09:19:14","slug":"exclusives-buyouts","status":"publish","type":"page","link":"https:\/\/canaves.com\/fr\/canaves-oia-hotel-ena\/exclusives-buyouts\/","title":{"rendered":"Exclusivit\u00e9s et privatisations"},"content":{"rendered":"<p>Canaves Ena propose 18 suites r\u00e9cemment r\u00e9nov\u00e9es con\u00e7ues pour offrir intimit\u00e9, d\u00e9tente et sophistication raffin\u00e9e, ce qui en fait un choix id\u00e9al pour la privatisation compl\u00e8te de la propri\u00e9t\u00e9. \u00c9l\u00e9gance minimaliste, v\u00e9randas priv\u00e9es et vues \u00e0 couper le souffle sur la caldeira et la mer \u00c9g\u00e9e cr\u00e9ent un cadre harmonieux et intimiste.<\/p>\n","protected":false},"excerpt":{"rendered":"<p>Canaves Ena propose 18 suites r\u00e9cemment r\u00e9nov\u00e9es con\u00e7ues pour offrir intimit\u00e9, d\u00e9tente et sophistication raffin\u00e9e, ce qui en fait un choix id\u00e9al pour la privatisation compl\u00e8te de la propri\u00e9t\u00e9. \u00c9l\u00e9gance minimaliste, v\u00e9randas priv\u00e9es et vues \u00e0 couper le souffle sur&hellip;<\/p>\n","protected":false},"author":1,"featured_media":13356,"parent":9563,"menu_order":0,"comment_status":"closed","ping_status":"closed","template":"canena\/exclusives-buyouts.php","meta":{"_acf_changed":false,"footnotes":""},"class_list":["post-9438","page","type-page","status-publish","has-post-thumbnail","hentry","property-ena-overlay","entry","has-media"],"acf":[],"aioseo_notices":[],"_links":{"self":[{"href":"https:\/\/canaves.com\/fr\/wp-json\/wp\/v2\/pages\/9438","targetHints":{"allow":["GET"]}}],"collection":[{"href":"https:\/\/canaves.com\/fr\/wp-json\/wp\/v2\/pages"}],"about":[{"href":"https:\/\/canaves.com\/fr\/wp-json\/wp\/v2\/types\/page"}],"author":[{"embeddable":true,"href":"https:\/\/canaves.com\/fr\/wp-json\/wp\/v2\/users\/1"}],"replies":[{"embeddable":true,"href":"https:\/\/canaves.com\/fr\/wp-json\/wp\/v2\/comments?post=9438"}],"version-history":[{"count":0,"href":"https:\/\/canaves.com\/fr\/wp-json\/wp\/v2\/pages\/9438\/revisions"}],"up":[{"embeddable":true,"href":"https:\/\/canaves.com\/fr\/wp-json\/wp\/v2\/pages\/9563"}],"wp:featuredmedia":[{"embeddable":true,"href":"https:\/\/canaves.com\/fr\/wp-json\/wp\/v2\/media\/13356"}],"wp:attachment":[{"href":"https:\/\/canaves.com\/fr\/wp-json\/wp\/v2\/media?parent=9438"}],"curies":[{"name":"wp","href":"https:\/\/api.w.org\/{rel}","templated":true}]}}