{"id":9439,"date":"2026-02-12T12:50:49","date_gmt":"2026-02-12T10:50:49","guid":{"rendered":"https:\/\/canaves.com\/exclusives-buyouts-2\/"},"modified":"2026-03-24T11:19:13","modified_gmt":"2026-03-24T09:19:13","slug":"exclusives-buyouts","status":"publish","type":"page","link":"https:\/\/canaves.com\/fr\/canaves-oia-suites\/exclusives-buyouts\/","title":{"rendered":"Exclusivit\u00e9s et privatisations"},"content":{"rendered":"<p>Canaves Oia Suites offre un cadre exceptionnel pour des privatisations compl\u00e8tes de l\u2019\u00e9tablissement, alliant une \u00e9l\u00e9gance raffin\u00e9e \u00e0 des vues imprenables sur la Caldera et un service impeccable. Nich\u00e9s face \u00e0 la mer \u00c9g\u00e9e \u00e9meraude et aux falaises spectaculaires de Santorin, les suites et villas opulentes cr\u00e9ent un environnement priv\u00e9 et immersif.<\/p>\n","protected":false},"excerpt":{"rendered":"<p>Canaves Oia Suites offre un cadre exceptionnel pour des privatisations compl\u00e8tes de l\u2019\u00e9tablissement, alliant une \u00e9l\u00e9gance raffin\u00e9e \u00e0 des vues imprenables sur la Caldera et un service impeccable. Nich\u00e9s face \u00e0 la mer \u00c9g\u00e9e \u00e9meraude et aux falaises spectaculaires de&hellip;<\/p>\n","protected":false},"author":1,"featured_media":4622,"parent":9561,"menu_order":0,"comment_status":"closed","ping_status":"closed","template":"cansuites\/exclusives-buyouts.php","meta":{"_acf_changed":false,"footnotes":""},"class_list":["post-9439","page","type-page","status-publish","has-post-thumbnail","hentry","property-suites-overlay","entry","has-media"],"acf":[],"aioseo_notices":[],"_links":{"self":[{"href":"https:\/\/canaves.com\/fr\/wp-json\/wp\/v2\/pages\/9439","targetHints":{"allow":["GET"]}}],"collection":[{"href":"https:\/\/canaves.com\/fr\/wp-json\/wp\/v2\/pages"}],"about":[{"href":"https:\/\/canaves.com\/fr\/wp-json\/wp\/v2\/types\/page"}],"author":[{"embeddable":true,"href":"https:\/\/canaves.com\/fr\/wp-json\/wp\/v2\/users\/1"}],"replies":[{"embeddable":true,"href":"https:\/\/canaves.com\/fr\/wp-json\/wp\/v2\/comments?post=9439"}],"version-history":[{"count":0,"href":"https:\/\/canaves.com\/fr\/wp-json\/wp\/v2\/pages\/9439\/revisions"}],"up":[{"embeddable":true,"href":"https:\/\/canaves.com\/fr\/wp-json\/wp\/v2\/pages\/9561"}],"wp:featuredmedia":[{"embeddable":true,"href":"https:\/\/canaves.com\/fr\/wp-json\/wp\/v2\/media\/4622"}],"wp:attachment":[{"href":"https:\/\/canaves.com\/fr\/wp-json\/wp\/v2\/media?parent=9439"}],"curies":[{"name":"wp","href":"https:\/\/api.w.org\/{rel}","templated":true}]}}