{"id":9441,"date":"2025-04-09T13:17:39","date_gmt":"2025-04-09T11:17:39","guid":{"rendered":"https:\/\/canaves.com\/gdpr\/"},"modified":"2026-03-24T11:19:13","modified_gmt":"2026-03-24T09:19:13","slug":"gdpr","status":"publish","type":"page","link":"https:\/\/canaves.com\/fr\/gdpr\/","title":{"rendered":"RGPD"},"content":{"rendered":"<p>Avis de confidentialit\u00e9 concernant le traitement de vos donn\u00e9es personnelles via la vid\u00e9osurveillance (CCTV)<\/p>\n<p>Nous vous invitons \u00e0 lire attentivement le pr\u00e9sent avis d\u2019information, r\u00e9dig\u00e9 conform\u00e9ment aux dispositions du R\u00e8glement g\u00e9n\u00e9ral sur la protection des donn\u00e9es n\u00b0 2016\/679\/UE, afin de vous informer de mani\u00e8re ad\u00e9quate sur le traitement de vos donn\u00e9es personnelles via la vid\u00e9osurveillance.<\/p>\n<ol>\n<li>Informations g\u00e9n\u00e9rales et responsable du traitement<\/li>\n<\/ol>\n<p>La soci\u00e9t\u00e9 \u00ab CANAVES OIA SA \u00bb, dont le si\u00e8ge est situ\u00e9 \u00e0 Oia, Santorin, immatricul\u00e9e \u00e0 la TVA sous le num\u00e9ro 998665147, repr\u00e9sent\u00e9e par M. Ioannis Chaidemenos, est le responsable du traitement charg\u00e9 de la collecte, du stockage et du traitement global des donn\u00e9es personnelles des personnes au moyen de la vid\u00e9osurveillance. Ci-apr\u00e8s d\u00e9nomm\u00e9e la \u00ab Soci\u00e9t\u00e9 \u00bb.<\/p>\n<ol>\n<li>Quelles donn\u00e9es personnelles nous collectons et comment<\/li>\n<\/ol>\n<p>Nous collectons et traitons vos donn\u00e9es d\u2019image personnelles.<\/p>\n<ol>\n<li>Finalit\u00e9s du traitement<\/li>\n<\/ol>\n<p>Le fonctionnement de la vid\u00e9osurveillance vise \u00e0 assurer la protection des biens et des personnes au sein des locaux de notre entreprise. Par cons\u00e9quent, la base juridique de ce traitement est l\u2019int\u00e9r\u00eat l\u00e9gitime de la Soci\u00e9t\u00e9 \u00e0 surveiller la zone afin d\u2019assurer la protection des biens et des personnes. Lorsque nous recevons des ordonnances judiciaires pertinentes ou des demandes des autorit\u00e9s publiques, nous traitons vos donn\u00e9es personnelles afin de nous conformer \u00e0 ces demandes. Dans ce cas, la base juridique du traitement de vos donn\u00e9es personnelles est le respect de nos obligations l\u00e9gales.<\/p>\n<ol>\n<li>Exercice des droits<\/li>\n<\/ol>\n<p>Vous pouvez exercer l\u2019ensemble des droits des personnes concern\u00e9es pr\u00e9vus par le R\u00e8glement g\u00e9n\u00e9ral sur la protection des donn\u00e9es (RGPD) (droit d\u2019acc\u00e8s \/ de rectification \/ d\u2019effacement \/ de limitation du traitement, etc.). Veuillez noter que les demandes qui ne satisfont pas aux exigences pr\u00e9vues par la l\u00e9gislation applicable peuvent n\u00e9cessiter une nouvelle soumission ou peuvent \u00eatre rejet\u00e9es. Les demandes relatives \u00e0 l\u2019exercice des droits susmentionn\u00e9s des utilisateurs peuvent \u00eatre adress\u00e9es au D\u00e9l\u00e9gu\u00e9 \u00e0 la protection des donn\u00e9es de notre Soci\u00e9t\u00e9 \u00e0 l\u2019adresse e-mail dpo@canaves.com.<\/p>\n<p>Les utilisateurs peuvent \u00e9galement d\u00e9poser des plaintes aupr\u00e8s de l\u2019Autorit\u00e9 hell\u00e9nique de protection des donn\u00e9es concernant l\u2019exercice de leurs droits (<a href=\"http:\/\/www.dpa.gr\/\">www.dpa.gr<\/a>). Selon le site web de l\u2019Autorit\u00e9, les plaignants doivent d\u2019abord soumettre leur plainte au responsable du traitement ou au d\u00e9l\u00e9gu\u00e9 \u00e0 la protection des donn\u00e9es.<\/p>\n<ol>\n<li>Conservation des donn\u00e9es personnelles<\/li>\n<\/ol>\n<p>Les donn\u00e9es collect\u00e9es via la vid\u00e9osurveillance sont conserv\u00e9es pendant 15 jours.<\/p>\n<ol>\n<li>Partage des donn\u00e9es personnelles<\/li>\n<\/ol>\n<p>Vos donn\u00e9es personnelles sont trait\u00e9es au sein de l\u2019entreprise par les employ\u00e9s qui ont absolument besoin d\u2019y acc\u00e9der. Nous pouvons \u00eatre amen\u00e9s \u00e0 partager vos donn\u00e9es personnelles avec des tiers afin de nous aider \u00e0 exploiter\/assurer la maintenance du syst\u00e8me de vid\u00e9osurveillance. Ces tiers comprennent :<\/p>\n<ul>\n<li>Des soci\u00e9t\u00e9s partenaires aux fins d\u2019exploitation\/assistance technique du syst\u00e8me de vid\u00e9osurveillance.<\/li>\n<\/ul>\n<p>Dans tous les cas, nous exigeons des soci\u00e9t\u00e9s partenaires qu\u2019elles prennent des mesures appropri\u00e9es pour prot\u00e9ger la confidentialit\u00e9 et la s\u00e9curit\u00e9 des donn\u00e9es personnelles.<\/p>\n<p>En outre, nous pouvons \u00eatre amen\u00e9s \u00e0 fournir des donn\u00e9es d\u2019image aux services charg\u00e9s de l\u2019application de la loi ou aux autorit\u00e9s administratives (p. ex., autorit\u00e9s polici\u00e8res\/judiciaires) afin de respecter une obligation l\u00e9gale ou une d\u00e9cision de justice.<\/p>\n<ol>\n<li>S\u00e9curit\u00e9 des donn\u00e9es<\/li>\n<\/ol>\n<p>La Soci\u00e9t\u00e9 assure aux personnes dont les donn\u00e9es sont trait\u00e9es (clients\/employ\u00e9s\/visiteurs) via le syst\u00e8me de vid\u00e9osurveillance qu\u2019elle prend toutes les mesures techniques et organisationnelles appropri\u00e9es pour garantir la s\u00e9curit\u00e9 de leurs donn\u00e9es personnelles, pr\u00e9server la confidentialit\u00e9 de leur traitement et les prot\u00e9ger contre toute destruction, perte, alt\u00e9ration, diffusion ou acc\u00e8s non autoris\u00e9s, accidentels ou illicites, ainsi que contre toute autre forme de traitement illicite.<\/p>\n","protected":false},"excerpt":{"rendered":"<p>Avis de confidentialit\u00e9 concernant le traitement de vos donn\u00e9es personnelles via la vid\u00e9osurveillance (CCTV) Nous vous invitons \u00e0 lire attentivement le pr\u00e9sent avis d\u2019information, r\u00e9dig\u00e9 conform\u00e9ment aux dispositions du R\u00e8glement g\u00e9n\u00e9ral sur la protection des donn\u00e9es n\u00b0 2016\/679\/UE, afin de&hellip;<\/p>\n","protected":false},"author":1,"featured_media":4622,"parent":0,"menu_order":0,"comment_status":"closed","ping_status":"closed","template":"kobo\/full.php","meta":{"_acf_changed":false,"footnotes":""},"class_list":["post-9441","page","type-page","status-publish","has-post-thumbnail","hentry","property-portal","entry","has-media"],"acf":[],"aioseo_notices":[],"_links":{"self":[{"href":"https:\/\/canaves.com\/fr\/wp-json\/wp\/v2\/pages\/9441","targetHints":{"allow":["GET"]}}],"collection":[{"href":"https:\/\/canaves.com\/fr\/wp-json\/wp\/v2\/pages"}],"about":[{"href":"https:\/\/canaves.com\/fr\/wp-json\/wp\/v2\/types\/page"}],"author":[{"embeddable":true,"href":"https:\/\/canaves.com\/fr\/wp-json\/wp\/v2\/users\/1"}],"replies":[{"embeddable":true,"href":"https:\/\/canaves.com\/fr\/wp-json\/wp\/v2\/comments?post=9441"}],"version-history":[{"count":0,"href":"https:\/\/canaves.com\/fr\/wp-json\/wp\/v2\/pages\/9441\/revisions"}],"wp:featuredmedia":[{"embeddable":true,"href":"https:\/\/canaves.com\/fr\/wp-json\/wp\/v2\/media\/4622"}],"wp:attachment":[{"href":"https:\/\/canaves.com\/fr\/wp-json\/wp\/v2\/media?parent=9441"}],"curies":[{"name":"wp","href":"https:\/\/api.w.org\/{rel}","templated":true}]}}