{"id":9442,"date":"2025-03-03T08:45:24","date_gmt":"2025-03-03T06:45:24","guid":{"rendered":"https:\/\/canaves.com\/earthquakes\/"},"modified":"2026-03-24T11:19:11","modified_gmt":"2026-03-24T09:19:11","slug":"earthquakes","status":"publish","type":"page","link":"https:\/\/canaves.com\/fr\/earthquakes\/","title":{"rendered":"MISE \u00c0 JOUR SUR LES S\u00c9ISMES \u00c0 SANTORIN"},"content":{"rendered":"<p>19 mars 2025<\/p>\n<p><span data-teams=\"true\">Au cours du dernier mois, la diminution constante de l&rsquo;activit\u00e9 sismique pr\u00e8s de Santorin indique que le ph\u00e9nom\u00e8ne entre d\u00e9sormais dans sa phase finale. Les scientifiques signalent une baisse significative de la fr\u00e9quence et de l&rsquo;intensit\u00e9 des secousses, renfor\u00e7ant l&rsquo;id\u00e9e que le ph\u00e9nom\u00e8ne touche \u00e0 sa fin. <\/span><\/p>\n<p>Compte tenu de la r\u00e9duction de l&rsquo;activit\u00e9 sismique, les autorit\u00e9s ont lev\u00e9 toutes les restrictions. Santorin est \u00e0 nouveau une destination s\u00fbre et accueillante, avec une infrastructure touristique pleinement op\u00e9rationnelle et renforc\u00e9e par de nouvelles mesures de s\u00e9curit\u00e9. Le gouvernement a mis en \u0153uvre des inspections strictes des b\u00e2timents, retir\u00e9 les structures dangereuses et introduit des protocoles d&rsquo;urgence am\u00e9lior\u00e9s pour garantir le bien-\u00eatre des r\u00e9sidents et des visiteurs. Les voyageurs peuvent d\u00e9sormais profiter de la beaut\u00e9 \u00e0 couper le souffle de l&rsquo;\u00eele avec une confiance et une s\u00e9curit\u00e9 accrues.   <\/p>\n<p>Le professeur de sismologie \u00e0 l&rsquo;universit\u00e9 Aristote, Kostas Papazachos, a mentionn\u00e9 lors de son interview \u00e0 la t\u00e9l\u00e9vision nationale que <em>\u00ab La s\u00e9quence dans cette phase est termin\u00e9e et il n&rsquo;y a donc aucune raison de fermer les \u00e9coles \u00bb.<\/em> Il a \u00e9galement ajout\u00e9 que <em>\u00ab En ce moment, nous avons une capacit\u00e9 de d\u00e9tection des tremblements de terre et de surveillance de l&rsquo;activit\u00e9 que nous n&rsquo;avions pas avant le d\u00e9but de la s\u00e9quence \u00bb<\/em>, rassurant qu&rsquo;il n&rsquo;y a aucune inqui\u00e9tude concernant un s\u00e9isme plus fort.<\/p>\n<p><span data-teams=\"true\">Santorin reste l&rsquo;une des principales destinations touristiques au monde, a d\u00e9clar\u00e9 avec optimisme la ministre du Tourisme Olga Kefalogianni lors de sa visite sur l&rsquo;\u00eele, \u00ab et malgr\u00e9 son activit\u00e9 sismique r\u00e9cente, elle revient progressivement \u00e0 la normale et se pr\u00e9pare pour une p\u00e9riode touristique dynamique \u00bb.<\/span><\/p>\n<p>\u00c0 la lumi\u00e8re des fausses nouvelles d\u00e9routantes et de toutes les informations trompeuses qui apparaissent en ligne concernant notre belle \u00eele r\u00e9cemment, veuillez trouver ci-dessous un bref r\u00e9sum\u00e9 de la l\u00e9gislation appliqu\u00e9e pour l&rsquo;\u00eele de Santorin le 14<i> mars 2025, qui constitue la derni\u00e8re mise \u00e0 jour concernant la situation.<\/i><\/p>\n<p>Pour am\u00e9liorer la fluidit\u00e9 du trafic et optimiser l&rsquo;exp\u00e9rience des visiteurs, de nouvelles mesures sont introduites au port d&rsquo;Athinios, garantissant un processus de d\u00e9barquement fluide et organis\u00e9. Les v\u00e9hicules priv\u00e9s b\u00e9n\u00e9ficieront d&rsquo;une priorit\u00e9, suivis des bus et des camions, r\u00e9duisant ainsi la congestion et permettant une transition plus efficace depuis le port. <\/p>\n<p>De plus, pour garantir la s\u00e9curit\u00e9 dans les zones cl\u00e9s o\u00f9 les glissements de terrain sont fr\u00e9quents, une fermeture temporaire est appliqu\u00e9e pour l&rsquo;acc\u00e8s et les activit\u00e9s dans le vieux port de Fira et dans certains endroits de l&rsquo;\u00eele tels que Korfos \u00e0 Therassia, une partie d&rsquo;Ammoudi et une petite partie de la baie d&rsquo;Armeni.<\/p>\n<p>Veuillez noter que les mesures appliqu\u00e9es n&rsquo;affecteront en aucun cas votre exp\u00e9rience globale \u00e0 Santorin.<\/p>\n<p>Ces mesures contribuent \u00e0 prot\u00e9ger le charme de ces lieux tout en maintenant une atmosph\u00e8re s\u00fbre, paisible et agr\u00e9able pour les visiteurs.<\/p>\n<p>Nos h\u00f4tels sont pr\u00eats \u00e0 accueillir les visiteurs pour une nouvelle saison exceptionnelle, en commen\u00e7ant par la propri\u00e9t\u00e9 phare de notre groupe, Canaves Oia Suites, qui ouvrira le 1er avril.<\/p>\n<p>Dans nos h\u00f4tels, votre s\u00e9curit\u00e9 et votre bien-\u00eatre sont notre priorit\u00e9 absolue. Le terroir volcanique unique de Santorin a toujours connu une activit\u00e9 sismique l\u00e9g\u00e8re, qui n&rsquo;a jamais eu d&rsquo;impact sur la s\u00e9curit\u00e9 ou le plaisir de nos visiteurs. En r\u00e9ponse aux \u00e9v\u00e9nements r\u00e9cents, nous avons renforc\u00e9 nos protocoles de s\u00e9curit\u00e9 d\u00e9j\u00e0 \u00e9tablis pour vous offrir une tranquillit\u00e9 d&rsquo;esprit pendant votre s\u00e9jour. Ces mesures comprennent des exercices de s\u00e9curit\u00e9 r\u00e9guliers pour notre personnel, des proc\u00e9dures d&rsquo;urgence claires et bien communiqu\u00e9es, ainsi que des itin\u00e9raires d&rsquo;\u00e9vacuation facilement accessibles. Nos h\u00f4tels ont fait l&rsquo;objet d&rsquo;inspections approfondies pour garantir que toutes les structures sont s\u00e9curis\u00e9es et conformes aux derni\u00e8res normes de s\u00e9curit\u00e9.    <\/p>\n<p>Pour garantir la tranquillit\u00e9 d&rsquo;esprit et offrir une assurance \u00e0 nos pr\u00e9cieux clients, nous avons mis \u00e0 jour nos politiques pour les r\u00e9servations <strong>existantes<\/strong> et <strong>futures<\/strong>.<\/p>\n<p><strong>POLITIQUES DE R\u00c9SERVATION MISES \u00c0 JOUR <\/strong><\/p>\n<p><strong>R\u00e9servations existantes<\/strong><\/p>\n<p>Pour les r\u00e9servations avec arriv\u00e9es entre le <strong>1er avril et le 15 mai 2025<\/strong>, qui ont un <strong>statut non remboursable ou un acompte<\/strong> (comme les types de chambres Signature), nous offrons une flexibilit\u00e9 suppl\u00e9mentaire. <strong>Un mois avant l&rsquo;arriv\u00e9e, les clients auront la possibilit\u00e9 de reprogrammer leur r\u00e9servation jusqu&rsquo;\u00e0 12 mois<\/strong> si des \u00e9v\u00e9nements naturels persistants (par exemple, tremblements de terre, r\u00e9pliques) se poursuivent et que la s\u00e9curit\u00e9 reste une pr\u00e9occupation, m\u00eame si aucune restriction officielle n&rsquo;est en place. Nous encourageons vivement les clients avec des arriv\u00e9es en avril et mai b\u00e9n\u00e9ficiant d&rsquo;une politique d&rsquo;annulation flexible (21 jours avant) \u00e0 maintenir leurs r\u00e9servations et \u00e0 r\u00e9\u00e9valuer \u00e9galement un mois avant.<\/p>\n<p><strong>R\u00e9servations futures<\/strong><\/p>\n<p>Pour les nouvelles r\u00e9servations, nous avons introduit les politiques d&rsquo;annulation mises \u00e0 jour suivantes :<\/p>\n<p>Pour les s\u00e9jours entre le <strong><u>1er avril et le 15 mai 2025 :<\/u><\/strong><\/p>\n<ul>\n<li>Les clients peuvent annuler <strong>gratuitement jusqu&rsquo;\u00e0 7 jours avant l&rsquo;arriv\u00e9e<\/strong> pour tous les types de chambres, \u00e0 l&rsquo;exception des types de chambres Signature.<\/li>\n<li>Pour les <strong>types de chambres Signature<\/strong>, un <strong>acompte de 20 % ne sera requis que 21 jours avant l&rsquo;arriv\u00e9e<\/strong>, au lieu du moment de la r\u00e9servation.<\/li>\n<\/ul>\n<p>Pour les s\u00e9jours \u00e0 partir du <strong><u>16 mai :<\/u><\/strong><\/p>\n<ul>\n<li>Veuillez vous r\u00e9f\u00e9rer \u00e0 nos politiques de r\u00e9servation standard pour les nouvelles r\u00e9servations avec annulation flexible et arriv\u00e9e apr\u00e8s le 16<sup>e<\/sup> mai 2025. <a href=\"http:\/\/www.canaves.com\/policies\">canaves.com\/policies<\/a><\/li>\n<li>Pour les <strong>types de chambres Signature<\/strong> non remboursables, un <strong>acompte de 20 %<\/strong> sera d\u00e9sormais appliqu\u00e9 <strong>exceptionnellement 60 jours avant l&rsquo;arriv\u00e9e, au lieu de lors de la confirmation.<\/strong><\/li>\n<li>Dans le cas rare d&rsquo;un <strong>\u00e9v\u00e9nement de force majeure<\/strong> survenant un mois avant l&rsquo;arriv\u00e9e des clients \u2014 qui rendrait l&rsquo;\u00eele ferm\u00e9e aux touristes et l&rsquo;h\u00f4tel incapable de fonctionner \u2014 les clients auront la possibilit\u00e9 d&rsquo;<strong>annuler sans frais<\/strong> et d&rsquo;appliquer leur acompte \u00e0 une r\u00e9servation future.<\/li>\n<li><strong>Les nouvelles r\u00e9servations non remboursables pour les arriv\u00e9es apr\u00e8s le 16 mai resteront non remboursables<\/strong>, sauf si un \u00e9v\u00e9nement officiel de force majeure emp\u00eache l&rsquo;h\u00f4tel de fonctionner pendant les dates de voyage des clients.<\/li>\n<\/ul>\n<p>Ces mesures ont \u00e9t\u00e9 mises en place pour offrir \u00e0 nos pr\u00e9cieux clients une garantie de tranquillit\u00e9 d&rsquo;esprit, en veillant \u00e0 ce qu&rsquo;ils disposent de flexibilit\u00e9 si les circonstances changent. Bien que les remboursements ne soient \u00e9mis que si l&rsquo;h\u00f4tel est officiellement incapable de fonctionner en raison d&rsquo;un \u00e9v\u00e9nement de force majeure pendant le s\u00e9jour des clients, nous restons pleinement engag\u00e9s \u00e0 soutenir nos clients en offrant des options de reprogrammation et de cr\u00e9dit le cas \u00e9ch\u00e9ant.<\/p>\n<p>Toutes les politiques ci-dessus seront r\u00e9\u00e9valu\u00e9es en fonction de l&rsquo;\u00e9volution de la situation. Nous pla\u00e7ons notre confiance dans les experts, collaborons \u00e9troitement avec les autorit\u00e9s et restons d\u00e9termin\u00e9s \u00e0 garantir un environnement s\u00fbr pour tous ceux qui nous rendent visite.<\/p>\n<p>Nous avons h\u00e2te de vous accueillir dans nos \u00e9tablissements \u00e0 Santorin tr\u00e8s bient\u00f4t !<\/p>\n<p>Cordialement,<\/p>\n<p>La Direction<br \/>\nCanaves Collection<\/p>\n<p>Lisez <a href=\"https:\/\/canaves.com\/pdf\/ministry_of_tourism.pdf\" target=\"_blank\" rel=\"noopener\">ici<\/a> le communiqu\u00e9 de presse officiel du minist\u00e8re du Tourisme.<\/p>\n","protected":false},"excerpt":{"rendered":"<p>19 mars 2025 Au cours du dernier mois, la diminution constante de l&rsquo;activit\u00e9 sismique pr\u00e8s de Santorin indique que le ph\u00e9nom\u00e8ne entre d\u00e9sormais dans sa phase finale. Les scientifiques signalent une baisse significative de la fr\u00e9quence et de l&rsquo;intensit\u00e9 des&hellip;<\/p>\n","protected":false},"author":1,"featured_media":4622,"parent":0,"menu_order":0,"comment_status":"closed","ping_status":"closed","template":"kobo\/fullwfaq.php","meta":{"_acf_changed":false,"footnotes":""},"class_list":["post-9442","page","type-page","status-publish","has-post-thumbnail","hentry","property-portal","entry","has-media"],"acf":[],"aioseo_notices":[],"_links":{"self":[{"href":"https:\/\/canaves.com\/fr\/wp-json\/wp\/v2\/pages\/9442","targetHints":{"allow":["GET"]}}],"collection":[{"href":"https:\/\/canaves.com\/fr\/wp-json\/wp\/v2\/pages"}],"about":[{"href":"https:\/\/canaves.com\/fr\/wp-json\/wp\/v2\/types\/page"}],"author":[{"embeddable":true,"href":"https:\/\/canaves.com\/fr\/wp-json\/wp\/v2\/users\/1"}],"replies":[{"embeddable":true,"href":"https:\/\/canaves.com\/fr\/wp-json\/wp\/v2\/comments?post=9442"}],"version-history":[{"count":0,"href":"https:\/\/canaves.com\/fr\/wp-json\/wp\/v2\/pages\/9442\/revisions"}],"wp:featuredmedia":[{"embeddable":true,"href":"https:\/\/canaves.com\/fr\/wp-json\/wp\/v2\/media\/4622"}],"wp:attachment":[{"href":"https:\/\/canaves.com\/fr\/wp-json\/wp\/v2\/media?parent=9442"}],"curies":[{"name":"wp","href":"https:\/\/api.w.org\/{rel}","templated":true}]}}