{"id":9444,"date":"2024-08-02T10:56:16","date_gmt":"2024-08-02T08:56:16","guid":{"rendered":"https:\/\/canaves.com\/exclusives-buyouts-2\/"},"modified":"2026-03-24T11:19:11","modified_gmt":"2026-03-24T09:19:11","slug":"exclusives-buyouts","status":"publish","type":"page","link":"https:\/\/canaves.com\/fr\/canaves-oia-epitome\/exclusives-buyouts\/","title":{"rendered":"Privatisations &amp; Rachats"},"content":{"rendered":"<p>Taill\u00e9 dans la roche volcanique et caract\u00e9ris\u00e9 par une \u00e9l\u00e9gance moderne organique, Canaves Epitome offre un cadre serein et r\u00e9solument design, id\u00e9al pour la privatisation compl\u00e8te de l&rsquo;\u00e9tablissement. \u00c0 l&rsquo;\u00e9cart de l&rsquo;architecture traditionnelle de Santorin, l&rsquo;h\u00f4tel procure un sentiment raffin\u00e9 d&rsquo;intimit\u00e9 et de coh\u00e9sion, ce qui le rend parfait pour des rassemblements exclusifs, des c\u00e9l\u00e9brations marquantes ou des voyages de motivation.<\/p>\n","protected":false},"excerpt":{"rendered":"<p>Taill\u00e9 dans la roche volcanique et caract\u00e9ris\u00e9 par une \u00e9l\u00e9gance moderne organique, Canaves Epitome offre un cadre serein et r\u00e9solument design, id\u00e9al pour la privatisation compl\u00e8te de l&rsquo;\u00e9tablissement. \u00c0 l&rsquo;\u00e9cart de l&rsquo;architecture traditionnelle de Santorin, l&rsquo;h\u00f4tel procure un sentiment raffin\u00e9&hellip;<\/p>\n","protected":false},"author":1,"featured_media":4622,"parent":9490,"menu_order":0,"comment_status":"closed","ping_status":"closed","template":"canepitome\/exclusives-buyouts.php","meta":{"_acf_changed":false,"footnotes":""},"class_list":["post-9444","page","type-page","status-publish","has-post-thumbnail","hentry","property-epitome-overlay","entry","has-media"],"acf":[],"aioseo_notices":[],"_links":{"self":[{"href":"https:\/\/canaves.com\/fr\/wp-json\/wp\/v2\/pages\/9444","targetHints":{"allow":["GET"]}}],"collection":[{"href":"https:\/\/canaves.com\/fr\/wp-json\/wp\/v2\/pages"}],"about":[{"href":"https:\/\/canaves.com\/fr\/wp-json\/wp\/v2\/types\/page"}],"author":[{"embeddable":true,"href":"https:\/\/canaves.com\/fr\/wp-json\/wp\/v2\/users\/1"}],"replies":[{"embeddable":true,"href":"https:\/\/canaves.com\/fr\/wp-json\/wp\/v2\/comments?post=9444"}],"version-history":[{"count":0,"href":"https:\/\/canaves.com\/fr\/wp-json\/wp\/v2\/pages\/9444\/revisions"}],"up":[{"embeddable":true,"href":"https:\/\/canaves.com\/fr\/wp-json\/wp\/v2\/pages\/9490"}],"wp:featuredmedia":[{"embeddable":true,"href":"https:\/\/canaves.com\/fr\/wp-json\/wp\/v2\/media\/4622"}],"wp:attachment":[{"href":"https:\/\/canaves.com\/fr\/wp-json\/wp\/v2\/media?parent=9444"}],"curies":[{"name":"wp","href":"https:\/\/api.w.org\/{rel}","templated":true}]}}