{"id":9451,"date":"2024-01-03T11:48:11","date_gmt":"2024-01-03T09:48:11","guid":{"rendered":"https:\/\/canaves.com\/wellness\/"},"modified":"2026-03-24T12:00:06","modified_gmt":"2026-03-24T10:00:06","slug":"wellness","status":"publish","type":"page","link":"https:\/\/canaves.com\/fr\/canaves-oia-epitome\/wellness\/","title":{"rendered":"Bien-\u00eatre"},"content":{"rendered":"<p>D\u00e9couvrez un univers de tranquillit\u00e9 incomparable, o\u00f9 les soins holistiques de sant\u00e9 et de bien-\u00eatre con\u00e7us par notre \u00e9quipe d&rsquo;experts s&rsquo;harmonisent avec la beaut\u00e9 naturelle envo\u00fbtante de Santorin. Au Canaves Epitome, nous proposons une gamme de th\u00e9rapies, de soins et de cours de yoga et de fitness pour favoriser une sant\u00e9 et un bien-\u00eatre optimaux. <\/p>\n","protected":false},"excerpt":{"rendered":"<p>D\u00e9couvrez un univers de tranquillit\u00e9 incomparable, o\u00f9 les soins holistiques de sant\u00e9 et de bien-\u00eatre con\u00e7us par notre \u00e9quipe d&rsquo;experts s&rsquo;harmonisent avec la beaut\u00e9 naturelle envo\u00fbtante de Santorin. Au Canaves Epitome, nous proposons une gamme de th\u00e9rapies, de soins et&hellip;<\/p>\n","protected":false},"author":1,"featured_media":4622,"parent":9490,"menu_order":0,"comment_status":"closed","ping_status":"closed","template":"canepitome\/wellness.php","meta":{"_acf_changed":false,"footnotes":""},"class_list":["post-9451","page","type-page","status-publish","has-post-thumbnail","hentry","property-epitome-overlay","entry","has-media"],"acf":[],"aioseo_notices":[],"_links":{"self":[{"href":"https:\/\/canaves.com\/fr\/wp-json\/wp\/v2\/pages\/9451","targetHints":{"allow":["GET"]}}],"collection":[{"href":"https:\/\/canaves.com\/fr\/wp-json\/wp\/v2\/pages"}],"about":[{"href":"https:\/\/canaves.com\/fr\/wp-json\/wp\/v2\/types\/page"}],"author":[{"embeddable":true,"href":"https:\/\/canaves.com\/fr\/wp-json\/wp\/v2\/users\/1"}],"replies":[{"embeddable":true,"href":"https:\/\/canaves.com\/fr\/wp-json\/wp\/v2\/comments?post=9451"}],"version-history":[{"count":0,"href":"https:\/\/canaves.com\/fr\/wp-json\/wp\/v2\/pages\/9451\/revisions"}],"up":[{"embeddable":true,"href":"https:\/\/canaves.com\/fr\/wp-json\/wp\/v2\/pages\/9490"}],"wp:featuredmedia":[{"embeddable":true,"href":"https:\/\/canaves.com\/fr\/wp-json\/wp\/v2\/media\/4622"}],"wp:attachment":[{"href":"https:\/\/canaves.com\/fr\/wp-json\/wp\/v2\/media?parent=9451"}],"curies":[{"name":"wp","href":"https:\/\/api.w.org\/{rel}","templated":true}]}}