{"id":9453,"date":"2023-11-27T18:30:53","date_gmt":"2023-11-27T16:30:53","guid":{"rendered":"https:\/\/canaves.com\/the-villas\/"},"modified":"2026-03-24T12:00:05","modified_gmt":"2026-03-24T10:00:05","slug":"the-villas","status":"publish","type":"page","link":"https:\/\/canaves.com\/fr\/the-villas\/","title":{"rendered":"Les Villas"},"content":{"rendered":"<p>L\u2019h\u00e9bergement ultime pour des vacances de luxe en Gr\u00e8ce, notre portefeuille de villas haut de gamme offre un m\u00e9lange parfait de style contemporain et de beaut\u00e9 intemporelle, avec des vues imprenables sur la mer \u00c9g\u00e9e et au-del\u00e0.<\/p>\n<p>Chaque villa est con\u00e7ue pour harmoniser le luxe de la vie avec la beaut\u00e9 naturelle environnante, enrichissant ainsi votre voyage de luxe en Gr\u00e8ce avec un ensemble complet d\u2019\u00e9quipements et de services haut de gamme qui vous laisseront restaur\u00e9 et rajeuni.<\/p>\n","protected":false},"excerpt":{"rendered":"<p>L\u2019h\u00e9bergement ultime pour des vacances de luxe en Gr\u00e8ce, notre portefeuille de villas haut de gamme offre un m\u00e9lange parfait de style contemporain et de beaut\u00e9 intemporelle, avec des vues imprenables sur la mer \u00c9g\u00e9e et au-del\u00e0. Chaque villa est&hellip;<\/p>\n","protected":false},"author":1,"featured_media":4622,"parent":0,"menu_order":0,"comment_status":"closed","ping_status":"closed","template":"canportal\/thevillas.php","meta":{"_acf_changed":false,"footnotes":""},"class_list":["post-9453","page","type-page","status-publish","has-post-thumbnail","hentry","property-portal-overlay","entry","has-media"],"acf":[],"aioseo_notices":[],"_links":{"self":[{"href":"https:\/\/canaves.com\/fr\/wp-json\/wp\/v2\/pages\/9453","targetHints":{"allow":["GET"]}}],"collection":[{"href":"https:\/\/canaves.com\/fr\/wp-json\/wp\/v2\/pages"}],"about":[{"href":"https:\/\/canaves.com\/fr\/wp-json\/wp\/v2\/types\/page"}],"author":[{"embeddable":true,"href":"https:\/\/canaves.com\/fr\/wp-json\/wp\/v2\/users\/1"}],"replies":[{"embeddable":true,"href":"https:\/\/canaves.com\/fr\/wp-json\/wp\/v2\/comments?post=9453"}],"version-history":[{"count":0,"href":"https:\/\/canaves.com\/fr\/wp-json\/wp\/v2\/pages\/9453\/revisions"}],"wp:featuredmedia":[{"embeddable":true,"href":"https:\/\/canaves.com\/fr\/wp-json\/wp\/v2\/media\/4622"}],"wp:attachment":[{"href":"https:\/\/canaves.com\/fr\/wp-json\/wp\/v2\/media?parent=9453"}],"curies":[{"name":"wp","href":"https:\/\/api.w.org\/{rel}","templated":true}]}}