{"id":9462,"date":"2021-01-12T12:27:57","date_gmt":"2021-01-12T10:27:57","guid":{"rendered":"https:\/\/canaves.com\/experiences\/"},"modified":"2026-03-24T11:29:59","modified_gmt":"2026-03-24T09:29:59","slug":"experiences","status":"publish","type":"page","link":"https:\/\/canaves.com\/fr\/canaves-oia-epitome\/experiences\/","title":{"rendered":"Exp\u00e9riences"},"content":{"rendered":"<p>\u00c0 Canaves Epitome, votre s\u00e9jour transcende l\u2019exp\u00e9rience de vacances ordinaire. Savourez la grandeur d\u2019un voyage de luxe \u00e0 Santorin gr\u00e2ce \u00e0 notre s\u00e9lection d\u2019exp\u00e9riences sur mesure. Qu\u2019il s\u2019agisse de naviguer sur les vagues lors d\u2019une exp\u00e9dition en yacht de luxe ou d\u2019explorer le littoral \u00e9nigmatique de l\u2019\u00eele, une multitude d\u2019aventures vous attendent sur cette \u00eele volcanique enchanteresse.  <\/p>\n","protected":false},"excerpt":{"rendered":"<p>\u00c0 Canaves Epitome, votre s\u00e9jour transcende l\u2019exp\u00e9rience de vacances ordinaire. Savourez la grandeur d\u2019un voyage de luxe \u00e0 Santorin gr\u00e2ce \u00e0 notre s\u00e9lection d\u2019exp\u00e9riences sur mesure. Qu\u2019il s\u2019agisse de naviguer sur les vagues lors d\u2019une exp\u00e9dition en yacht de luxe&hellip;<\/p>\n","protected":false},"author":1,"featured_media":4622,"parent":9490,"menu_order":0,"comment_status":"closed","ping_status":"closed","template":"canepitome\/experiences.php","meta":{"_acf_changed":false,"footnotes":""},"class_list":["post-9462","page","type-page","status-publish","has-post-thumbnail","hentry","property-epitome-overlay","entry","has-media"],"acf":[],"aioseo_notices":[],"_links":{"self":[{"href":"https:\/\/canaves.com\/fr\/wp-json\/wp\/v2\/pages\/9462","targetHints":{"allow":["GET"]}}],"collection":[{"href":"https:\/\/canaves.com\/fr\/wp-json\/wp\/v2\/pages"}],"about":[{"href":"https:\/\/canaves.com\/fr\/wp-json\/wp\/v2\/types\/page"}],"author":[{"embeddable":true,"href":"https:\/\/canaves.com\/fr\/wp-json\/wp\/v2\/users\/1"}],"replies":[{"embeddable":true,"href":"https:\/\/canaves.com\/fr\/wp-json\/wp\/v2\/comments?post=9462"}],"version-history":[{"count":0,"href":"https:\/\/canaves.com\/fr\/wp-json\/wp\/v2\/pages\/9462\/revisions"}],"up":[{"embeddable":true,"href":"https:\/\/canaves.com\/fr\/wp-json\/wp\/v2\/pages\/9490"}],"wp:featuredmedia":[{"embeddable":true,"href":"https:\/\/canaves.com\/fr\/wp-json\/wp\/v2\/media\/4622"}],"wp:attachment":[{"href":"https:\/\/canaves.com\/fr\/wp-json\/wp\/v2\/media?parent=9462"}],"curies":[{"name":"wp","href":"https:\/\/api.w.org\/{rel}","templated":true}]}}