{"id":9464,"date":"2020-05-28T09:45:44","date_gmt":"2020-05-28T07:45:44","guid":{"rendered":"https:\/\/canaves.com\/canaves-spa\/"},"modified":"2026-03-24T11:29:28","modified_gmt":"2026-03-24T09:29:28","slug":"canaves-spa","status":"publish","type":"page","link":"https:\/\/canaves.com\/fr\/canaves-spa\/","title":{"rendered":"Meilleur Spa de Santorin | Canaves Oia"},"content":{"rendered":"<p>Am\u00e9nag\u00e9 dans une grotte naturelle, le Canaves Spa dispose de 2 salles de soins, d&rsquo;un studio de manucure, d&rsquo;un bain de vapeur Rasul, d&rsquo;un sauna et d&rsquo;une exceptionnelle salle de soins pour couples en ext\u00e9rieur avec une vue unique sur la Caldera. Notre \u00e9quipe de professionnels du spa et les pratiques d\u00e9licatement s\u00e9lectionn\u00e9es du monde entier s&rsquo;harmonisent pour offrir \u00e0 nos h\u00f4tes une exp\u00e9rience spa inoubliable. Le Spa a \u00e9t\u00e9 transform\u00e9 d&rsquo;une cave \u00e0 vin du XVIIe si\u00e8cle en un spa de luxe sans perdre son charme inh\u00e9rent. Il s&rsquo;agit v\u00e9ritablement d&rsquo;\u00ab un Spa avec une \u00e2me de Santorin \u00bb offrant un parcours client inoubliable avec des soins signature propos\u00e9s par l&rsquo;\u00e9quipe exp\u00e9riment\u00e9e d&rsquo;ExclusivelySpa.   <\/p>\n<p>Le menu de soins du spa comprend le c\u00e9l\u00e8bre Rasul \u00ae, une invention du pionnier du bien-\u00eatre Paul Haslauer, o\u00f9 non seulement la peau est choy\u00e9e et parfaitement soign\u00e9e, mais o\u00f9 votre esprit et votre \u00e2me peuvent \u00e9galement se lib\u00e9rer. Paul Haslauer a transform\u00e9 une c\u00e9r\u00e9monie orientale de nettoyage et de soin de la peau vieille de milliers d&rsquo;ann\u00e9es en un syst\u00e8me moderne devenu un \u00e9l\u00e9ment essentiel de nombreux \u00e9tablissements de spa. Notre menu propose \u00e9galement aux h\u00f4tes des exp\u00e9riences de massage avec les produits Cinq Mondes issus de rituels du monde entier, offrant ainsi des soins de bien-\u00eatre et de relaxation non m\u00e9dicaux.  <\/p>\n<p>&nbsp;<\/p>\n","protected":false},"excerpt":{"rendered":"<p>Am\u00e9nag\u00e9 dans une grotte naturelle, le Canaves Spa dispose de 2 salles de soins, d&rsquo;un studio de manucure, d&rsquo;un bain de vapeur Rasul, d&rsquo;un sauna et d&rsquo;une exceptionnelle salle de soins pour couples en ext\u00e9rieur avec une vue unique sur&hellip;<\/p>\n","protected":false},"author":1,"featured_media":4622,"parent":0,"menu_order":0,"comment_status":"closed","ping_status":"closed","template":"portal\/canavaspa.php","meta":{"_acf_changed":false,"footnotes":""},"class_list":["post-9464","page","type-page","status-publish","has-post-thumbnail","hentry","entry","has-media"],"acf":[],"aioseo_notices":[],"_links":{"self":[{"href":"https:\/\/canaves.com\/fr\/wp-json\/wp\/v2\/pages\/9464","targetHints":{"allow":["GET"]}}],"collection":[{"href":"https:\/\/canaves.com\/fr\/wp-json\/wp\/v2\/pages"}],"about":[{"href":"https:\/\/canaves.com\/fr\/wp-json\/wp\/v2\/types\/page"}],"author":[{"embeddable":true,"href":"https:\/\/canaves.com\/fr\/wp-json\/wp\/v2\/users\/1"}],"replies":[{"embeddable":true,"href":"https:\/\/canaves.com\/fr\/wp-json\/wp\/v2\/comments?post=9464"}],"version-history":[{"count":0,"href":"https:\/\/canaves.com\/fr\/wp-json\/wp\/v2\/pages\/9464\/revisions"}],"wp:featuredmedia":[{"embeddable":true,"href":"https:\/\/canaves.com\/fr\/wp-json\/wp\/v2\/media\/4622"}],"wp:attachment":[{"href":"https:\/\/canaves.com\/fr\/wp-json\/wp\/v2\/media?parent=9464"}],"curies":[{"name":"wp","href":"https:\/\/api.w.org\/{rel}","templated":true}]}}