{"id":9477,"date":"2018-06-04T13:11:31","date_gmt":"2018-06-04T11:11:31","guid":{"rendered":"https:\/\/canaves.com\/accommodations\/"},"modified":"2026-03-24T11:29:58","modified_gmt":"2026-03-24T09:29:58","slug":"accommodations","status":"publish","type":"page","link":"https:\/\/canaves.com\/fr\/canaves-oia-epitome\/accommodations\/","title":{"rendered":"H\u00e9bergements"},"content":{"rendered":"<p>Les suites et villas de luxe du Canaves Epitome offrent une harmonie d&rsquo;espaces g\u00e9n\u00e9reux, de design \u00e9l\u00e9gant et d&rsquo;un cadre \u00e9poustouflant. Les int\u00e9rieurs spacieux se prolongent dans de somptueux espaces de vie ext\u00e9rieurs, o\u00f9 des piscines priv\u00e9es \u00e0 d\u00e9bordement et des panoramas sur la caldeira et la mer \u00c9g\u00e9e \u00e9veillent un sentiment d&rsquo;\u00e9merveillement. <\/p>\n","protected":false},"excerpt":{"rendered":"<p>Les suites et villas de luxe du Canaves Epitome offrent une harmonie d&rsquo;espaces g\u00e9n\u00e9reux, de design \u00e9l\u00e9gant et d&rsquo;un cadre \u00e9poustouflant. Les int\u00e9rieurs spacieux se prolongent dans de somptueux espaces de vie ext\u00e9rieurs, o\u00f9 des piscines priv\u00e9es \u00e0 d\u00e9bordement et&hellip;<\/p>\n","protected":false},"author":1,"featured_media":4622,"parent":9490,"menu_order":0,"comment_status":"closed","ping_status":"closed","template":"canepitome\/rooms.php","meta":{"_acf_changed":false,"footnotes":""},"class_list":["post-9477","page","type-page","status-publish","has-post-thumbnail","hentry","property-epitome","entry","has-media"],"acf":[],"aioseo_notices":[],"_links":{"self":[{"href":"https:\/\/canaves.com\/fr\/wp-json\/wp\/v2\/pages\/9477","targetHints":{"allow":["GET"]}}],"collection":[{"href":"https:\/\/canaves.com\/fr\/wp-json\/wp\/v2\/pages"}],"about":[{"href":"https:\/\/canaves.com\/fr\/wp-json\/wp\/v2\/types\/page"}],"author":[{"embeddable":true,"href":"https:\/\/canaves.com\/fr\/wp-json\/wp\/v2\/users\/1"}],"replies":[{"embeddable":true,"href":"https:\/\/canaves.com\/fr\/wp-json\/wp\/v2\/comments?post=9477"}],"version-history":[{"count":0,"href":"https:\/\/canaves.com\/fr\/wp-json\/wp\/v2\/pages\/9477\/revisions"}],"up":[{"embeddable":true,"href":"https:\/\/canaves.com\/fr\/wp-json\/wp\/v2\/pages\/9490"}],"wp:featuredmedia":[{"embeddable":true,"href":"https:\/\/canaves.com\/fr\/wp-json\/wp\/v2\/media\/4622"}],"wp:attachment":[{"href":"https:\/\/canaves.com\/fr\/wp-json\/wp\/v2\/media?parent=9477"}],"curies":[{"name":"wp","href":"https:\/\/api.w.org\/{rel}","templated":true}]}}