{"id":9481,"date":"2017-11-06T11:53:38","date_gmt":"2017-11-06T09:53:38","guid":{"rendered":"https:\/\/canaves.com\/weddings-oia-santorini-island\/"},"modified":"2026-03-24T11:30:40","modified_gmt":"2026-03-24T09:30:40","slug":"weddings-oia-santorini-island","status":"publish","type":"page","link":"https:\/\/canaves.com\/fr\/canaves-oia-epitome\/weddings-oia-santorini-island\/","title":{"rendered":"Mariages et \u00e9v\u00e9nements"},"content":{"rendered":"<p>La brise marine fra\u00eeche de la mer \u00c9g\u00e9e, les couchers de soleil \u00e0 couper le souffle et les vues fascinantes sur la mer \u00c9g\u00e9e et la caldeira cr\u00e9ent le cadre le plus romantique pour prononcer le \u00ab oui \u00bb tant attendu. Laissez votre r\u00eave d&rsquo;un mariage de conte de f\u00e9es devenir r\u00e9alit\u00e9 dans le d\u00e9cor spectaculaire et impressionnant de Santorin et l&rsquo;\u00e9l\u00e9gance luxueuse de l&rsquo;un des meilleurs h\u00f4tels de Santorin, le Canaves Epitome. <\/p>\n","protected":false},"excerpt":{"rendered":"<p>La brise marine fra\u00eeche de la mer \u00c9g\u00e9e, les couchers de soleil \u00e0 couper le souffle et les vues fascinantes sur la mer \u00c9g\u00e9e et la caldeira cr\u00e9ent le cadre le plus romantique pour prononcer le \u00ab oui \u00bb tant&hellip;<\/p>\n","protected":false},"author":1,"featured_media":4622,"parent":9490,"menu_order":0,"comment_status":"closed","ping_status":"closed","template":"canepitome\/weddings.php","meta":{"_acf_changed":false,"footnotes":""},"class_list":["post-9481","page","type-page","status-publish","has-post-thumbnail","hentry","property-epitome-overlay","entry","has-media"],"acf":[],"aioseo_notices":[],"_links":{"self":[{"href":"https:\/\/canaves.com\/fr\/wp-json\/wp\/v2\/pages\/9481","targetHints":{"allow":["GET"]}}],"collection":[{"href":"https:\/\/canaves.com\/fr\/wp-json\/wp\/v2\/pages"}],"about":[{"href":"https:\/\/canaves.com\/fr\/wp-json\/wp\/v2\/types\/page"}],"author":[{"embeddable":true,"href":"https:\/\/canaves.com\/fr\/wp-json\/wp\/v2\/users\/1"}],"replies":[{"embeddable":true,"href":"https:\/\/canaves.com\/fr\/wp-json\/wp\/v2\/comments?post=9481"}],"version-history":[{"count":0,"href":"https:\/\/canaves.com\/fr\/wp-json\/wp\/v2\/pages\/9481\/revisions"}],"up":[{"embeddable":true,"href":"https:\/\/canaves.com\/fr\/wp-json\/wp\/v2\/pages\/9490"}],"wp:featuredmedia":[{"embeddable":true,"href":"https:\/\/canaves.com\/fr\/wp-json\/wp\/v2\/media\/4622"}],"wp:attachment":[{"href":"https:\/\/canaves.com\/fr\/wp-json\/wp\/v2\/media?parent=9481"}],"curies":[{"name":"wp","href":"https:\/\/api.w.org\/{rel}","templated":true}]}}