{"id":9483,"date":"2017-10-30T21:16:24","date_gmt":"2017-10-30T19:16:24","guid":{"rendered":"https:\/\/canaves.com\/about\/"},"modified":"2026-03-24T11:30:07","modified_gmt":"2026-03-24T09:30:07","slug":"about","status":"publish","type":"page","link":"https:\/\/canaves.com\/fr\/canaves-oia-epitome\/about\/","title":{"rendered":"\u00c0 propos"},"content":{"rendered":"<p>Bienvenue au Canaves Epitome, un h\u00f4tel de retraite luxueux et serein de 53 suites et villas offrant l\u2019exp\u00e9rience la plus unique de coucher de soleil \u00e0 Oia, Santorin. Construit en 2018, l\u2019h\u00f4tel est situ\u00e9 juste \u00e0 l\u2019ext\u00e9rieur de la ville anim\u00e9e d\u2019Oia. Cet \u00e9tablissement exclusif est parfait pour les couples comme pour les familles, alliant intimit\u00e9 ultime, espace, ainsi qu\u2019un h\u00e9bergement et des services de luxe de premier plan. Offrant des vues sur le coucher de soleil et des piscines dans chaque suite, la plus grande piscine de toit de Santorin (800 m\u00b2) et une exp\u00e9rience gastronomique multi-r\u00e9compens\u00e9e au restaurant Elements, le Canaves Epitome est un choix id\u00e9al pour ceux qui recherchent la tranquillit\u00e9 avec la commodit\u00e9 d\u2019\u00eatre \u00e0 seulement 2 minutes en navette gratuite des c\u00e9l\u00e8bres attractions d\u2019Oia.<\/p>\n","protected":false},"excerpt":{"rendered":"<p>Bienvenue au Canaves Epitome, un h\u00f4tel de retraite luxueux et serein de 53 suites et villas offrant l\u2019exp\u00e9rience la plus unique de coucher de soleil \u00e0 Oia, Santorin. Construit en 2018, l\u2019h\u00f4tel est situ\u00e9 juste \u00e0 l\u2019ext\u00e9rieur de la ville&hellip;<\/p>\n","protected":false},"author":1,"featured_media":4622,"parent":9490,"menu_order":0,"comment_status":"closed","ping_status":"closed","template":"canepitome\/about.php","meta":{"_acf_changed":false,"footnotes":""},"class_list":["post-9483","page","type-page","status-publish","has-post-thumbnail","hentry","property-epitome-overlay","entry","has-media"],"acf":[],"aioseo_notices":[],"_links":{"self":[{"href":"https:\/\/canaves.com\/fr\/wp-json\/wp\/v2\/pages\/9483","targetHints":{"allow":["GET"]}}],"collection":[{"href":"https:\/\/canaves.com\/fr\/wp-json\/wp\/v2\/pages"}],"about":[{"href":"https:\/\/canaves.com\/fr\/wp-json\/wp\/v2\/types\/page"}],"author":[{"embeddable":true,"href":"https:\/\/canaves.com\/fr\/wp-json\/wp\/v2\/users\/1"}],"replies":[{"embeddable":true,"href":"https:\/\/canaves.com\/fr\/wp-json\/wp\/v2\/comments?post=9483"}],"version-history":[{"count":0,"href":"https:\/\/canaves.com\/fr\/wp-json\/wp\/v2\/pages\/9483\/revisions"}],"up":[{"embeddable":true,"href":"https:\/\/canaves.com\/fr\/wp-json\/wp\/v2\/pages\/9490"}],"wp:featuredmedia":[{"embeddable":true,"href":"https:\/\/canaves.com\/fr\/wp-json\/wp\/v2\/media\/4622"}],"wp:attachment":[{"href":"https:\/\/canaves.com\/fr\/wp-json\/wp\/v2\/media?parent=9483"}],"curies":[{"name":"wp","href":"https:\/\/api.w.org\/{rel}","templated":true}]}}