{"id":9485,"date":"2017-10-30T21:12:33","date_gmt":"2017-10-30T19:12:33","guid":{"rendered":"https:\/\/canaves.com\/about-2\/"},"modified":"2026-03-24T11:30:40","modified_gmt":"2026-03-24T09:30:40","slug":"about","status":"publish","type":"page","link":"https:\/\/canaves.com\/fr\/canaves-sunday\/about\/","title":{"rendered":"\u00c0 propos"},"content":{"rendered":"<p>Bienvenue \u00e0 Canaves Sunday, un h\u00f4tel-boutique de luxe exquis situ\u00e9 au c\u0153ur m\u00eame du charmant village d&rsquo;Oia. Offrant un acc\u00e8s in\u00e9gal\u00e9 \u00e0 l&rsquo;atmosph\u00e8re vibrante de l&rsquo;\u00eele, Canaves Sunday est la destination id\u00e9ale pour les voyageurs en qu\u00eate d&rsquo;aventure et de tranquillit\u00e9. Avec seulement huit suites exclusives, cette propri\u00e9t\u00e9 intimiste offre \u00e0 ses h\u00f4tes une exp\u00e9rience unique, semblable \u00e0 un s\u00e9jour dans la luxueuse demeure d&rsquo;un ami grec.  <\/p>\n","protected":false},"excerpt":{"rendered":"<p>Bienvenue \u00e0 Canaves Sunday, un h\u00f4tel-boutique de luxe exquis situ\u00e9 au c\u0153ur m\u00eame du charmant village d&rsquo;Oia. Offrant un acc\u00e8s in\u00e9gal\u00e9 \u00e0 l&rsquo;atmosph\u00e8re vibrante de l&rsquo;\u00eele, Canaves Sunday est la destination id\u00e9ale pour les voyageurs en qu\u00eate d&rsquo;aventure et de&hellip;<\/p>\n","protected":false},"author":1,"featured_media":4622,"parent":9514,"menu_order":0,"comment_status":"closed","ping_status":"closed","template":"cansunday\/about.php","meta":{"_acf_changed":false,"footnotes":""},"class_list":["post-9485","page","type-page","status-publish","has-post-thumbnail","hentry","property-sunday-suites-overlay","entry","has-media"],"acf":[],"aioseo_notices":[],"_links":{"self":[{"href":"https:\/\/canaves.com\/fr\/wp-json\/wp\/v2\/pages\/9485","targetHints":{"allow":["GET"]}}],"collection":[{"href":"https:\/\/canaves.com\/fr\/wp-json\/wp\/v2\/pages"}],"about":[{"href":"https:\/\/canaves.com\/fr\/wp-json\/wp\/v2\/types\/page"}],"author":[{"embeddable":true,"href":"https:\/\/canaves.com\/fr\/wp-json\/wp\/v2\/users\/1"}],"replies":[{"embeddable":true,"href":"https:\/\/canaves.com\/fr\/wp-json\/wp\/v2\/comments?post=9485"}],"version-history":[{"count":0,"href":"https:\/\/canaves.com\/fr\/wp-json\/wp\/v2\/pages\/9485\/revisions"}],"up":[{"embeddable":true,"href":"https:\/\/canaves.com\/fr\/wp-json\/wp\/v2\/pages\/9514"}],"wp:featuredmedia":[{"embeddable":true,"href":"https:\/\/canaves.com\/fr\/wp-json\/wp\/v2\/media\/4622"}],"wp:attachment":[{"href":"https:\/\/canaves.com\/fr\/wp-json\/wp\/v2\/media?parent=9485"}],"curies":[{"name":"wp","href":"https:\/\/api.w.org\/{rel}","templated":true}]}}