{"id":9487,"date":"2017-10-30T21:07:51","date_gmt":"2017-10-30T19:07:51","guid":{"rendered":"https:\/\/canaves.com\/about-2\/"},"modified":"2026-03-24T11:37:00","modified_gmt":"2026-03-24T09:37:00","slug":"about","status":"publish","type":"page","link":"https:\/\/canaves.com\/fr\/canaves-oia-hotel-ena\/about\/","title":{"rendered":"\u00c0 propos"},"content":{"rendered":"<p>Bienvenue \u00e0 Canaves Ena, un magnifique h\u00f4tel de luxe de 18 suites qui capture l&rsquo;essence de la riche histoire et de l&rsquo;\u00e9l\u00e9gance moderne de Santorin. R\u00e9cemment r\u00e9nov\u00e9 en 2024, cet \u00e9tablissement est le premier de la Collection Canaves et s&rsquo;inspire des \u00ab canaves \u00bb originaux du XVIIe si\u00e8cle, traditionnellement utilis\u00e9s par les Santorinois pour stocker leur vin. Nich\u00e9 au point le plus \u00e9lev\u00e9 d&rsquo;Oia, Canaves Ena offre \u00e0 ses h\u00f4tes des vues imprenables, un minimum de marches et une intimit\u00e9 maximale, ce qui en fait la destination id\u00e9ale pour les couples en qu\u00eate d&rsquo;une escapade romantique, que ce soit pour une lune de miel ou une c\u00e9l\u00e9bration d&rsquo;anniversaire.  <\/p>\n","protected":false},"excerpt":{"rendered":"<p>Bienvenue \u00e0 Canaves Ena, un magnifique h\u00f4tel de luxe de 18 suites qui capture l&rsquo;essence de la riche histoire et de l&rsquo;\u00e9l\u00e9gance moderne de Santorin. R\u00e9cemment r\u00e9nov\u00e9 en 2024, cet \u00e9tablissement est le premier de la Collection Canaves et s&rsquo;inspire&hellip;<\/p>\n","protected":false},"author":1,"featured_media":4622,"parent":9563,"menu_order":0,"comment_status":"closed","ping_status":"closed","template":"canena\/about.php","meta":{"_acf_changed":false,"footnotes":""},"class_list":["post-9487","page","type-page","status-publish","has-post-thumbnail","hentry","property-ena-overlay","entry","has-media"],"acf":[],"aioseo_notices":[],"_links":{"self":[{"href":"https:\/\/canaves.com\/fr\/wp-json\/wp\/v2\/pages\/9487","targetHints":{"allow":["GET"]}}],"collection":[{"href":"https:\/\/canaves.com\/fr\/wp-json\/wp\/v2\/pages"}],"about":[{"href":"https:\/\/canaves.com\/fr\/wp-json\/wp\/v2\/types\/page"}],"author":[{"embeddable":true,"href":"https:\/\/canaves.com\/fr\/wp-json\/wp\/v2\/users\/1"}],"replies":[{"embeddable":true,"href":"https:\/\/canaves.com\/fr\/wp-json\/wp\/v2\/comments?post=9487"}],"version-history":[{"count":0,"href":"https:\/\/canaves.com\/fr\/wp-json\/wp\/v2\/pages\/9487\/revisions"}],"up":[{"embeddable":true,"href":"https:\/\/canaves.com\/fr\/wp-json\/wp\/v2\/pages\/9563"}],"wp:featuredmedia":[{"embeddable":true,"href":"https:\/\/canaves.com\/fr\/wp-json\/wp\/v2\/media\/4622"}],"wp:attachment":[{"href":"https:\/\/canaves.com\/fr\/wp-json\/wp\/v2\/media?parent=9487"}],"curies":[{"name":"wp","href":"https:\/\/api.w.org\/{rel}","templated":true}]}}