{"id":9490,"date":"2017-10-16T19:00:19","date_gmt":"2017-10-16T17:00:19","guid":{"rendered":"https:\/\/canaves.com\/canaves-oia-epitome\/"},"modified":"2026-03-24T11:30:38","modified_gmt":"2026-03-24T09:30:38","slug":"canaves-oia-epitome","status":"publish","type":"page","link":"https:\/\/canaves.com\/fr\/canaves-oia-epitome\/","title":{"rendered":"Canaves Epitome"},"content":{"rendered":"<p><span style=\"font-weight: 400;\">Con\u00e7u \u00e0 partir de la roche volcanique de Santorin, d\u00e9couvrez un havre de paix luxuriant o\u00f9 l\u2019architecture cycladique traditionnelle se marie avec des mat\u00e9riaux naturels et une esth\u00e9tique intemporelle. Id\u00e9al pour les escapades romantiques, les s\u00e9jours en famille et m\u00eame les groupes en qu\u00eate d\u2019une exp\u00e9rience unique, ce <\/span>complexe de luxe \u00e0 Santorin<b>,<\/b><span style=\"font-weight: 400;\"> perch\u00e9 au-dessus du pittoresque village de p\u00eacheurs d\u2019Ammoudi, est la seule propri\u00e9t\u00e9 de l\u2019\u00eele \u00e0 offrir des vues sur la mer et le coucher de soleil depuis chaque chambre. Un monde de pure indulgence et de s\u00e9r\u00e9nit\u00e9.<\/span><\/p>\n","protected":false},"excerpt":{"rendered":"<p>Con\u00e7u \u00e0 partir de la roche volcanique de Santorin, d\u00e9couvrez un havre de paix luxuriant o\u00f9 l\u2019architecture cycladique traditionnelle se marie avec des mat\u00e9riaux naturels et une esth\u00e9tique intemporelle. Id\u00e9al pour les escapades romantiques, les s\u00e9jours en famille et m\u00eame&hellip;<\/p>\n","protected":false},"author":1,"featured_media":4622,"parent":0,"menu_order":0,"comment_status":"closed","ping_status":"closed","template":"canepitome\/home.php","meta":{"_acf_changed":false,"footnotes":""},"class_list":["post-9490","page","type-page","status-publish","has-post-thumbnail","hentry","property-epitome-overlay","entry","has-media"],"acf":[],"aioseo_notices":[],"_links":{"self":[{"href":"https:\/\/canaves.com\/fr\/wp-json\/wp\/v2\/pages\/9490","targetHints":{"allow":["GET"]}}],"collection":[{"href":"https:\/\/canaves.com\/fr\/wp-json\/wp\/v2\/pages"}],"about":[{"href":"https:\/\/canaves.com\/fr\/wp-json\/wp\/v2\/types\/page"}],"author":[{"embeddable":true,"href":"https:\/\/canaves.com\/fr\/wp-json\/wp\/v2\/users\/1"}],"replies":[{"embeddable":true,"href":"https:\/\/canaves.com\/fr\/wp-json\/wp\/v2\/comments?post=9490"}],"version-history":[{"count":0,"href":"https:\/\/canaves.com\/fr\/wp-json\/wp\/v2\/pages\/9490\/revisions"}],"wp:featuredmedia":[{"embeddable":true,"href":"https:\/\/canaves.com\/fr\/wp-json\/wp\/v2\/media\/4622"}],"wp:attachment":[{"href":"https:\/\/canaves.com\/fr\/wp-json\/wp\/v2\/media?parent=9490"}],"curies":[{"name":"wp","href":"https:\/\/api.w.org\/{rel}","templated":true}]}}