{"id":9492,"date":"2017-10-04T12:48:39","date_gmt":"2017-10-04T10:48:39","guid":{"rendered":"https:\/\/canaves.com\/our-story\/"},"modified":"2026-03-24T11:30:50","modified_gmt":"2026-03-24T09:30:50","slug":"our-story","status":"publish","type":"page","link":"https:\/\/canaves.com\/fr\/our-story\/","title":{"rendered":"Notre Histoire"},"content":{"rendered":"<p>Au d\u00e9but des ann\u00e9es 1980, la famille Chaidemenos s&rsquo;est lanc\u00e9e dans une entreprise pionni\u00e8re qui allait changer \u00e0 jamais le paysage d&rsquo;Oia, Santorin. Parmi les premi\u00e8res familles \u00e0 introduire le tourisme dans ce paisible village de p\u00eacheurs, Yiannis et Anna Chaidemenos ont transform\u00e9 un ensemble de grottes du XVIIe si\u00e8cle, principalement utilis\u00e9es pour le stockage du vin, en h\u00e9bergements avant-gardistes, qui sont devenus certains des meilleurs h\u00f4tels o\u00f9 s\u00e9journer \u00e0 Santorin.<\/p>\n<p>Partant de seulement deux grottes, la famille Chaidemenos a cultiv\u00e9 sa vision pendant quatre d\u00e9cennies. Aujourd&rsquo;hui, l&rsquo;h\u00e9ritage de Yiannis et Anna Chaidemenos a \u00e9t\u00e9 transmis \u00e0 la g\u00e9n\u00e9ration suivante, pr\u00e9servant Canaves Collection en tant qu&rsquo;entreprise familiale. Elle continue de prosp\u00e9rer, incarnant le luxe, la sophistication et l&rsquo;attrait unique de Santorin.<\/p>\n","protected":false},"excerpt":{"rendered":"<p>Au d\u00e9but des ann\u00e9es 1980, la famille Chaidemenos s&rsquo;est lanc\u00e9e dans une entreprise pionni\u00e8re qui allait changer \u00e0 jamais le paysage d&rsquo;Oia, Santorin. Parmi les premi\u00e8res familles \u00e0 introduire le tourisme dans ce paisible village de p\u00eacheurs, Yiannis et Anna&hellip;<\/p>\n","protected":false},"author":1,"featured_media":9494,"parent":0,"menu_order":0,"comment_status":"closed","ping_status":"closed","template":"canportal\/about.php","meta":{"_acf_changed":false,"footnotes":""},"class_list":["post-9492","page","type-page","status-publish","has-post-thumbnail","hentry","property-portal-overlay","entry","has-media"],"acf":[],"aioseo_notices":[],"_links":{"self":[{"href":"https:\/\/canaves.com\/fr\/wp-json\/wp\/v2\/pages\/9492","targetHints":{"allow":["GET"]}}],"collection":[{"href":"https:\/\/canaves.com\/fr\/wp-json\/wp\/v2\/pages"}],"about":[{"href":"https:\/\/canaves.com\/fr\/wp-json\/wp\/v2\/types\/page"}],"author":[{"embeddable":true,"href":"https:\/\/canaves.com\/fr\/wp-json\/wp\/v2\/users\/1"}],"replies":[{"embeddable":true,"href":"https:\/\/canaves.com\/fr\/wp-json\/wp\/v2\/comments?post=9492"}],"version-history":[{"count":0,"href":"https:\/\/canaves.com\/fr\/wp-json\/wp\/v2\/pages\/9492\/revisions"}],"wp:featuredmedia":[{"embeddable":true,"href":"https:\/\/canaves.com\/fr\/wp-json\/wp\/v2\/media\/9494"}],"wp:attachment":[{"href":"https:\/\/canaves.com\/fr\/wp-json\/wp\/v2\/media?parent=9492"}],"curies":[{"name":"wp","href":"https:\/\/api.w.org\/{rel}","templated":true}]}}