{"id":9496,"date":"2017-10-04T12:25:28","date_gmt":"2017-10-04T10:25:28","guid":{"rendered":"https:\/\/canaves.com\/dining\/"},"modified":"2026-03-24T11:30:49","modified_gmt":"2026-03-24T09:30:49","slug":"dining","status":"publish","type":"page","link":"https:\/\/canaves.com\/fr\/dining\/","title":{"rendered":"Restauration"},"content":{"rendered":"<p>Laissez-vous tenter par la cuisine la plus raffin\u00e9e dans les cinq restaurants exceptionnels de la Canaves Collection, chacun avec son propre charme distinctif. De l&rsquo;ambiance d\u00e9contract\u00e9e des tapas et cocktails \u00e0 l&rsquo;attrait sophistiqu\u00e9 de la haute gastronomie, nous vous invitons \u00e0 un festin pour les sens, un m\u00e9lange m\u00e9ticuleux de cuisine exquise, de vins sensationnels et de vues envo\u00fbtantes sur la mer \u00c9g\u00e9e.<\/p>\n","protected":false},"excerpt":{"rendered":"<p>Laissez-vous tenter par la cuisine la plus raffin\u00e9e dans les cinq restaurants exceptionnels de la Canaves Collection, chacun avec son propre charme distinctif. De l&rsquo;ambiance d\u00e9contract\u00e9e des tapas et cocktails \u00e0 l&rsquo;attrait sophistiqu\u00e9 de la haute gastronomie, nous vous invitons&hellip;<\/p>\n","protected":false},"author":1,"featured_media":4622,"parent":0,"menu_order":0,"comment_status":"closed","ping_status":"closed","template":"canportal\/dining.php","meta":{"_acf_changed":false,"footnotes":""},"class_list":["post-9496","page","type-page","status-publish","has-post-thumbnail","hentry","property-portal-overlay","entry","has-media"],"acf":[],"aioseo_notices":[],"_links":{"self":[{"href":"https:\/\/canaves.com\/fr\/wp-json\/wp\/v2\/pages\/9496","targetHints":{"allow":["GET"]}}],"collection":[{"href":"https:\/\/canaves.com\/fr\/wp-json\/wp\/v2\/pages"}],"about":[{"href":"https:\/\/canaves.com\/fr\/wp-json\/wp\/v2\/types\/page"}],"author":[{"embeddable":true,"href":"https:\/\/canaves.com\/fr\/wp-json\/wp\/v2\/users\/1"}],"replies":[{"embeddable":true,"href":"https:\/\/canaves.com\/fr\/wp-json\/wp\/v2\/comments?post=9496"}],"version-history":[{"count":0,"href":"https:\/\/canaves.com\/fr\/wp-json\/wp\/v2\/pages\/9496\/revisions"}],"wp:featuredmedia":[{"embeddable":true,"href":"https:\/\/canaves.com\/fr\/wp-json\/wp\/v2\/media\/4622"}],"wp:attachment":[{"href":"https:\/\/canaves.com\/fr\/wp-json\/wp\/v2\/media?parent=9496"}],"curies":[{"name":"wp","href":"https:\/\/api.w.org\/{rel}","templated":true}]}}