{"id":9498,"date":"2017-10-02T14:07:21","date_gmt":"2017-10-02T12:07:21","guid":{"rendered":"https:\/\/canaves.com\/hotels\/"},"modified":"2026-03-24T11:30:59","modified_gmt":"2026-03-24T09:30:59","slug":"hotels","status":"publish","type":"page","link":"https:\/\/canaves.com\/fr\/hotels\/","title":{"rendered":"H\u00f4tels"},"content":{"rendered":"<p>Un havre de paix et de raffinement, nich\u00e9 dans le cadre \u00e9poustouflant des mers azur et des couchers de soleil dor\u00e9s de Santorin. Canaves Collection vous invite dans un monde d&rsquo;\u00e9l\u00e9gance et de s\u00e9r\u00e9nit\u00e9 in\u00e9gal\u00e9es. Impr\u00e9gn\u00e9es de l&rsquo;histoire de l&rsquo;\u00eele, ces r\u00e9sidences uniques combinent des suites et villas somptueuses, des piscines \u00e0 d\u00e9bordement exquises et un service personnalis\u00e9 qui d\u00e9finit l&rsquo;art de l&rsquo;hospitalit\u00e9. Canaves Collection compte quatre propri\u00e9t\u00e9s, chacune avec son propre design et caract\u00e8re, r\u00e9pondant \u00e0 des go\u00fbts et pr\u00e9f\u00e9rences sp\u00e9cifiques.   <\/p>\n","protected":false},"excerpt":{"rendered":"<p>Un havre de paix et de raffinement, nich\u00e9 dans le cadre \u00e9poustouflant des mers azur et des couchers de soleil dor\u00e9s de Santorin. Canaves Collection vous invite dans un monde d&rsquo;\u00e9l\u00e9gance et de s\u00e9r\u00e9nit\u00e9 in\u00e9gal\u00e9es. Impr\u00e9gn\u00e9es de l&rsquo;histoire de l&rsquo;\u00eele,&hellip;<\/p>\n","protected":false},"author":1,"featured_media":4622,"parent":0,"menu_order":0,"comment_status":"closed","ping_status":"closed","template":"canportal\/hotels.php","meta":{"_acf_changed":false,"footnotes":""},"class_list":["post-9498","page","type-page","status-publish","has-post-thumbnail","hentry","property-portal-overlay","entry","has-media"],"acf":[],"aioseo_notices":[],"_links":{"self":[{"href":"https:\/\/canaves.com\/fr\/wp-json\/wp\/v2\/pages\/9498","targetHints":{"allow":["GET"]}}],"collection":[{"href":"https:\/\/canaves.com\/fr\/wp-json\/wp\/v2\/pages"}],"about":[{"href":"https:\/\/canaves.com\/fr\/wp-json\/wp\/v2\/types\/page"}],"author":[{"embeddable":true,"href":"https:\/\/canaves.com\/fr\/wp-json\/wp\/v2\/users\/1"}],"replies":[{"embeddable":true,"href":"https:\/\/canaves.com\/fr\/wp-json\/wp\/v2\/comments?post=9498"}],"version-history":[{"count":0,"href":"https:\/\/canaves.com\/fr\/wp-json\/wp\/v2\/pages\/9498\/revisions"}],"wp:featuredmedia":[{"embeddable":true,"href":"https:\/\/canaves.com\/fr\/wp-json\/wp\/v2\/media\/4622"}],"wp:attachment":[{"href":"https:\/\/canaves.com\/fr\/wp-json\/wp\/v2\/media?parent=9498"}],"curies":[{"name":"wp","href":"https:\/\/api.w.org\/{rel}","templated":true}]}}