{"id":9500,"date":"2017-02-09T11:54:57","date_gmt":"2017-02-09T09:54:57","guid":{"rendered":"https:\/\/canaves.com\/dining-2\/"},"modified":"2026-03-24T11:30:59","modified_gmt":"2026-03-24T09:30:59","slug":"dining","status":"publish","type":"page","link":"https:\/\/canaves.com\/fr\/canaves-sunday\/dining\/","title":{"rendered":"Restauration"},"content":{"rendered":"<p>Qu\u2019il s\u2019agisse d\u2019un d\u00eener raffin\u00e9 au Sunset bar pour savourer une s\u00e9lection de sushis artisanaux, ou de succomber \u00e0 la tentation d\u2019un d\u00eener en chambre dans l\u2019intimit\u00e9 \u00e9toil\u00e9e de votre v\u00e9randa, le Canaves Sunday propose une alliance de saveurs exquises en parfaite harmonie avec la d\u00e9licatesse de votre environnement.<\/p>\n","protected":false},"excerpt":{"rendered":"<p>Qu\u2019il s\u2019agisse d\u2019un d\u00eener raffin\u00e9 au Sunset bar pour savourer une s\u00e9lection de sushis artisanaux, ou de succomber \u00e0 la tentation d\u2019un d\u00eener en chambre dans l\u2019intimit\u00e9 \u00e9toil\u00e9e de votre v\u00e9randa, le Canaves Sunday propose une alliance de saveurs exquises&hellip;<\/p>\n","protected":false},"author":1,"featured_media":9502,"parent":9514,"menu_order":0,"comment_status":"closed","ping_status":"closed","template":"cansunday\/dining.php","meta":{"_acf_changed":false,"footnotes":""},"class_list":["post-9500","page","type-page","status-publish","has-post-thumbnail","hentry","property-sunday-suites-overlay","entry","has-media"],"acf":[],"aioseo_notices":[],"_links":{"self":[{"href":"https:\/\/canaves.com\/fr\/wp-json\/wp\/v2\/pages\/9500","targetHints":{"allow":["GET"]}}],"collection":[{"href":"https:\/\/canaves.com\/fr\/wp-json\/wp\/v2\/pages"}],"about":[{"href":"https:\/\/canaves.com\/fr\/wp-json\/wp\/v2\/types\/page"}],"author":[{"embeddable":true,"href":"https:\/\/canaves.com\/fr\/wp-json\/wp\/v2\/users\/1"}],"replies":[{"embeddable":true,"href":"https:\/\/canaves.com\/fr\/wp-json\/wp\/v2\/comments?post=9500"}],"version-history":[{"count":0,"href":"https:\/\/canaves.com\/fr\/wp-json\/wp\/v2\/pages\/9500\/revisions"}],"up":[{"embeddable":true,"href":"https:\/\/canaves.com\/fr\/wp-json\/wp\/v2\/pages\/9514"}],"wp:featuredmedia":[{"embeddable":true,"href":"https:\/\/canaves.com\/fr\/wp-json\/wp\/v2\/media\/9502"}],"wp:attachment":[{"href":"https:\/\/canaves.com\/fr\/wp-json\/wp\/v2\/media?parent=9500"}],"curies":[{"name":"wp","href":"https:\/\/api.w.org\/{rel}","templated":true}]}}