{"id":9503,"date":"2017-02-08T21:04:22","date_gmt":"2017-02-08T19:04:22","guid":{"rendered":"https:\/\/canaves.com\/experiences\/"},"modified":"2026-03-24T11:31:15","modified_gmt":"2026-03-24T09:31:15","slug":"experiences","status":"publish","type":"page","link":"https:\/\/canaves.com\/fr\/canaves-sunday\/experiences\/","title":{"rendered":"Exp\u00e9riences"},"content":{"rendered":"<p><span style=\"font-weight: 400;\">Chez Canaves Sunday, votre s\u00e9jour transcende l\u2019exp\u00e9rience de vacances ordinaire. D\u00e9lectez-vous de la grandeur du <\/span>voyage de luxe \u00e0 Santorin<span style=\"font-weight: 400;\"> avec notre s\u00e9lection d\u2019exp\u00e9riences sur mesure. Que vous voguiez sur les flots lors d\u2019une exp\u00e9dition luxueuse en yacht ou que vous exploriez le littoral \u00e9nigmatique de l\u2019\u00eele, une multitude d\u2019aventures vous attendent sur cette \u00eele volcanique enchanteresse.<\/span><\/p>\n","protected":false},"excerpt":{"rendered":"<p>Chez Canaves Sunday, votre s\u00e9jour transcende l\u2019exp\u00e9rience de vacances ordinaire. D\u00e9lectez-vous de la grandeur du voyage de luxe \u00e0 Santorin avec notre s\u00e9lection d\u2019exp\u00e9riences sur mesure. Que vous voguiez sur les flots lors d\u2019une exp\u00e9dition luxueuse en yacht ou que&hellip;<\/p>\n","protected":false},"author":1,"featured_media":4622,"parent":9514,"menu_order":0,"comment_status":"closed","ping_status":"closed","template":"cansunday\/experiences.php","meta":{"_acf_changed":false,"footnotes":""},"class_list":["post-9503","page","type-page","status-publish","has-post-thumbnail","hentry","property-sunday-suites-overlay","entry","has-media"],"acf":[],"aioseo_notices":[],"_links":{"self":[{"href":"https:\/\/canaves.com\/fr\/wp-json\/wp\/v2\/pages\/9503","targetHints":{"allow":["GET"]}}],"collection":[{"href":"https:\/\/canaves.com\/fr\/wp-json\/wp\/v2\/pages"}],"about":[{"href":"https:\/\/canaves.com\/fr\/wp-json\/wp\/v2\/types\/page"}],"author":[{"embeddable":true,"href":"https:\/\/canaves.com\/fr\/wp-json\/wp\/v2\/users\/1"}],"replies":[{"embeddable":true,"href":"https:\/\/canaves.com\/fr\/wp-json\/wp\/v2\/comments?post=9503"}],"version-history":[{"count":0,"href":"https:\/\/canaves.com\/fr\/wp-json\/wp\/v2\/pages\/9503\/revisions"}],"up":[{"embeddable":true,"href":"https:\/\/canaves.com\/fr\/wp-json\/wp\/v2\/pages\/9514"}],"wp:featuredmedia":[{"embeddable":true,"href":"https:\/\/canaves.com\/fr\/wp-json\/wp\/v2\/media\/4622"}],"wp:attachment":[{"href":"https:\/\/canaves.com\/fr\/wp-json\/wp\/v2\/media?parent=9503"}],"curies":[{"name":"wp","href":"https:\/\/api.w.org\/{rel}","templated":true}]}}