{"id":9512,"date":"2017-02-06T11:31:09","date_gmt":"2017-02-06T09:31:09","guid":{"rendered":"https:\/\/canaves.com\/accommodations\/"},"modified":"2026-03-24T11:31:23","modified_gmt":"2026-03-24T09:31:23","slug":"accommodations","status":"publish","type":"page","link":"https:\/\/canaves.com\/fr\/canaves-sunday\/accommodations\/","title":{"rendered":"H\u00e9bergements"},"content":{"rendered":"<p><span style=\"font-weight: 400;\">S\u00e9lectionnez parmi un choix exquis de <\/span>suites de luxe spacieuses \u00e0 Santorin<span style=\"font-weight: 400;\">, offrant des int\u00e9rieurs frais d&rsquo;un blanc immacul\u00e9, des v\u00e9randas baign\u00e9es de soleil et une vue imprenable sur le bleu marine de la mer \u00c9g\u00e9e \u00e0 l&rsquo;horizon. Vous voyagez entre amis ou en famille ? Louez l&rsquo;ensemble de la propri\u00e9t\u00e9 comme une luxueuse villa de 10 chambres pour des vacances inoubliables.<\/span><\/p>\n<p>&nbsp;<\/p>\n","protected":false},"excerpt":{"rendered":"<p>S\u00e9lectionnez parmi un choix exquis de suites de luxe spacieuses \u00e0 Santorin, offrant des int\u00e9rieurs frais d&rsquo;un blanc immacul\u00e9, des v\u00e9randas baign\u00e9es de soleil et une vue imprenable sur le bleu marine de la mer \u00c9g\u00e9e \u00e0 l&rsquo;horizon. Vous voyagez&hellip;<\/p>\n","protected":false},"author":1,"featured_media":4622,"parent":9514,"menu_order":0,"comment_status":"closed","ping_status":"closed","template":"cansunday\/rooms.php","meta":{"_acf_changed":false,"footnotes":""},"class_list":["post-9512","page","type-page","status-publish","has-post-thumbnail","hentry","property-sunday-suites","entry","has-media"],"acf":[],"aioseo_notices":[],"_links":{"self":[{"href":"https:\/\/canaves.com\/fr\/wp-json\/wp\/v2\/pages\/9512","targetHints":{"allow":["GET"]}}],"collection":[{"href":"https:\/\/canaves.com\/fr\/wp-json\/wp\/v2\/pages"}],"about":[{"href":"https:\/\/canaves.com\/fr\/wp-json\/wp\/v2\/types\/page"}],"author":[{"embeddable":true,"href":"https:\/\/canaves.com\/fr\/wp-json\/wp\/v2\/users\/1"}],"replies":[{"embeddable":true,"href":"https:\/\/canaves.com\/fr\/wp-json\/wp\/v2\/comments?post=9512"}],"version-history":[{"count":0,"href":"https:\/\/canaves.com\/fr\/wp-json\/wp\/v2\/pages\/9512\/revisions"}],"up":[{"embeddable":true,"href":"https:\/\/canaves.com\/fr\/wp-json\/wp\/v2\/pages\/9514"}],"wp:featuredmedia":[{"embeddable":true,"href":"https:\/\/canaves.com\/fr\/wp-json\/wp\/v2\/media\/4622"}],"wp:attachment":[{"href":"https:\/\/canaves.com\/fr\/wp-json\/wp\/v2\/media?parent=9512"}],"curies":[{"name":"wp","href":"https:\/\/api.w.org\/{rel}","templated":true}]}}