{"id":9514,"date":"2017-02-06T11:13:50","date_gmt":"2017-02-06T09:13:50","guid":{"rendered":"https:\/\/canaves.com\/canaves-sunday\/"},"modified":"2026-03-24T11:31:31","modified_gmt":"2026-03-24T09:31:31","slug":"canaves-sunday","status":"publish","type":"page","link":"https:\/\/canaves.com\/fr\/canaves-sunday\/","title":{"rendered":"Canaves Sunday"},"content":{"rendered":"<p>Bienvenue \u00e0 Canaves Sunday, un h\u00f4tel boutique de luxe d\u2019exception situ\u00e9 au c\u0153ur m\u00eame de la charmante zone pi\u00e9tonne d\u2019Oia. Offrant un acc\u00e8s incomparable \u00e0 l\u2019atmosph\u00e8re vibrante de l\u2019\u00eele, Canaves Sunday est la destination id\u00e9ale pour les voyageurs en qu\u00eate \u00e0 la fois d\u2019aventure et de tranquillit\u00e9. Avec seulement huit suites exclusives, cet \u00e9tablissement intimiste offre aux h\u00f4tes une exp\u00e9rience unique, comparable \u00e0 un s\u00e9jour dans la luxueuse maison d\u2019un ami grec.  <\/p>\n","protected":false},"excerpt":{"rendered":"<p>Bienvenue \u00e0 Canaves Sunday, un h\u00f4tel boutique de luxe d\u2019exception situ\u00e9 au c\u0153ur m\u00eame de la charmante zone pi\u00e9tonne d\u2019Oia. Offrant un acc\u00e8s incomparable \u00e0 l\u2019atmosph\u00e8re vibrante de l\u2019\u00eele, Canaves Sunday est la destination id\u00e9ale pour les voyageurs en qu\u00eate&hellip;<\/p>\n","protected":false},"author":1,"featured_media":9516,"parent":0,"menu_order":0,"comment_status":"closed","ping_status":"closed","template":"cansunday\/home.php","meta":{"_acf_changed":false,"footnotes":""},"class_list":["post-9514","page","type-page","status-publish","has-post-thumbnail","hentry","property-sunday-suites-overlay","entry","has-media"],"acf":[],"aioseo_notices":[],"_links":{"self":[{"href":"https:\/\/canaves.com\/fr\/wp-json\/wp\/v2\/pages\/9514","targetHints":{"allow":["GET"]}}],"collection":[{"href":"https:\/\/canaves.com\/fr\/wp-json\/wp\/v2\/pages"}],"about":[{"href":"https:\/\/canaves.com\/fr\/wp-json\/wp\/v2\/types\/page"}],"author":[{"embeddable":true,"href":"https:\/\/canaves.com\/fr\/wp-json\/wp\/v2\/users\/1"}],"replies":[{"embeddable":true,"href":"https:\/\/canaves.com\/fr\/wp-json\/wp\/v2\/comments?post=9514"}],"version-history":[{"count":0,"href":"https:\/\/canaves.com\/fr\/wp-json\/wp\/v2\/pages\/9514\/revisions"}],"wp:featuredmedia":[{"embeddable":true,"href":"https:\/\/canaves.com\/fr\/wp-json\/wp\/v2\/media\/9516"}],"wp:attachment":[{"href":"https:\/\/canaves.com\/fr\/wp-json\/wp\/v2\/media?parent=9514"}],"curies":[{"name":"wp","href":"https:\/\/api.w.org\/{rel}","templated":true}]}}