{"id":9518,"date":"2016-11-23T11:03:29","date_gmt":"2016-11-23T09:03:29","guid":{"rendered":"https:\/\/canaves.com\/spa-wellness-2\/"},"modified":"2026-03-24T11:31:40","modified_gmt":"2026-03-24T09:31:40","slug":"spa-wellness","status":"publish","type":"page","link":"https:\/\/canaves.com\/fr\/canaves-oia-suites\/spa-wellness\/","title":{"rendered":"Spa"},"content":{"rendered":"<p><span style=\"font-weight: 400;\">D\u00e9couvrez un havre de pure relaxation au spa exclusif du Canaves Oia Suites. Offrez-vous des rituels de bien-\u00eatre holistiques et des traitements de sant\u00e9 et de bien-\u00eatre purifiants, gr\u00e2ce \u00e0 notre \u00e9quipe d&rsquo;experts. <\/span><\/p>\n","protected":false},"excerpt":{"rendered":"<p>D\u00e9couvrez un havre de pure relaxation au spa exclusif du Canaves Oia Suites. Offrez-vous des rituels de bien-\u00eatre holistiques et des traitements de sant\u00e9 et de bien-\u00eatre purifiants, gr\u00e2ce \u00e0 notre \u00e9quipe d&rsquo;experts.<\/p>\n","protected":false},"author":1,"featured_media":4622,"parent":9561,"menu_order":0,"comment_status":"closed","ping_status":"closed","template":"cansuites\/spa.php","meta":{"_acf_changed":false,"footnotes":""},"class_list":["post-9518","page","type-page","status-publish","has-post-thumbnail","hentry","property-suites-overlay","entry","has-media"],"acf":[],"aioseo_notices":[],"_links":{"self":[{"href":"https:\/\/canaves.com\/fr\/wp-json\/wp\/v2\/pages\/9518","targetHints":{"allow":["GET"]}}],"collection":[{"href":"https:\/\/canaves.com\/fr\/wp-json\/wp\/v2\/pages"}],"about":[{"href":"https:\/\/canaves.com\/fr\/wp-json\/wp\/v2\/types\/page"}],"author":[{"embeddable":true,"href":"https:\/\/canaves.com\/fr\/wp-json\/wp\/v2\/users\/1"}],"replies":[{"embeddable":true,"href":"https:\/\/canaves.com\/fr\/wp-json\/wp\/v2\/comments?post=9518"}],"version-history":[{"count":0,"href":"https:\/\/canaves.com\/fr\/wp-json\/wp\/v2\/pages\/9518\/revisions"}],"up":[{"embeddable":true,"href":"https:\/\/canaves.com\/fr\/wp-json\/wp\/v2\/pages\/9561"}],"wp:featuredmedia":[{"embeddable":true,"href":"https:\/\/canaves.com\/fr\/wp-json\/wp\/v2\/media\/4622"}],"wp:attachment":[{"href":"https:\/\/canaves.com\/fr\/wp-json\/wp\/v2\/media?parent=9518"}],"curies":[{"name":"wp","href":"https:\/\/api.w.org\/{rel}","templated":true}]}}