{"id":9521,"date":"2016-11-04T11:36:40","date_gmt":"2016-11-04T09:36:40","guid":{"rendered":"https:\/\/canaves.com\/privacy-policy\/"},"modified":"2026-03-24T11:31:40","modified_gmt":"2026-03-24T09:31:40","slug":"privacy-policy","status":"publish","type":"page","link":"https:\/\/canaves.com\/fr\/privacy-policy\/","title":{"rendered":"Politique de confidentialit\u00e9"},"content":{"rendered":"<p>Votre vie priv\u00e9e est importante pour nous. Nous appr\u00e9cions votre confiance et nous nous engageons \u00e0 prot\u00e9ger et \u00e0 sauvegarder toutes les informations personnelles que vous nous confiez. <\/p>\n<p>De mani\u00e8re g\u00e9n\u00e9rale, vous pouvez visiter le site en restant anonyme et sans r\u00e9v\u00e9ler d&rsquo;informations personnelles.<\/p>\n<p>Nos sites web enregistrent automatiquement votre adresse IP et votre nom de domaine, ainsi que des informations non personnelles telles que le type de navigateur web que vous utilisez, afin de nous aider \u00e0 administrer les sites et \u00e0 compiler des statistiques telles que le nombre de visiteurs.<\/p>\n<p>Nos sites web utilisent des cookies pour vous identifier lors de visites multiples sur le site, par exemple pour m\u00e9moriser votre pays et fournir du contenu sp\u00e9cifique \u00e0 votre pays. Les cookies sont facultatifs et vous pouvez les bloquer ou les supprimer. Cependant, certaines parties de nos sites web (par exemple, les pages de chat) ne fonctionneront pas sans cookies.  <\/p>\n<p>Il n&rsquo;est pas possible qu&rsquo;un cookie stock\u00e9 par nos soins soit lu par le site web d&rsquo;une autre entreprise, ni qu&rsquo;un cookie lise des informations de votre ordinateur que vous ne nous avez pas d\u00e9j\u00e0 fournies.<\/p>\n<p>Nous recueillerons les informations personnelles suivantes vous concernant :<\/p>\n<p>Certaines informations requises pour l&rsquo;inscription sur le Site, y compris le pr\u00e9nom et le nom, votre adresse et votre date de naissance, ainsi que des informations de s\u00e9curit\u00e9 de base ; les d\u00e9tails de toutes les r\u00e9servations que vous effectuez via le Site (soit par notre interm\u00e9diaire, soit par l&rsquo;interm\u00e9diaire de tiers qui utilisent le Site comme plateforme de r\u00e9servation) ;<\/p>\n","protected":false},"excerpt":{"rendered":"<p>Votre vie priv\u00e9e est importante pour nous. Nous appr\u00e9cions votre confiance et nous nous engageons \u00e0 prot\u00e9ger et \u00e0 sauvegarder toutes les informations personnelles que vous nous confiez. De mani\u00e8re g\u00e9n\u00e9rale, vous pouvez visiter le site en restant anonyme et&hellip;<\/p>\n","protected":false},"author":1,"featured_media":4622,"parent":0,"menu_order":0,"comment_status":"closed","ping_status":"closed","template":"kobo\/full.php","meta":{"_acf_changed":false,"footnotes":""},"class_list":["post-9521","page","type-page","status-publish","has-post-thumbnail","hentry","property-portal","entry","has-media"],"acf":[],"aioseo_notices":[],"_links":{"self":[{"href":"https:\/\/canaves.com\/fr\/wp-json\/wp\/v2\/pages\/9521","targetHints":{"allow":["GET"]}}],"collection":[{"href":"https:\/\/canaves.com\/fr\/wp-json\/wp\/v2\/pages"}],"about":[{"href":"https:\/\/canaves.com\/fr\/wp-json\/wp\/v2\/types\/page"}],"author":[{"embeddable":true,"href":"https:\/\/canaves.com\/fr\/wp-json\/wp\/v2\/users\/1"}],"replies":[{"embeddable":true,"href":"https:\/\/canaves.com\/fr\/wp-json\/wp\/v2\/comments?post=9521"}],"version-history":[{"count":0,"href":"https:\/\/canaves.com\/fr\/wp-json\/wp\/v2\/pages\/9521\/revisions"}],"wp:featuredmedia":[{"embeddable":true,"href":"https:\/\/canaves.com\/fr\/wp-json\/wp\/v2\/media\/4622"}],"wp:attachment":[{"href":"https:\/\/canaves.com\/fr\/wp-json\/wp\/v2\/media?parent=9521"}],"curies":[{"name":"wp","href":"https:\/\/api.w.org\/{rel}","templated":true}]}}