{"id":9522,"date":"2016-11-04T11:17:06","date_gmt":"2016-11-04T09:17:06","guid":{"rendered":"https:\/\/canaves.com\/terms-of-use\/"},"modified":"2026-03-24T11:31:47","modified_gmt":"2026-03-24T09:31:47","slug":"terms-of-use","status":"publish","type":"page","link":"https:\/\/canaves.com\/fr\/terms-of-use\/","title":{"rendered":"Conditions d\u2019utilisation"},"content":{"rendered":"<p>Canaves Oia S.A. met \u00e0 disposition des informations et des produits sur ce site web, sous r\u00e9serve des conditions g\u00e9n\u00e9rales suivantes. En acc\u00e9dant \u00e0 ce site, vous acceptez ces conditions g\u00e9n\u00e9rales. Canaves Oia S.A. se r\u00e9serve le droit de modifier ces conditions g\u00e9n\u00e9rales, ainsi que les produits, services, prix et programmes mentionn\u00e9s sur ce site \u00e0 tout moment, \u00e0 sa seule discr\u00e9tion et sans pr\u00e9avis.  <\/p>\n<p><strong>Clause de non-responsabilit\u00e9<\/strong><\/p>\n<p>Les services de ce site sont uniquement disponibles pour les personnes physiques capables de conclure des contrats juridiquement contraignants en vertu de la loi applicable, et ne sont donc pas disponibles pour les mineurs. En utilisant ce site, vous d\u00e9clarez avoir l\u2019\u00e2ge l\u00e9gal suffisant pour utiliser ce site et pour cr\u00e9er des obligations juridiques contraignantes pour toute responsabilit\u00e9 que vous pourriez encourir du fait de l\u2019utilisation de ce site. Vous garantissez \u00e9galement que vous \u00eates l\u00e9galement autoris\u00e9 \u00e0 effectuer des r\u00e9servations de voyage et\/ou des achats, soit pour vous-m\u00eame, soit pour une autre personne pour laquelle vous \u00eates autoris\u00e9 \u00e0 agir.  <\/p>\n<p>Canaves Oia S.A. n\u2019a aucune influence sur la conception et le contenu des documents de tiers li\u00e9s ou mentionn\u00e9s sur ses sites web. Par cons\u00e9quent, Canaves Oia S.A. se distancie express\u00e9ment de ce type de documents et d\u00e9cline toute responsabilit\u00e9 pour tout contenu fourni par des tiers \u2014 \u00e0 moins qu\u2019elle n\u2019ait une connaissance compl\u00e8te de contenus ill\u00e9gaux et qu\u2019elle soit en mesure d\u2019emp\u00eacher les visiteurs de ses sites web de consulter ces pages. <\/p>\n<p>Tous les documents contenus dans le site sont la propri\u00e9t\u00e9 prot\u00e9g\u00e9e par le droit d\u2019auteur de Canaves Oia S.A. ou de ses filiales. Aucun document provenant du site ou de tout site Internet d\u00e9tenu, exploit\u00e9, sous licence ou contr\u00f4l\u00e9 par nous ou nos soci\u00e9t\u00e9s affili\u00e9es ne peut \u00eatre copi\u00e9, reproduit, republi\u00e9, t\u00e9l\u00e9charg\u00e9, affich\u00e9, transmis ou distribu\u00e9 de quelque mani\u00e8re que ce soit. Aux fins des pr\u00e9sentes conditions, l\u2019utilisation de tels documents sur tout autre site Web, Internet, intranet, extranet ou autre site ou environnement informatique est interdite.  <\/p>\n","protected":false},"excerpt":{"rendered":"<p>Canaves Oia S.A. met \u00e0 disposition des informations et des produits sur ce site web, sous r\u00e9serve des conditions g\u00e9n\u00e9rales suivantes. En acc\u00e9dant \u00e0 ce site, vous acceptez ces conditions g\u00e9n\u00e9rales. Canaves Oia S.A. se r\u00e9serve le droit de modifier&hellip;<\/p>\n","protected":false},"author":1,"featured_media":4622,"parent":0,"menu_order":0,"comment_status":"closed","ping_status":"closed","template":"kobo\/full.php","meta":{"_acf_changed":false,"footnotes":""},"class_list":["post-9522","page","type-page","status-publish","has-post-thumbnail","hentry","property-portal","entry","has-media"],"acf":[],"aioseo_notices":[],"_links":{"self":[{"href":"https:\/\/canaves.com\/fr\/wp-json\/wp\/v2\/pages\/9522","targetHints":{"allow":["GET"]}}],"collection":[{"href":"https:\/\/canaves.com\/fr\/wp-json\/wp\/v2\/pages"}],"about":[{"href":"https:\/\/canaves.com\/fr\/wp-json\/wp\/v2\/types\/page"}],"author":[{"embeddable":true,"href":"https:\/\/canaves.com\/fr\/wp-json\/wp\/v2\/users\/1"}],"replies":[{"embeddable":true,"href":"https:\/\/canaves.com\/fr\/wp-json\/wp\/v2\/comments?post=9522"}],"version-history":[{"count":0,"href":"https:\/\/canaves.com\/fr\/wp-json\/wp\/v2\/pages\/9522\/revisions"}],"wp:featuredmedia":[{"embeddable":true,"href":"https:\/\/canaves.com\/fr\/wp-json\/wp\/v2\/media\/4622"}],"wp:attachment":[{"href":"https:\/\/canaves.com\/fr\/wp-json\/wp\/v2\/media?parent=9522"}],"curies":[{"name":"wp","href":"https:\/\/api.w.org\/{rel}","templated":true}]}}