{"id":9524,"date":"2016-11-03T20:47:50","date_gmt":"2016-11-03T18:47:50","guid":{"rendered":"https:\/\/canaves.com\/weddings-oia-santorini-island\/"},"modified":"2026-03-24T11:36:58","modified_gmt":"2026-03-24T09:36:58","slug":"weddings-oia-santorini-island","status":"publish","type":"page","link":"https:\/\/canaves.com\/fr\/weddings-oia-santorini-island\/","title":{"rendered":"\u00c9v\u00e9nements &amp; mariages"},"content":{"rendered":"<p>Chaque couple est unique. C\u2019est pourquoi nous adoptons une approche sur mesure pour votre mariage, en mettant \u00e0 votre disposition nos diff\u00e9rents lieux ultramodernes, des wedding planners exp\u00e9riment\u00e9s et des prestataires soigneusement s\u00e9lectionn\u00e9s. Venez c\u00e9l\u00e9brer avec nous, avec l\u2019immensit\u00e9 de la mer \u00c9g\u00e9e comme d\u00e9cor id\u00e9al pour votre grand jour.  <\/p>\n","protected":false},"excerpt":{"rendered":"<p>Chaque couple est unique. C\u2019est pourquoi nous adoptons une approche sur mesure pour votre mariage, en mettant \u00e0 votre disposition nos diff\u00e9rents lieux ultramodernes, des wedding planners exp\u00e9riment\u00e9s et des prestataires soigneusement s\u00e9lectionn\u00e9s. Venez c\u00e9l\u00e9brer avec nous, avec l\u2019immensit\u00e9 de&hellip;<\/p>\n","protected":false},"author":1,"featured_media":9525,"parent":0,"menu_order":0,"comment_status":"closed","ping_status":"closed","template":"canportal\/weddings.php","meta":{"_acf_changed":false,"footnotes":""},"class_list":["post-9524","page","type-page","status-publish","has-post-thumbnail","hentry","property-portal-overlay","entry","has-media"],"acf":[],"aioseo_notices":[],"_links":{"self":[{"href":"https:\/\/canaves.com\/fr\/wp-json\/wp\/v2\/pages\/9524","targetHints":{"allow":["GET"]}}],"collection":[{"href":"https:\/\/canaves.com\/fr\/wp-json\/wp\/v2\/pages"}],"about":[{"href":"https:\/\/canaves.com\/fr\/wp-json\/wp\/v2\/types\/page"}],"author":[{"embeddable":true,"href":"https:\/\/canaves.com\/fr\/wp-json\/wp\/v2\/users\/1"}],"replies":[{"embeddable":true,"href":"https:\/\/canaves.com\/fr\/wp-json\/wp\/v2\/comments?post=9524"}],"version-history":[{"count":0,"href":"https:\/\/canaves.com\/fr\/wp-json\/wp\/v2\/pages\/9524\/revisions"}],"wp:featuredmedia":[{"embeddable":true,"href":"https:\/\/canaves.com\/fr\/wp-json\/wp\/v2\/media\/9525"}],"wp:attachment":[{"href":"https:\/\/canaves.com\/fr\/wp-json\/wp\/v2\/media?parent=9524"}],"curies":[{"name":"wp","href":"https:\/\/api.w.org\/{rel}","templated":true}]}}