{"id":9526,"date":"2016-11-03T20:39:28","date_gmt":"2016-11-03T18:39:28","guid":{"rendered":"https:\/\/canaves.com\/experiences\/"},"modified":"2026-03-24T12:00:04","modified_gmt":"2026-03-24T10:00:04","slug":"experiences","status":"publish","type":"page","link":"https:\/\/canaves.com\/fr\/experiences\/","title":{"rendered":"Exp\u00e9riences"},"content":{"rendered":"<p>Chez Canaves Collection, votre voyage de luxe en Gr\u00e8ce d\u00e9passe l\u2019exp\u00e9rience des vacances ordinaires. D\u00e9couvrez la beaut\u00e9 authentique de Santorin gr\u00e2ce \u00e0 notre s\u00e9lection d\u2019exp\u00e9riences sur mesure. Qu\u2019il s\u2019agisse d\u2019explorer l\u2019\u00e9nigmatique littoral de l\u2019\u00eele en yacht ou de savourer la meilleure cuisine de Santorin, nos exp\u00e9riences cr\u00e9ent des moments qui durent pour toujours.<\/p>\n","protected":false},"excerpt":{"rendered":"<p>Chez Canaves Collection, votre voyage de luxe en Gr\u00e8ce d\u00e9passe l\u2019exp\u00e9rience des vacances ordinaires. D\u00e9couvrez la beaut\u00e9 authentique de Santorin gr\u00e2ce \u00e0 notre s\u00e9lection d\u2019exp\u00e9riences sur mesure. Qu\u2019il s\u2019agisse d\u2019explorer l\u2019\u00e9nigmatique littoral de l\u2019\u00eele en yacht ou de savourer la&hellip;<\/p>\n","protected":false},"author":1,"featured_media":4622,"parent":0,"menu_order":0,"comment_status":"closed","ping_status":"closed","template":"canportal\/experiences.php","meta":{"_acf_changed":false,"footnotes":""},"class_list":["post-9526","page","type-page","status-publish","has-post-thumbnail","hentry","property-portal-overlay","entry","has-media"],"acf":[],"aioseo_notices":[],"_links":{"self":[{"href":"https:\/\/canaves.com\/fr\/wp-json\/wp\/v2\/pages\/9526","targetHints":{"allow":["GET"]}}],"collection":[{"href":"https:\/\/canaves.com\/fr\/wp-json\/wp\/v2\/pages"}],"about":[{"href":"https:\/\/canaves.com\/fr\/wp-json\/wp\/v2\/types\/page"}],"author":[{"embeddable":true,"href":"https:\/\/canaves.com\/fr\/wp-json\/wp\/v2\/users\/1"}],"replies":[{"embeddable":true,"href":"https:\/\/canaves.com\/fr\/wp-json\/wp\/v2\/comments?post=9526"}],"version-history":[{"count":0,"href":"https:\/\/canaves.com\/fr\/wp-json\/wp\/v2\/pages\/9526\/revisions"}],"wp:featuredmedia":[{"embeddable":true,"href":"https:\/\/canaves.com\/fr\/wp-json\/wp\/v2\/media\/4622"}],"wp:attachment":[{"href":"https:\/\/canaves.com\/fr\/wp-json\/wp\/v2\/media?parent=9526"}],"curies":[{"name":"wp","href":"https:\/\/api.w.org\/{rel}","templated":true}]}}