{"id":9533,"date":"2016-10-31T13:20:28","date_gmt":"2016-10-31T11:20:28","guid":{"rendered":"https:\/\/canaves.com\/dining-2\/"},"modified":"2026-03-24T12:00:04","modified_gmt":"2026-03-24T10:00:04","slug":"dining","status":"publish","type":"page","link":"https:\/\/canaves.com\/fr\/canaves-oia-hotel-ena\/dining\/","title":{"rendered":"Restauration"},"content":{"rendered":"<p>Embarquez pour des voyages culinaires \u00e9piques au Canaves Ena. Notre cuisine somptueuse comprend des plats grecs classiques aux saveurs fabuleuses, pr\u00e9par\u00e9s avec les meilleurs ingr\u00e9dients et servis dans l\u2019un des lieux de restauration les plus raffin\u00e9s de Santorin ou dans l\u2019intimit\u00e9 de votre suite priv\u00e9e. <\/p>\n","protected":false},"excerpt":{"rendered":"<p>Embarquez pour des voyages culinaires \u00e9piques au Canaves Ena. Notre cuisine somptueuse comprend des plats grecs classiques aux saveurs fabuleuses, pr\u00e9par\u00e9s avec les meilleurs ingr\u00e9dients et servis dans l\u2019un des lieux de restauration les plus raffin\u00e9s de Santorin ou dans&hellip;<\/p>\n","protected":false},"author":1,"featured_media":4622,"parent":9563,"menu_order":0,"comment_status":"closed","ping_status":"closed","template":"canena\/dining.php","meta":{"_acf_changed":false,"footnotes":""},"class_list":["post-9533","page","type-page","status-publish","has-post-thumbnail","hentry","property-ena-overlay","entry","has-media"],"acf":[],"aioseo_notices":[],"_links":{"self":[{"href":"https:\/\/canaves.com\/fr\/wp-json\/wp\/v2\/pages\/9533","targetHints":{"allow":["GET"]}}],"collection":[{"href":"https:\/\/canaves.com\/fr\/wp-json\/wp\/v2\/pages"}],"about":[{"href":"https:\/\/canaves.com\/fr\/wp-json\/wp\/v2\/types\/page"}],"author":[{"embeddable":true,"href":"https:\/\/canaves.com\/fr\/wp-json\/wp\/v2\/users\/1"}],"replies":[{"embeddable":true,"href":"https:\/\/canaves.com\/fr\/wp-json\/wp\/v2\/comments?post=9533"}],"version-history":[{"count":0,"href":"https:\/\/canaves.com\/fr\/wp-json\/wp\/v2\/pages\/9533\/revisions"}],"up":[{"embeddable":true,"href":"https:\/\/canaves.com\/fr\/wp-json\/wp\/v2\/pages\/9563"}],"wp:featuredmedia":[{"embeddable":true,"href":"https:\/\/canaves.com\/fr\/wp-json\/wp\/v2\/media\/4622"}],"wp:attachment":[{"href":"https:\/\/canaves.com\/fr\/wp-json\/wp\/v2\/media?parent=9533"}],"curies":[{"name":"wp","href":"https:\/\/api.w.org\/{rel}","templated":true}]}}