{"id":9537,"date":"2016-10-31T13:09:40","date_gmt":"2016-10-31T11:09:40","guid":{"rendered":"https:\/\/canaves.com\/experiences-2\/"},"modified":"2026-03-24T12:00:01","modified_gmt":"2026-03-24T10:00:01","slug":"experiences","status":"publish","type":"page","link":"https:\/\/canaves.com\/fr\/canaves-oia-hotel-ena\/experiences\/","title":{"rendered":"Exp\u00e9riences"},"content":{"rendered":"<p>Canaves Ena est le cadre id\u00e9al pour c\u00e9l\u00e9brer les moments les plus sp\u00e9ciaux de la vie. Nos exp\u00e9riences d\u00e9di\u00e9es aux couples, des exp\u00e9ditions enchanteresses aux d\u00eeners priv\u00e9s sous les \u00e9toiles, offrent des moments inoubliables lors de votre s\u00e9jour de luxe en Gr\u00e8ce. <\/p>\n","protected":false},"excerpt":{"rendered":"<p>Canaves Ena est le cadre id\u00e9al pour c\u00e9l\u00e9brer les moments les plus sp\u00e9ciaux de la vie. Nos exp\u00e9riences d\u00e9di\u00e9es aux couples, des exp\u00e9ditions enchanteresses aux d\u00eeners priv\u00e9s sous les \u00e9toiles, offrent des moments inoubliables lors de votre s\u00e9jour de luxe&hellip;<\/p>\n","protected":false},"author":1,"featured_media":4622,"parent":9563,"menu_order":0,"comment_status":"closed","ping_status":"closed","template":"canena\/experiences.php","meta":{"_acf_changed":false,"footnotes":""},"class_list":["post-9537","page","type-page","status-publish","has-post-thumbnail","hentry","property-ena-overlay","entry","has-media"],"acf":[],"aioseo_notices":[],"_links":{"self":[{"href":"https:\/\/canaves.com\/fr\/wp-json\/wp\/v2\/pages\/9537","targetHints":{"allow":["GET"]}}],"collection":[{"href":"https:\/\/canaves.com\/fr\/wp-json\/wp\/v2\/pages"}],"about":[{"href":"https:\/\/canaves.com\/fr\/wp-json\/wp\/v2\/types\/page"}],"author":[{"embeddable":true,"href":"https:\/\/canaves.com\/fr\/wp-json\/wp\/v2\/users\/1"}],"replies":[{"embeddable":true,"href":"https:\/\/canaves.com\/fr\/wp-json\/wp\/v2\/comments?post=9537"}],"version-history":[{"count":0,"href":"https:\/\/canaves.com\/fr\/wp-json\/wp\/v2\/pages\/9537\/revisions"}],"up":[{"embeddable":true,"href":"https:\/\/canaves.com\/fr\/wp-json\/wp\/v2\/pages\/9563"}],"wp:featuredmedia":[{"embeddable":true,"href":"https:\/\/canaves.com\/fr\/wp-json\/wp\/v2\/media\/4622"}],"wp:attachment":[{"href":"https:\/\/canaves.com\/fr\/wp-json\/wp\/v2\/media?parent=9537"}],"curies":[{"name":"wp","href":"https:\/\/api.w.org\/{rel}","templated":true}]}}