{"id":9539,"date":"2016-10-31T13:00:25","date_gmt":"2016-10-31T11:00:25","guid":{"rendered":"https:\/\/canaves.com\/accommodations\/"},"modified":"2026-03-24T12:00:00","modified_gmt":"2026-03-24T10:00:00","slug":"accommodations","status":"publish","type":"page","link":"https:\/\/canaves.com\/fr\/canaves-oia-hotel-ena\/accommodations\/","title":{"rendered":"H\u00e9bergements"},"content":{"rendered":"<p>Des suites de luxe fra\u00eechement r\u00e9nov\u00e9es offrant le summum des installations modernes et des vues imprenables sur la Caldeira et la mer \u00c9g\u00e9e, avec des espaces de vie spacieux et des bassins de plong\u00e9e priv\u00e9s, id\u00e9ales pour accueillir vos journ\u00e9es et nuits m\u00e9morables dans l\u2019un des paysages les plus \u00e9poustouflants au monde.<\/p>\n","protected":false},"excerpt":{"rendered":"<p>Des suites de luxe fra\u00eechement r\u00e9nov\u00e9es offrant le summum des installations modernes et des vues imprenables sur la Caldeira et la mer \u00c9g\u00e9e, avec des espaces de vie spacieux et des bassins de plong\u00e9e priv\u00e9s, id\u00e9ales pour accueillir vos journ\u00e9es&hellip;<\/p>\n","protected":false},"author":1,"featured_media":4622,"parent":9563,"menu_order":0,"comment_status":"closed","ping_status":"closed","template":"canena\/rooms.php","meta":{"_acf_changed":false,"footnotes":""},"class_list":["post-9539","page","type-page","status-publish","has-post-thumbnail","hentry","property-ena","entry","has-media"],"acf":[],"aioseo_notices":[],"_links":{"self":[{"href":"https:\/\/canaves.com\/fr\/wp-json\/wp\/v2\/pages\/9539","targetHints":{"allow":["GET"]}}],"collection":[{"href":"https:\/\/canaves.com\/fr\/wp-json\/wp\/v2\/pages"}],"about":[{"href":"https:\/\/canaves.com\/fr\/wp-json\/wp\/v2\/types\/page"}],"author":[{"embeddable":true,"href":"https:\/\/canaves.com\/fr\/wp-json\/wp\/v2\/users\/1"}],"replies":[{"embeddable":true,"href":"https:\/\/canaves.com\/fr\/wp-json\/wp\/v2\/comments?post=9539"}],"version-history":[{"count":0,"href":"https:\/\/canaves.com\/fr\/wp-json\/wp\/v2\/pages\/9539\/revisions"}],"up":[{"embeddable":true,"href":"https:\/\/canaves.com\/fr\/wp-json\/wp\/v2\/pages\/9563"}],"wp:featuredmedia":[{"embeddable":true,"href":"https:\/\/canaves.com\/fr\/wp-json\/wp\/v2\/media\/4622"}],"wp:attachment":[{"href":"https:\/\/canaves.com\/fr\/wp-json\/wp\/v2\/media?parent=9539"}],"curies":[{"name":"wp","href":"https:\/\/api.w.org\/{rel}","templated":true}]}}