{"id":9541,"date":"2016-10-26T18:56:04","date_gmt":"2016-10-26T16:56:04","guid":{"rendered":"https:\/\/canaves.com\/experiences-2\/"},"modified":"2026-03-24T11:59:59","modified_gmt":"2026-03-24T09:59:59","slug":"experiences","status":"publish","type":"page","link":"https:\/\/canaves.com\/fr\/canaves-oia-suites\/experiences\/","title":{"rendered":"Exp\u00e9riences"},"content":{"rendered":"<p><span style=\"font-weight: 400;\">Aux Canaves Oia Suites, votre s\u00e9jour d\u00e9passe l\u2019exp\u00e9rience de vacances ordinaire. Savourez toute la grandeur du <\/span>voyage de luxe \u00e0 Santorin<span style=\"font-weight: 400;\"> gr\u00e2ce \u00e0 notre s\u00e9lection d\u2019exp\u00e9riences sur mesure. Qu\u2019il s\u2019agisse de fendre les vagues lors d\u2019une exp\u00e9dition en yacht de luxe ou d\u2019explorer l\u2019\u00e9nigmatique littoral de l\u2019\u00eele, une multitude d\u2019aventures vous attend sur cette \u00eele volcanique enchanteresse.<\/span><\/p>\n","protected":false},"excerpt":{"rendered":"<p>Aux Canaves Oia Suites, votre s\u00e9jour d\u00e9passe l\u2019exp\u00e9rience de vacances ordinaire. Savourez toute la grandeur du voyage de luxe \u00e0 Santorin gr\u00e2ce \u00e0 notre s\u00e9lection d\u2019exp\u00e9riences sur mesure. Qu\u2019il s\u2019agisse de fendre les vagues lors d\u2019une exp\u00e9dition en yacht de&hellip;<\/p>\n","protected":false},"author":1,"featured_media":4622,"parent":9561,"menu_order":0,"comment_status":"closed","ping_status":"closed","template":"cansuites\/experiences.php","meta":{"_acf_changed":false,"footnotes":""},"class_list":["post-9541","page","type-page","status-publish","has-post-thumbnail","hentry","property-suites-overlay","entry","has-media"],"acf":[],"aioseo_notices":[],"_links":{"self":[{"href":"https:\/\/canaves.com\/fr\/wp-json\/wp\/v2\/pages\/9541","targetHints":{"allow":["GET"]}}],"collection":[{"href":"https:\/\/canaves.com\/fr\/wp-json\/wp\/v2\/pages"}],"about":[{"href":"https:\/\/canaves.com\/fr\/wp-json\/wp\/v2\/types\/page"}],"author":[{"embeddable":true,"href":"https:\/\/canaves.com\/fr\/wp-json\/wp\/v2\/users\/1"}],"replies":[{"embeddable":true,"href":"https:\/\/canaves.com\/fr\/wp-json\/wp\/v2\/comments?post=9541"}],"version-history":[{"count":0,"href":"https:\/\/canaves.com\/fr\/wp-json\/wp\/v2\/pages\/9541\/revisions"}],"up":[{"embeddable":true,"href":"https:\/\/canaves.com\/fr\/wp-json\/wp\/v2\/pages\/9561"}],"wp:featuredmedia":[{"embeddable":true,"href":"https:\/\/canaves.com\/fr\/wp-json\/wp\/v2\/media\/4622"}],"wp:attachment":[{"href":"https:\/\/canaves.com\/fr\/wp-json\/wp\/v2\/media?parent=9541"}],"curies":[{"name":"wp","href":"https:\/\/api.w.org\/{rel}","templated":true}]}}