{"id":9550,"date":"2016-10-04T13:19:26","date_gmt":"2016-10-04T11:19:26","guid":{"rendered":"https:\/\/canaves.com\/about-canaves-oia-suites\/"},"modified":"2026-03-24T11:59:59","modified_gmt":"2026-03-24T09:59:59","slug":"about-canaves-oia-suites","status":"publish","type":"page","link":"https:\/\/canaves.com\/fr\/canaves-oia-suites\/about-canaves-oia-suites\/","title":{"rendered":"\u00c0 propos"},"content":{"rendered":"<p>Bienvenue aux Canaves Oia Suites, un complexe h\u00f4telier de luxe de premier ordre compos\u00e9 de 46 suites et villas \u00e0 Santorin, r\u00e9put\u00e9 pour son emplacement \u00e0 couper le souffle, ses \u00e9quipements de classe mondiale et ses vues in\u00e9gal\u00e9es sur la caldeira. Perch\u00e9 au point le plus \u00e9lev\u00e9 d\u2019Oia, notre propri\u00e9t\u00e9 offre des vues panoramiques spectaculaires sur la mer \u00c9g\u00e9e, la proximit\u00e9 des c\u00e9l\u00e8bres d\u00f4mes bleus de Santorin et du l\u00e9gendaire point de coucher de soleil. Combinant l\u2019architecture cycladique traditionnelle avec une sophistication moderne, les Canaves Oia Suites offrent l\u2019\u00e9vasion de luxe parfaite dans l\u2019une des destinations les plus embl\u00e9matiques de Gr\u00e8ce.  <\/p>\n","protected":false},"excerpt":{"rendered":"<p>Bienvenue aux Canaves Oia Suites, un complexe h\u00f4telier de luxe de premier ordre compos\u00e9 de 46 suites et villas \u00e0 Santorin, r\u00e9put\u00e9 pour son emplacement \u00e0 couper le souffle, ses \u00e9quipements de classe mondiale et ses vues in\u00e9gal\u00e9es sur la&hellip;<\/p>\n","protected":false},"author":1,"featured_media":4622,"parent":9561,"menu_order":0,"comment_status":"closed","ping_status":"closed","template":"cansuites\/about.php","meta":{"_acf_changed":false,"footnotes":""},"class_list":["post-9550","page","type-page","status-publish","has-post-thumbnail","hentry","property-suites-overlay","entry","has-media"],"acf":[],"aioseo_notices":[],"_links":{"self":[{"href":"https:\/\/canaves.com\/fr\/wp-json\/wp\/v2\/pages\/9550","targetHints":{"allow":["GET"]}}],"collection":[{"href":"https:\/\/canaves.com\/fr\/wp-json\/wp\/v2\/pages"}],"about":[{"href":"https:\/\/canaves.com\/fr\/wp-json\/wp\/v2\/types\/page"}],"author":[{"embeddable":true,"href":"https:\/\/canaves.com\/fr\/wp-json\/wp\/v2\/users\/1"}],"replies":[{"embeddable":true,"href":"https:\/\/canaves.com\/fr\/wp-json\/wp\/v2\/comments?post=9550"}],"version-history":[{"count":0,"href":"https:\/\/canaves.com\/fr\/wp-json\/wp\/v2\/pages\/9550\/revisions"}],"up":[{"embeddable":true,"href":"https:\/\/canaves.com\/fr\/wp-json\/wp\/v2\/pages\/9561"}],"wp:featuredmedia":[{"embeddable":true,"href":"https:\/\/canaves.com\/fr\/wp-json\/wp\/v2\/media\/4622"}],"wp:attachment":[{"href":"https:\/\/canaves.com\/fr\/wp-json\/wp\/v2\/media?parent=9550"}],"curies":[{"name":"wp","href":"https:\/\/api.w.org\/{rel}","templated":true}]}}