{"id":9553,"date":"2016-10-04T11:31:17","date_gmt":"2016-10-04T09:31:17","guid":{"rendered":"https:\/\/canaves.com\/weddings-oia-santorini-island-2\/"},"modified":"2026-03-24T11:59:51","modified_gmt":"2026-03-24T09:59:51","slug":"weddings-oia-santorini-island","status":"publish","type":"page","link":"https:\/\/canaves.com\/fr\/canaves-oia-suites\/weddings-oia-santorini-island\/","title":{"rendered":"Mariages"},"content":{"rendered":"<p><span style=\"font-weight: 400;\">La brise fra\u00eeche de la mer \u00c9g\u00e9e, le cadre \u00e0 couper le souffle du soleil couchant sur la Caldeira et l&rsquo;environnement idyllique de notre h\u00f4tel de charme \u00e0 Santorin cr\u00e9ent le d\u00e9cor le plus romantique pour prononcer ces mots si sp\u00e9ciaux\u2026 \u00ab oui \u00bb. Faites de votre mariage de conte de f\u00e9es une r\u00e9alit\u00e9 au c\u0153ur de ce paradis insulaire grec, l&rsquo;un des <\/span>meilleurs h\u00f4tels de Gr\u00e8ce<span style=\"font-weight: 400;\">, et marquez le d\u00e9but d&rsquo;une vie \u00e0 deux avec une r\u00e9ception de mariage majestueuse \u00e0 ch\u00e9rir pour toujours.<\/span><\/p>\n","protected":false},"excerpt":{"rendered":"<p>La brise fra\u00eeche de la mer \u00c9g\u00e9e, le cadre \u00e0 couper le souffle du soleil couchant sur la Caldeira et l&rsquo;environnement idyllique de notre h\u00f4tel de charme \u00e0 Santorin cr\u00e9ent le d\u00e9cor le plus romantique pour prononcer ces mots si&hellip;<\/p>\n","protected":false},"author":1,"featured_media":4622,"parent":9561,"menu_order":0,"comment_status":"closed","ping_status":"closed","template":"cansuites\/weddings.php","meta":{"_acf_changed":false,"footnotes":""},"class_list":["post-9553","page","type-page","status-publish","has-post-thumbnail","hentry","property-suites-overlay","entry","has-media"],"acf":[],"aioseo_notices":[],"_links":{"self":[{"href":"https:\/\/canaves.com\/fr\/wp-json\/wp\/v2\/pages\/9553","targetHints":{"allow":["GET"]}}],"collection":[{"href":"https:\/\/canaves.com\/fr\/wp-json\/wp\/v2\/pages"}],"about":[{"href":"https:\/\/canaves.com\/fr\/wp-json\/wp\/v2\/types\/page"}],"author":[{"embeddable":true,"href":"https:\/\/canaves.com\/fr\/wp-json\/wp\/v2\/users\/1"}],"replies":[{"embeddable":true,"href":"https:\/\/canaves.com\/fr\/wp-json\/wp\/v2\/comments?post=9553"}],"version-history":[{"count":0,"href":"https:\/\/canaves.com\/fr\/wp-json\/wp\/v2\/pages\/9553\/revisions"}],"up":[{"embeddable":true,"href":"https:\/\/canaves.com\/fr\/wp-json\/wp\/v2\/pages\/9561"}],"wp:featuredmedia":[{"embeddable":true,"href":"https:\/\/canaves.com\/fr\/wp-json\/wp\/v2\/media\/4622"}],"wp:attachment":[{"href":"https:\/\/canaves.com\/fr\/wp-json\/wp\/v2\/media?parent=9553"}],"curies":[{"name":"wp","href":"https:\/\/api.w.org\/{rel}","templated":true}]}}