{"id":9556,"date":"2016-10-03T12:09:02","date_gmt":"2016-10-03T10:09:02","guid":{"rendered":"https:\/\/canaves.com\/careers\/"},"modified":"2026-03-24T11:59:50","modified_gmt":"2026-03-24T09:59:50","slug":"careers","status":"publish","type":"page","link":"https:\/\/canaves.com\/fr\/careers\/","title":{"rendered":"Carri\u00e8res"},"content":{"rendered":"<p>Souhaitez-vous travailler dans le secteur du tourisme et acqu\u00e9rir de l\u2019exp\u00e9rience au sein d\u2019\u00e9tablissements de luxe sur la magnifique \u00eele de Santorin ? Canaves Collection vous invite \u00e0 franchir la porte magique vers une carri\u00e8re 5 \u00e9toiles dans l\u2019h\u00f4tellerie ! Rejoignez notre \u00e9quipe d\u2019exception !  <\/p>\n","protected":false},"excerpt":{"rendered":"<p>Souhaitez-vous travailler dans le secteur du tourisme et acqu\u00e9rir de l\u2019exp\u00e9rience au sein d\u2019\u00e9tablissements de luxe sur la magnifique \u00eele de Santorin ? Canaves Collection vous invite \u00e0 franchir la porte magique vers une carri\u00e8re 5 \u00e9toiles dans l\u2019h\u00f4tellerie !&hellip;<\/p>\n","protected":false},"author":1,"featured_media":4622,"parent":0,"menu_order":0,"comment_status":"closed","ping_status":"closed","template":"canportal\/careers.php","meta":{"_acf_changed":false,"footnotes":""},"class_list":["post-9556","page","type-page","status-publish","has-post-thumbnail","hentry","property-portal-overlay","entry","has-media"],"acf":[],"aioseo_notices":[],"_links":{"self":[{"href":"https:\/\/canaves.com\/fr\/wp-json\/wp\/v2\/pages\/9556","targetHints":{"allow":["GET"]}}],"collection":[{"href":"https:\/\/canaves.com\/fr\/wp-json\/wp\/v2\/pages"}],"about":[{"href":"https:\/\/canaves.com\/fr\/wp-json\/wp\/v2\/types\/page"}],"author":[{"embeddable":true,"href":"https:\/\/canaves.com\/fr\/wp-json\/wp\/v2\/users\/1"}],"replies":[{"embeddable":true,"href":"https:\/\/canaves.com\/fr\/wp-json\/wp\/v2\/comments?post=9556"}],"version-history":[{"count":0,"href":"https:\/\/canaves.com\/fr\/wp-json\/wp\/v2\/pages\/9556\/revisions"}],"wp:featuredmedia":[{"embeddable":true,"href":"https:\/\/canaves.com\/fr\/wp-json\/wp\/v2\/media\/4622"}],"wp:attachment":[{"href":"https:\/\/canaves.com\/fr\/wp-json\/wp\/v2\/media?parent=9556"}],"curies":[{"name":"wp","href":"https:\/\/api.w.org\/{rel}","templated":true}]}}