{"id":9559,"date":"2016-10-01T11:17:09","date_gmt":"2016-10-01T09:17:09","guid":{"rendered":"https:\/\/canaves.com\/accommodations-2\/"},"modified":"2026-03-24T11:59:48","modified_gmt":"2026-03-24T09:59:48","slug":"accommodations","status":"publish","type":"page","link":"https:\/\/canaves.com\/fr\/canaves-oia-suites\/accommodations\/","title":{"rendered":"H\u00e9bergements"},"content":{"rendered":"<p>Des suites de luxe fra\u00eechement r\u00e9nov\u00e9es offrant le meilleur des \u00e9quipements modernes et des vues imprenables sur la Caldeira et la mer \u00c9g\u00e9e, avec de vastes espaces de vie et des bassins priv\u00e9s, id\u00e9ales pour accueillir vos journ\u00e9es et vos nuits m\u00e9morables dans l\u2019un des plus beaux paysages du monde.<\/p>\n","protected":false},"excerpt":{"rendered":"<p>Des suites de luxe fra\u00eechement r\u00e9nov\u00e9es offrant le meilleur des \u00e9quipements modernes et des vues imprenables sur la Caldeira et la mer \u00c9g\u00e9e, avec de vastes espaces de vie et des bassins priv\u00e9s, id\u00e9ales pour accueillir vos journ\u00e9es et vos&hellip;<\/p>\n","protected":false},"author":1,"featured_media":4622,"parent":9561,"menu_order":0,"comment_status":"closed","ping_status":"closed","template":"cansuites\/rooms.php","meta":{"_acf_changed":false,"footnotes":""},"class_list":["post-9559","page","type-page","status-publish","has-post-thumbnail","hentry","property-suites","entry","has-media"],"acf":[],"aioseo_notices":[],"_links":{"self":[{"href":"https:\/\/canaves.com\/fr\/wp-json\/wp\/v2\/pages\/9559","targetHints":{"allow":["GET"]}}],"collection":[{"href":"https:\/\/canaves.com\/fr\/wp-json\/wp\/v2\/pages"}],"about":[{"href":"https:\/\/canaves.com\/fr\/wp-json\/wp\/v2\/types\/page"}],"author":[{"embeddable":true,"href":"https:\/\/canaves.com\/fr\/wp-json\/wp\/v2\/users\/1"}],"replies":[{"embeddable":true,"href":"https:\/\/canaves.com\/fr\/wp-json\/wp\/v2\/comments?post=9559"}],"version-history":[{"count":0,"href":"https:\/\/canaves.com\/fr\/wp-json\/wp\/v2\/pages\/9559\/revisions"}],"up":[{"embeddable":true,"href":"https:\/\/canaves.com\/fr\/wp-json\/wp\/v2\/pages\/9561"}],"wp:featuredmedia":[{"embeddable":true,"href":"https:\/\/canaves.com\/fr\/wp-json\/wp\/v2\/media\/4622"}],"wp:attachment":[{"href":"https:\/\/canaves.com\/fr\/wp-json\/wp\/v2\/media?parent=9559"}],"curies":[{"name":"wp","href":"https:\/\/api.w.org\/{rel}","templated":true}]}}