{"id":9561,"date":"2016-09-28T17:34:04","date_gmt":"2016-09-28T15:34:04","guid":{"rendered":"https:\/\/canaves.com\/canaves-oia-suites\/"},"modified":"2026-03-24T11:59:53","modified_gmt":"2026-03-24T09:59:53","slug":"canaves-oia-suites","status":"publish","type":"page","link":"https:\/\/canaves.com\/fr\/canaves-oia-suites\/","title":{"rendered":"Canaves Oia Suites"},"content":{"rendered":"<p>Canaves Oia Suites invite les clients en qu\u00eate d\u2019un h\u00e9bergement de luxe \u00e0 Oia, Santorin, \u00e0 savourer l\u2019\u00e9l\u00e9gance d\u2019une retraite de vacances des plus pris\u00e9es<\/p>\n","protected":false},"excerpt":{"rendered":"<p>Canaves Oia Suites invite les clients en qu\u00eate d\u2019un h\u00e9bergement de luxe \u00e0 Oia, Santorin, \u00e0 savourer l\u2019\u00e9l\u00e9gance d\u2019une retraite de vacances des plus pris\u00e9es<\/p>\n","protected":false},"author":1,"featured_media":4622,"parent":0,"menu_order":0,"comment_status":"closed","ping_status":"closed","template":"cansuites\/home.php","meta":{"_acf_changed":false,"footnotes":""},"class_list":["post-9561","page","type-page","status-publish","has-post-thumbnail","hentry","property-suites-overlay","entry","has-media"],"acf":[],"aioseo_notices":[],"_links":{"self":[{"href":"https:\/\/canaves.com\/fr\/wp-json\/wp\/v2\/pages\/9561","targetHints":{"allow":["GET"]}}],"collection":[{"href":"https:\/\/canaves.com\/fr\/wp-json\/wp\/v2\/pages"}],"about":[{"href":"https:\/\/canaves.com\/fr\/wp-json\/wp\/v2\/types\/page"}],"author":[{"embeddable":true,"href":"https:\/\/canaves.com\/fr\/wp-json\/wp\/v2\/users\/1"}],"replies":[{"embeddable":true,"href":"https:\/\/canaves.com\/fr\/wp-json\/wp\/v2\/comments?post=9561"}],"version-history":[{"count":0,"href":"https:\/\/canaves.com\/fr\/wp-json\/wp\/v2\/pages\/9561\/revisions"}],"wp:featuredmedia":[{"embeddable":true,"href":"https:\/\/canaves.com\/fr\/wp-json\/wp\/v2\/media\/4622"}],"wp:attachment":[{"href":"https:\/\/canaves.com\/fr\/wp-json\/wp\/v2\/media?parent=9561"}],"curies":[{"name":"wp","href":"https:\/\/api.w.org\/{rel}","templated":true}]}}