{"id":9563,"date":"2016-09-28T17:33:36","date_gmt":"2016-09-28T15:33:36","guid":{"rendered":"https:\/\/canaves.com\/canaves-oia-hotel-ena\/"},"modified":"2026-03-24T11:59:52","modified_gmt":"2026-03-24T09:59:52","slug":"canaves-oia-hotel-ena","status":"publish","type":"page","link":"https:\/\/canaves.com\/fr\/canaves-oia-hotel-ena\/","title":{"rendered":"Canaves Ena"},"content":{"rendered":"<p><span style=\"font-weight: 400;\">Espaces \u00e9l\u00e9gants \u00e0 l&rsquo;esth\u00e9tique intemporelle, Canaves Ena est une collection de suites uniques nich\u00e9es dans le paradis insulaire grec de Santorin. Ici, le minimalisme rencontre le luxe, avec des designs raffin\u00e9s parfaitement sublim\u00e9s par la beaut\u00e9 naturelle environnante. Des int\u00e9rieurs \u00e9clatants aux murs blanchis \u00e0 la chaux s&rsquo;ouvrent sur de vastes v\u00e9randas priv\u00e9es dot\u00e9es d&rsquo;espaces repas en plein air, offrant des vues envo\u00fbtantes sur la Caldera et la mer \u00c9g\u00e9e.  <\/span><\/p>\n","protected":false},"excerpt":{"rendered":"<p>Espaces \u00e9l\u00e9gants \u00e0 l&rsquo;esth\u00e9tique intemporelle, Canaves Ena est une collection de suites uniques nich\u00e9es dans le paradis insulaire grec de Santorin. Ici, le minimalisme rencontre le luxe, avec des designs raffin\u00e9s parfaitement sublim\u00e9s par la beaut\u00e9 naturelle environnante. Des int\u00e9rieurs&hellip;<\/p>\n","protected":false},"author":1,"featured_media":9565,"parent":0,"menu_order":0,"comment_status":"closed","ping_status":"closed","template":"canena\/home.php","meta":{"_acf_changed":false,"footnotes":""},"class_list":["post-9563","page","type-page","status-publish","has-post-thumbnail","hentry","property-ena-overlay","entry","has-media"],"acf":[],"aioseo_notices":[],"_links":{"self":[{"href":"https:\/\/canaves.com\/fr\/wp-json\/wp\/v2\/pages\/9563","targetHints":{"allow":["GET"]}}],"collection":[{"href":"https:\/\/canaves.com\/fr\/wp-json\/wp\/v2\/pages"}],"about":[{"href":"https:\/\/canaves.com\/fr\/wp-json\/wp\/v2\/types\/page"}],"author":[{"embeddable":true,"href":"https:\/\/canaves.com\/fr\/wp-json\/wp\/v2\/users\/1"}],"replies":[{"embeddable":true,"href":"https:\/\/canaves.com\/fr\/wp-json\/wp\/v2\/comments?post=9563"}],"version-history":[{"count":0,"href":"https:\/\/canaves.com\/fr\/wp-json\/wp\/v2\/pages\/9563\/revisions"}],"wp:featuredmedia":[{"embeddable":true,"href":"https:\/\/canaves.com\/fr\/wp-json\/wp\/v2\/media\/9565"}],"wp:attachment":[{"href":"https:\/\/canaves.com\/fr\/wp-json\/wp\/v2\/media?parent=9563"}],"curies":[{"name":"wp","href":"https:\/\/api.w.org\/{rel}","templated":true}]}}