{"id":9566,"date":"2016-09-22T20:00:19","date_gmt":"2016-09-22T18:00:19","guid":{"rendered":"https:\/\/canaves.com\/home\/"},"modified":"2026-03-24T13:52:25","modified_gmt":"2026-03-24T11:52:25","slug":"home","status":"publish","type":"page","link":"https:\/\/canaves.com\/fr\/","title":{"rendered":"Accueil"},"content":{"rendered":"<p>Offrez-vous un s\u00e9jour d&rsquo;exception dans notre collection d&rsquo;h\u00f4tels-boutiques de luxe \u00e0 Oia, Santorin. Sur fond de mers azur\u00e9es et de couchers de soleil sensationnels, nos suites opulentes et villas priv\u00e9es, nos piscines \u00e0 d\u00e9bordement parfaites et notre service personnalis\u00e9 red\u00e9finissent l&rsquo;art de l&rsquo;hospitalit\u00e9. <\/p>\n","protected":false},"excerpt":{"rendered":"<p>Offrez-vous un s\u00e9jour d&rsquo;exception dans notre collection d&rsquo;h\u00f4tels-boutiques de luxe \u00e0 Oia, Santorin. Sur fond de mers azur\u00e9es et de couchers de soleil sensationnels, nos suites opulentes et villas priv\u00e9es, nos piscines \u00e0 d\u00e9bordement parfaites et notre service personnalis\u00e9 red\u00e9finissent&hellip;<\/p>\n","protected":false},"author":1,"featured_media":4622,"parent":0,"menu_order":0,"comment_status":"closed","ping_status":"closed","template":"canportal\/home.php","meta":{"_acf_changed":false,"footnotes":""},"class_list":["post-9566","page","type-page","status-publish","has-post-thumbnail","hentry","property-portal-overlay","entry","has-media"],"acf":[],"aioseo_notices":[],"_links":{"self":[{"href":"https:\/\/canaves.com\/fr\/wp-json\/wp\/v2\/pages\/9566","targetHints":{"allow":["GET"]}}],"collection":[{"href":"https:\/\/canaves.com\/fr\/wp-json\/wp\/v2\/pages"}],"about":[{"href":"https:\/\/canaves.com\/fr\/wp-json\/wp\/v2\/types\/page"}],"author":[{"embeddable":true,"href":"https:\/\/canaves.com\/fr\/wp-json\/wp\/v2\/users\/1"}],"replies":[{"embeddable":true,"href":"https:\/\/canaves.com\/fr\/wp-json\/wp\/v2\/comments?post=9566"}],"version-history":[{"count":0,"href":"https:\/\/canaves.com\/fr\/wp-json\/wp\/v2\/pages\/9566\/revisions"}],"wp:featuredmedia":[{"embeddable":true,"href":"https:\/\/canaves.com\/fr\/wp-json\/wp\/v2\/media\/4622"}],"wp:attachment":[{"href":"https:\/\/canaves.com\/fr\/wp-json\/wp\/v2\/media?parent=9566"}],"curies":[{"name":"wp","href":"https:\/\/api.w.org\/{rel}","templated":true}]}}