{"id":9007,"date":"2026-02-12T13:01:21","date_gmt":"2026-02-12T11:01:21","guid":{"rendered":"https:\/\/canaves.com\/exclusives-buyouts\/"},"modified":"2026-03-24T12:54:03","modified_gmt":"2026-03-24T10:54:03","slug":"exclusives-buyouts","status":"publish","type":"page","link":"https:\/\/canaves.com\/pt-pt\/exclusives-buyouts\/","title":{"rendered":"Exclusivos &amp; Buyouts"},"content":{"rendered":"<div class=\"kobodinpa aos-init aos-animate\" data-aos=\"fade-up\" data-aos-offset=\"50\" data-aos-delay=\"20\" data-aos-duration=\"400\" data-aos-easing=\"easy-in\">\n<div class=\"koboportaDesc\">\n<p>Esculpido na rocha vulc\u00e2nica e marcado por uma eleg\u00e2ncia moderna e org\u00e2nica, o Canaves Epitome oferece um ambiente sereno, com foco no design, ideal para buyouts de toda a propriedade. Distinto da arquitetura tradicional de Santorini, o hotel proporciona uma sensa\u00e7\u00e3o refinada de privacidade e harmonia, tornando-o perfeito para encontros exclusivos, celebra\u00e7\u00f5es de marcos importantes ou viagens de incentivo. <\/p>\n<\/div>\n<\/div>\n","protected":false},"excerpt":{"rendered":"<p>Esculpido na rocha vulc\u00e2nica e marcado por uma eleg\u00e2ncia moderna e org\u00e2nica, o Canaves Epitome oferece um ambiente sereno, com foco no design, ideal para buyouts de toda a propriedade. Distinto da arquitetura tradicional de Santorini, o hotel proporciona uma&hellip;<\/p>\n","protected":false},"author":1,"featured_media":4622,"parent":0,"menu_order":0,"comment_status":"closed","ping_status":"closed","template":"canportal\/exclusives-buyouts.php","meta":{"_acf_changed":false,"footnotes":""},"class_list":["post-9007","page","type-page","status-publish","has-post-thumbnail","hentry","property-portal-overlay","entry","has-media"],"acf":[],"aioseo_notices":[],"_links":{"self":[{"href":"https:\/\/canaves.com\/pt-pt\/wp-json\/wp\/v2\/pages\/9007","targetHints":{"allow":["GET"]}}],"collection":[{"href":"https:\/\/canaves.com\/pt-pt\/wp-json\/wp\/v2\/pages"}],"about":[{"href":"https:\/\/canaves.com\/pt-pt\/wp-json\/wp\/v2\/types\/page"}],"author":[{"embeddable":true,"href":"https:\/\/canaves.com\/pt-pt\/wp-json\/wp\/v2\/users\/1"}],"replies":[{"embeddable":true,"href":"https:\/\/canaves.com\/pt-pt\/wp-json\/wp\/v2\/comments?post=9007"}],"version-history":[{"count":0,"href":"https:\/\/canaves.com\/pt-pt\/wp-json\/wp\/v2\/pages\/9007\/revisions"}],"wp:featuredmedia":[{"embeddable":true,"href":"https:\/\/canaves.com\/pt-pt\/wp-json\/wp\/v2\/media\/4622"}],"wp:attachment":[{"href":"https:\/\/canaves.com\/pt-pt\/wp-json\/wp\/v2\/media?parent=9007"}],"curies":[{"name":"wp","href":"https:\/\/api.w.org\/{rel}","templated":true}]}}