{"id":9009,"date":"2026-02-12T12:58:21","date_gmt":"2026-02-12T10:58:21","guid":{"rendered":"https:\/\/canaves.com\/exclusives-buyouts-2\/"},"modified":"2026-03-24T12:54:03","modified_gmt":"2026-03-24T10:54:03","slug":"exclusives-buyouts","status":"publish","type":"page","link":"https:\/\/canaves.com\/pt-pt\/canaves-sunday\/exclusives-buyouts\/","title":{"rendered":"Exclusivos e Aquisi\u00e7\u00f5es"},"content":{"rendered":"<p>O Canaves Sunday traz uma energia arrojada mas refinada a Oia, oferecendo um cen\u00e1rio distinto para aquisi\u00e7\u00f5es exclusivas de propriedade. Enquadrado pelo terreno dram\u00e1tico de Santorini e vistas ininterruptas da Caldeira e do Mar Egeu, a propriedade equilibra luxo elevado com um esp\u00edrito descontra\u00eddo e orientado para o design. <\/p>\n","protected":false},"excerpt":{"rendered":"<p>O Canaves Sunday traz uma energia arrojada mas refinada a Oia, oferecendo um cen\u00e1rio distinto para aquisi\u00e7\u00f5es exclusivas de propriedade. Enquadrado pelo terreno dram\u00e1tico de Santorini e vistas ininterruptas da Caldeira e do Mar Egeu, a propriedade equilibra luxo elevado&hellip;<\/p>\n","protected":false},"author":1,"featured_media":4622,"parent":9086,"menu_order":0,"comment_status":"closed","ping_status":"closed","template":"cansunday\/exclusives-buyouts.php","meta":{"_acf_changed":false,"footnotes":""},"class_list":["post-9009","page","type-page","status-publish","has-post-thumbnail","hentry","property-sunday-suites-overlay","entry","has-media"],"acf":[],"aioseo_notices":[],"_links":{"self":[{"href":"https:\/\/canaves.com\/pt-pt\/wp-json\/wp\/v2\/pages\/9009","targetHints":{"allow":["GET"]}}],"collection":[{"href":"https:\/\/canaves.com\/pt-pt\/wp-json\/wp\/v2\/pages"}],"about":[{"href":"https:\/\/canaves.com\/pt-pt\/wp-json\/wp\/v2\/types\/page"}],"author":[{"embeddable":true,"href":"https:\/\/canaves.com\/pt-pt\/wp-json\/wp\/v2\/users\/1"}],"replies":[{"embeddable":true,"href":"https:\/\/canaves.com\/pt-pt\/wp-json\/wp\/v2\/comments?post=9009"}],"version-history":[{"count":0,"href":"https:\/\/canaves.com\/pt-pt\/wp-json\/wp\/v2\/pages\/9009\/revisions"}],"up":[{"embeddable":true,"href":"https:\/\/canaves.com\/pt-pt\/wp-json\/wp\/v2\/pages\/9086"}],"wp:featuredmedia":[{"embeddable":true,"href":"https:\/\/canaves.com\/pt-pt\/wp-json\/wp\/v2\/media\/4622"}],"wp:attachment":[{"href":"https:\/\/canaves.com\/pt-pt\/wp-json\/wp\/v2\/media?parent=9009"}],"curies":[{"name":"wp","href":"https:\/\/api.w.org\/{rel}","templated":true}]}}