{"id":9010,"date":"2026-02-12T12:56:36","date_gmt":"2026-02-12T10:56:36","guid":{"rendered":"https:\/\/canaves.com\/exclusives-buyouts-2\/"},"modified":"2026-03-24T12:54:02","modified_gmt":"2026-03-24T10:54:02","slug":"exclusives-buyouts","status":"publish","type":"page","link":"https:\/\/canaves.com\/pt-pt\/canaves-oia-hotel-ena\/exclusives-buyouts\/","title":{"rendered":"Exclusivos e Aquisi\u00e7\u00f5es Totais"},"content":{"rendered":"<p>O Canaves Ena apresenta 18 suites recentemente renovadas, concebidas para oferecer privacidade, relaxamento e sofistica\u00e7\u00e3o refinada, tornando-o numa escolha ideal para aquisi\u00e7\u00f5es totais da propriedade. Eleg\u00e2ncia minimalista, varandas privadas e vistas deslumbrantes sobre a caldeira e o Mar Egeu criam um ambiente intimista e harmonioso. <\/p>\n","protected":false},"excerpt":{"rendered":"<p>O Canaves Ena apresenta 18 suites recentemente renovadas, concebidas para oferecer privacidade, relaxamento e sofistica\u00e7\u00e3o refinada, tornando-o numa escolha ideal para aquisi\u00e7\u00f5es totais da propriedade. Eleg\u00e2ncia minimalista, varandas privadas e vistas deslumbrantes sobre a caldeira e o Mar Egeu criam&hellip;<\/p>\n","protected":false},"author":1,"featured_media":13357,"parent":9135,"menu_order":0,"comment_status":"closed","ping_status":"closed","template":"canena\/exclusives-buyouts.php","meta":{"_acf_changed":false,"footnotes":""},"class_list":["post-9010","page","type-page","status-publish","has-post-thumbnail","hentry","property-ena-overlay","entry","has-media"],"acf":[],"aioseo_notices":[],"_links":{"self":[{"href":"https:\/\/canaves.com\/pt-pt\/wp-json\/wp\/v2\/pages\/9010","targetHints":{"allow":["GET"]}}],"collection":[{"href":"https:\/\/canaves.com\/pt-pt\/wp-json\/wp\/v2\/pages"}],"about":[{"href":"https:\/\/canaves.com\/pt-pt\/wp-json\/wp\/v2\/types\/page"}],"author":[{"embeddable":true,"href":"https:\/\/canaves.com\/pt-pt\/wp-json\/wp\/v2\/users\/1"}],"replies":[{"embeddable":true,"href":"https:\/\/canaves.com\/pt-pt\/wp-json\/wp\/v2\/comments?post=9010"}],"version-history":[{"count":0,"href":"https:\/\/canaves.com\/pt-pt\/wp-json\/wp\/v2\/pages\/9010\/revisions"}],"up":[{"embeddable":true,"href":"https:\/\/canaves.com\/pt-pt\/wp-json\/wp\/v2\/pages\/9135"}],"wp:featuredmedia":[{"embeddable":true,"href":"https:\/\/canaves.com\/pt-pt\/wp-json\/wp\/v2\/media\/13357"}],"wp:attachment":[{"href":"https:\/\/canaves.com\/pt-pt\/wp-json\/wp\/v2\/media?parent=9010"}],"curies":[{"name":"wp","href":"https:\/\/api.w.org\/{rel}","templated":true}]}}