{"id":9011,"date":"2026-02-12T12:50:49","date_gmt":"2026-02-12T10:50:49","guid":{"rendered":"https:\/\/canaves.com\/exclusives-buyouts-2\/"},"modified":"2026-03-24T12:54:00","modified_gmt":"2026-03-24T10:54:00","slug":"exclusives-buyouts","status":"publish","type":"page","link":"https:\/\/canaves.com\/pt-pt\/canaves-oia-suites\/exclusives-buyouts\/","title":{"rendered":"Exclusivos e Reservas Totais"},"content":{"rendered":"<p>O Canaves Oia Suites oferece um cen\u00e1rio excecional para reservas totais da propriedade, combinando uma eleg\u00e2ncia refinada com vistas deslumbrantes sobre a Caldeira e um servi\u00e7o impec\u00e1vel. Com o mar Egeu cor de esmeralda e as fal\u00e9sias dram\u00e1ticas de Santorini como pano de fundo, as su\u00edtes e villas opulentas criam um ambiente privado e envolvente. <\/p>\n","protected":false},"excerpt":{"rendered":"<p>O Canaves Oia Suites oferece um cen\u00e1rio excecional para reservas totais da propriedade, combinando uma eleg\u00e2ncia refinada com vistas deslumbrantes sobre a Caldeira e um servi\u00e7o impec\u00e1vel. Com o mar Egeu cor de esmeralda e as fal\u00e9sias dram\u00e1ticas de Santorini&hellip;<\/p>\n","protected":false},"author":1,"featured_media":4622,"parent":9133,"menu_order":0,"comment_status":"closed","ping_status":"closed","template":"cansuites\/exclusives-buyouts.php","meta":{"_acf_changed":false,"footnotes":""},"class_list":["post-9011","page","type-page","status-publish","has-post-thumbnail","hentry","property-suites-overlay","entry","has-media"],"acf":[],"aioseo_notices":[],"_links":{"self":[{"href":"https:\/\/canaves.com\/pt-pt\/wp-json\/wp\/v2\/pages\/9011","targetHints":{"allow":["GET"]}}],"collection":[{"href":"https:\/\/canaves.com\/pt-pt\/wp-json\/wp\/v2\/pages"}],"about":[{"href":"https:\/\/canaves.com\/pt-pt\/wp-json\/wp\/v2\/types\/page"}],"author":[{"embeddable":true,"href":"https:\/\/canaves.com\/pt-pt\/wp-json\/wp\/v2\/users\/1"}],"replies":[{"embeddable":true,"href":"https:\/\/canaves.com\/pt-pt\/wp-json\/wp\/v2\/comments?post=9011"}],"version-history":[{"count":0,"href":"https:\/\/canaves.com\/pt-pt\/wp-json\/wp\/v2\/pages\/9011\/revisions"}],"up":[{"embeddable":true,"href":"https:\/\/canaves.com\/pt-pt\/wp-json\/wp\/v2\/pages\/9133"}],"wp:featuredmedia":[{"embeddable":true,"href":"https:\/\/canaves.com\/pt-pt\/wp-json\/wp\/v2\/media\/4622"}],"wp:attachment":[{"href":"https:\/\/canaves.com\/pt-pt\/wp-json\/wp\/v2\/media?parent=9011"}],"curies":[{"name":"wp","href":"https:\/\/api.w.org\/{rel}","templated":true}]}}