{"id":9013,"date":"2025-04-09T13:17:39","date_gmt":"2025-04-09T11:17:39","guid":{"rendered":"https:\/\/canaves.com\/gdpr\/"},"modified":"2026-03-24T12:53:59","modified_gmt":"2026-03-24T10:53:59","slug":"gdpr","status":"publish","type":"page","link":"https:\/\/canaves.com\/pt-pt\/gdpr\/","title":{"rendered":"RGPD"},"content":{"rendered":"<p>Aviso de Privacidade relativo ao Tratamento dos Teus Dados Pessoais atrav\u00e9s de Circuito Fechado de Televis\u00e3o (CCTV)<\/p>\n<p>Convidamos-te a ler atentamente este aviso de informa\u00e7\u00e3o, que foi redigido em conformidade com as disposi\u00e7\u00f5es do Regulamento Geral de Prote\u00e7\u00e3o de Dados n.\u00ba 2016\/679\/UE, para te informar adequadamente sobre o tratamento dos teus dados pessoais atrav\u00e9s de circuito fechado de televis\u00e3o.<\/p>\n<ol>\n<li>Informa\u00e7\u00f5es Gerais e Respons\u00e1vel pelo Tratamento de Dados<\/li>\n<\/ol>\n<p>A empresa &#8220;CANAVES OIA SA&#8221;, com sede em Oia, Santorini, com n\u00famero de contribuinte 998665147, representada pelo Sr. Ioannis Chaidemenos, \u00e9 o respons\u00e1vel pelo tratamento de dados respons\u00e1vel pela recolha, armazenamento e tratamento geral de dados pessoais de indiv\u00edduos atrav\u00e9s de circuito fechado de televis\u00e3o. Doravante designada como a &#8220;Empresa&#8221;.<\/p>\n<ol>\n<li>Que Dados Pessoais Recolhemos e Como<\/li>\n<\/ol>\n<p>Recolhemos e tratamos os dados da tua imagem pessoal.<\/p>\n<ol>\n<li>Finalidades do Tratamento<\/li>\n<\/ol>\n<p>O funcionamento do circuito fechado de televis\u00e3o visa garantir a prote\u00e7\u00e3o de bens e indiv\u00edduos nas instala\u00e7\u00f5es da nossa empresa. Consequentemente, a base legal para este tratamento \u00e9 o interesse leg\u00edtimo da Empresa em monitorizar a \u00e1rea para garantir a prote\u00e7\u00e3o de bens e indiv\u00edduos. Quando recebemos ordens judiciais relevantes ou pedidos de autoridades p\u00fablicas, tratamos os teus dados pessoais para cumprir esses pedidos. Neste caso, a base legal para o tratamento dos teus dados pessoais \u00e9 o cumprimento das nossas obriga\u00e7\u00f5es legais.   <\/p>\n<ol>\n<li>Exerc\u00edcio de Direitos<\/li>\n<\/ol>\n<p>Podes exercer todos os direitos dos titulares de dados previstos no Regulamento Geral de Prote\u00e7\u00e3o de Dados (RGPD) (direito de acesso \/ retifica\u00e7\u00e3o \/ apagamento \/ limita\u00e7\u00e3o do tratamento, etc.). Nota que os pedidos que n\u00e3o cumpram os requisitos estabelecidos pela legisla\u00e7\u00e3o aplic\u00e1vel podem exigir a sua reapresenta\u00e7\u00e3o ou podem ser rejeitados. Os pedidos relativos ao exerc\u00edcio dos direitos acima mencionados dos utilizadores podem ser enviados para o Encarregado de Prote\u00e7\u00e3o de Dados da nossa Empresa atrav\u00e9s do endere\u00e7o de e-mail dpo@canaves.com.  <\/p>\n<p>Os utilizadores tamb\u00e9m podem apresentar reclama\u00e7\u00f5es \u00e0 Autoridade Hel\u00e9nica de Prote\u00e7\u00e3o de Dados relativamente ao exerc\u00edcio dos seus direitos (<a href=\"http:\/\/www.dpa.gr\/\">www.dpa.gr<\/a>). De acordo com o s\u00edtio Web da Autoridade, os reclamantes devem primeiro apresentar a sua reclama\u00e7\u00e3o ao respons\u00e1vel pelo tratamento de dados ou ao encarregado de prote\u00e7\u00e3o de dados. <\/p>\n<ol>\n<li>Conserva\u00e7\u00e3o de Dados Pessoais<\/li>\n<\/ol>\n<p>Os dados recolhidos atrav\u00e9s de circuito fechado de televis\u00e3o s\u00e3o conservados durante 15 dias.<\/p>\n<ol>\n<li>Partilha de Dados Pessoais<\/li>\n<\/ol>\n<p>Os teus dados pessoais s\u00e3o tratados dentro da empresa pelos colaboradores que absolutamente necessitam de acesso aos mesmos. Podemos precisar de partilhar os teus dados pessoais com terceiros para nos ajudarem a operar\/manter o sistema de circuito fechado. Estes terceiros incluem:  <\/p>\n<ul>\n<li>Empresas colaboradoras para efeitos de opera\u00e7\u00e3o\/suporte t\u00e9cnico do sistema de circuito fechado.<\/li>\n<\/ul>\n<p>Em qualquer caso, exigimos que as empresas colaboradoras tomem medidas apropriadas para proteger a confidencialidade e seguran\u00e7a dos dados pessoais.<\/p>\n<p>Al\u00e9m disso, podemos precisar de fornecer dados de imagem a ag\u00eancias de aplica\u00e7\u00e3o da lei ou autoridades administrativas (por exemplo, pol\u00edcia\/autoridades judiciais) para cumprir uma obriga\u00e7\u00e3o legal ou ordem judicial.<\/p>\n<ol>\n<li>Seguran\u00e7a de Dados<\/li>\n<\/ol>\n<p>A Empresa assegura aos indiv\u00edduos cujos dados s\u00e3o tratados (clientes\/colaboradores\/visitantes) atrav\u00e9s do sistema de circuito fechado que toma todas as medidas t\u00e9cnicas e organizacionais apropriadas para garantir a seguran\u00e7a dos seus dados pessoais, para salvaguardar a confidencialidade do seu tratamento e para os proteger contra destrui\u00e7\u00e3o acidental ou ilegal, perda, altera\u00e7\u00e3o, divulga\u00e7\u00e3o ou acesso n\u00e3o autorizados e qualquer outra forma de tratamento ilegal.<\/p>\n","protected":false},"excerpt":{"rendered":"<p>Aviso de Privacidade relativo ao Tratamento dos Teus Dados Pessoais atrav\u00e9s de Circuito Fechado de Televis\u00e3o (CCTV) Convidamos-te a ler atentamente este aviso de informa\u00e7\u00e3o, que foi redigido em conformidade com as disposi\u00e7\u00f5es do Regulamento Geral de Prote\u00e7\u00e3o de Dados&hellip;<\/p>\n","protected":false},"author":1,"featured_media":4622,"parent":0,"menu_order":0,"comment_status":"closed","ping_status":"closed","template":"kobo\/full.php","meta":{"_acf_changed":false,"footnotes":""},"class_list":["post-9013","page","type-page","status-publish","has-post-thumbnail","hentry","property-portal","entry","has-media"],"acf":[],"aioseo_notices":[],"_links":{"self":[{"href":"https:\/\/canaves.com\/pt-pt\/wp-json\/wp\/v2\/pages\/9013","targetHints":{"allow":["GET"]}}],"collection":[{"href":"https:\/\/canaves.com\/pt-pt\/wp-json\/wp\/v2\/pages"}],"about":[{"href":"https:\/\/canaves.com\/pt-pt\/wp-json\/wp\/v2\/types\/page"}],"author":[{"embeddable":true,"href":"https:\/\/canaves.com\/pt-pt\/wp-json\/wp\/v2\/users\/1"}],"replies":[{"embeddable":true,"href":"https:\/\/canaves.com\/pt-pt\/wp-json\/wp\/v2\/comments?post=9013"}],"version-history":[{"count":0,"href":"https:\/\/canaves.com\/pt-pt\/wp-json\/wp\/v2\/pages\/9013\/revisions"}],"wp:featuredmedia":[{"embeddable":true,"href":"https:\/\/canaves.com\/pt-pt\/wp-json\/wp\/v2\/media\/4622"}],"wp:attachment":[{"href":"https:\/\/canaves.com\/pt-pt\/wp-json\/wp\/v2\/media?parent=9013"}],"curies":[{"name":"wp","href":"https:\/\/api.w.org\/{rel}","templated":true}]}}