{"id":9014,"date":"2025-03-03T08:45:24","date_gmt":"2025-03-03T06:45:24","guid":{"rendered":"https:\/\/canaves.com\/earthquakes\/"},"modified":"2026-03-24T12:53:59","modified_gmt":"2026-03-24T10:53:59","slug":"earthquakes","status":"publish","type":"page","link":"https:\/\/canaves.com\/pt-pt\/earthquakes\/","title":{"rendered":"ATUALIZA\u00c7\u00c3O SOBRE OS SISMOS EM SANTORINI"},"content":{"rendered":"<p>19 de mar\u00e7o de 2025<\/p>\n<p><span data-teams=\"true\">Ao longo do \u00faltimo m\u00eas, o decl\u00ednio constante da atividade s\u00edsmica perto de Santorini sinaliza que o fen\u00f3meno est\u00e1 agora a entrar na sua fase final. Os cientistas relatam uma queda significativa tanto na frequ\u00eancia como na intensidade dos tremores, refor\u00e7ando a vis\u00e3o de que o fen\u00f3meno est\u00e1 a chegar ao fim. <\/span><\/p>\n<p>Dada a redu\u00e7\u00e3o da atividade s\u00edsmica, as autoridades levantaram todas as restri\u00e7\u00f5es. Santorini \u00e9, mais uma vez, um destino seguro e acolhedor, com as infraestruturas tur\u00edsticas totalmente operacionais e refor\u00e7adas com novas medidas de seguran\u00e7a. O governo implementou inspe\u00e7\u00f5es rigorosas aos edif\u00edcios, removeu estruturas perigosas e introduziu protocolos de emerg\u00eancia melhorados para garantir o bem-estar de residentes e visitantes. Os viajantes podem agora desfrutar da beleza deslumbrante da ilha com maior confian\u00e7a e seguran\u00e7a do que nunca.   <\/p>\n<p>O Professor de Sismologia da Universidade Arist\u00f3teles, Kostas Papazachos, mencionou, durante a sua entrevista na televis\u00e3o nacional, que \u201c<em>A sequ\u00eancia nesta fase foi conclu\u00edda e, portanto, n\u00e3o h\u00e1 raz\u00e3o para as escolas estarem fechadas\u201d. <\/em>Acrescentou ainda que<em> \u201cNeste momento, temos uma capacidade de detetar sismos e monitorizar a atividade que n\u00e3o t\u00ednhamos antes de a sequ\u00eancia come\u00e7ar.\u201d<\/em>, assegurando que n\u00e3o h\u00e1 preocupa\u00e7\u00e3o com um sismo mais forte.<\/p>\n<p><span data-teams=\"true\">Santorini continua a ser um dos principais destinos tur\u00edsticos do mundo, afirmou com otimismo a Ministra do Turismo, Olga Kefalogianni, durante a sua visita \u00e0 ilha, &#8220;e apesar da sua recente atividade s\u00edsmica, est\u00e1 a regressar gradualmente \u00e0 normalidade e a preparar-se para um per\u00edodo tur\u00edstico din\u00e2mico.&#8221;<\/span><\/p>\n<p>\u00c0 luz das not\u00edcias falsas confusas e de toda a informa\u00e7\u00e3o enganosa que tem surgido online sobre a nossa bela ilha recentemente, encontras abaixo um pequeno resumo da legisla\u00e7\u00e3o aplicada \u00e0 ilha de Santorini a 14 de mar\u00e7o<i> de<\/i> 2025, que \u00e9 a \u00faltima atualiza\u00e7\u00e3o relativa \u00e0 situa\u00e7\u00e3o.<\/p>\n<p>Para melhorar o fluxo de tr\u00e1fego e a experi\u00eancia dos visitantes, est\u00e3o a ser introduzidas novas medidas no Porto de Athinios, garantindo um processo de desembarque suave e organizado. Os ve\u00edculos privados ter\u00e3o prioridade, seguidos pelos autocarros e cami\u00f5es, reduzindo o congestionamento e permitindo uma transi\u00e7\u00e3o mais eficiente a partir do porto. <\/p>\n<p>Al\u00e9m disso, para garantir a seguran\u00e7a em \u00e1reas-chave onde os deslizamentos de terra s\u00e3o comuns, foi aplicado o encerramento tempor\u00e1rio do acesso e das atividades no Porto Antigo de Fira e em locais da ilha como Korfos em Therassia, uma parte de Ammoudi e uma pequena parte da Ba\u00eda de Armeni.<\/p>\n<p>Tem em aten\u00e7\u00e3o que as medidas aplicadas n\u00e3o afetar\u00e3o de forma alguma a tua experi\u00eancia geral em Santorini.<\/p>\n<p>Estas medidas ajudam a proteger o encanto destes locais, mantendo uma atmosfera segura, tranquila e agrad\u00e1vel para os visitantes.<\/p>\n<p>Os nossos hot\u00e9is est\u00e3o prontos para acolher visitantes para mais uma temporada fant\u00e1stica, come\u00e7ando com a propriedade emblem\u00e1tica do nosso grupo, Canaves Oia Suites, que abre a 1 de abril.<\/p>\n<p>Nos nossos hot\u00e9is, a tua seguran\u00e7a e bem-estar s\u00e3o a nossa prioridade m\u00e1xima. O terroir vulc\u00e2nico \u00fanico de Santorini sempre registou uma atividade s\u00edsmica ligeira, que nunca afetou a seguran\u00e7a ou o usufruto dos nossos visitantes. Em resposta aos acontecimentos recentes, refor\u00e7\u00e1mos os nossos protocolos de seguran\u00e7a j\u00e1 estabelecidos para te proporcionar tranquilidade durante a tua estadia. Estas medidas incluem simulacros de seguran\u00e7a regulares para a nossa equipa, procedimentos de emerg\u00eancia claros e bem comunicados, e rotas de evacua\u00e7\u00e3o de f\u00e1cil acesso. Os nossos hot\u00e9is foram submetidos a inspe\u00e7\u00f5es minuciosas para garantir que todas as estruturas s\u00e3o seguras e cumprem as normas de seguran\u00e7a mais recentes.    <\/p>\n<p>Para garantir tranquilidade e oferecer paz de esp\u00edrito aos nossos estimados h\u00f3spedes, atualiz\u00e1mos as nossas pol\u00edticas tanto para <strong>reservas existentes<\/strong> como para <strong>reservas futuras<\/strong>.<\/p>\n<p><strong>POL\u00cdTICAS DE RESERVA ATUALIZADAS <\/strong><\/p>\n<p><strong>Reservas Existentes<\/strong><\/p>\n<p>Para reservas com chegadas entre <strong>1 de abril e 15 de maio de 2025<\/strong>, que tenham um <strong>estatuto de n\u00e3o reembols\u00e1vel ou um dep\u00f3sito<\/strong> (como os tipos de Quarto Signature), estamos a oferecer flexibilidade adicional. <strong>Um m\u00eas antes da chegada, os h\u00f3spedes ter\u00e3o a op\u00e7\u00e3o de reagendar a sua reserva por um per\u00edodo de at\u00e9 12 meses<\/strong> se os eventos naturais em curso (ex: sismos, r\u00e9plicas) persistirem e a seguran\u00e7a continuar a ser uma preocupa\u00e7\u00e3o, mesmo que n\u00e3o existam restri\u00e7\u00f5es oficiais em vigor. Recomendamos vivamente aos h\u00f3spedes com chegadas em abril e maio com pol\u00edtica de cancelamento flex\u00edvel (21 dias antes) que mantenham as suas reservas e reavaliem tamb\u00e9m um m\u00eas antes. <\/p>\n<p><strong>Reservas Futuras<\/strong><\/p>\n<p>Para novas reservas, introduzimos as seguintes pol\u00edticas de cancelamento atualizadas:<\/p>\n<p>Para estadias entre <strong><u>1 de abril e 15 de maio de 2025:<\/u><\/strong><\/p>\n<ul>\n<li>Os h\u00f3spedes podem cancelar <strong>gratuitamente at\u00e9 7 dias antes da chegada <\/strong>para todos os tipos de quarto, exceto os tipos de Quarto Signature.<\/li>\n<li>Para os <strong>tipos de Quarto Signature<\/strong>, ser\u00e1 apenas exigido um <strong>dep\u00f3sito de 20 % 21 dias antes da chegada<\/strong>, em vez de no momento da reserva.<\/li>\n<\/ul>\n<p>Para estadias a partir de <strong><u>16 de maio:<\/u><\/strong><\/p>\n<ul>\n<li>Consulta as nossas pol\u00edticas de reserva padr\u00e3o para novas reservas de cancelamento flex\u00edvel com chegada ap\u00f3s 16<sup> de<\/sup> maio de 2025. <a href=\"http:\/\/www.canaves.com\/policies\">canaves.com\/policies<\/a><\/li>\n<li>Para os <strong>Tipos de Quarto Signature<\/strong>, o <strong>dep\u00f3sito de 20 %<\/strong> n\u00e3o reembols\u00e1vel ser\u00e1 agora aplicado <strong>excecionalmente 60 dias antes da chegada, em vez de ap\u00f3s a confirma\u00e7\u00e3o.<\/strong><\/li>\n<li>No caso raro de ocorrer um <strong>evento de for\u00e7a maior <\/strong>um m\u00eas antes da chegada dos h\u00f3spedes \u2014 que torne a ilha fechada aos turistas e o hotel incapaz de operar \u2014 os h\u00f3spedes ter\u00e3o a op\u00e7\u00e3o de <strong>cancelar sem custos<\/strong> e aplicar o seu dep\u00f3sito numa reserva futura.<\/li>\n<li><strong>As novas reservas n\u00e3o reembols\u00e1veis para chegadas ap\u00f3s 16 de maio permanecer\u00e3o n\u00e3o reembols\u00e1veis<\/strong>, a menos que um evento oficial de for\u00e7a maior impe\u00e7a o hotel de operar durante as datas de viagem dos h\u00f3spedes.<\/li>\n<\/ul>\n<p>Estas medidas foram implementadas para proporcionar aos nossos estimados clientes uma garantia de paz de esp\u00edrito, assegurando que t\u00eam flexibilidade caso as circunst\u00e2ncias mudem. Embora os reembolsos s\u00f3 sejam emitidos se o hotel estiver oficialmente impedido de operar devido a um evento de for\u00e7a maior durante a estadia dos h\u00f3spedes, continuamos totalmente empenhados em apoiar os nossos h\u00f3spedes, oferecendo op\u00e7\u00f5es de reagendamento e cr\u00e9dito, quando aplic\u00e1vel. <\/p>\n<p>Todas as pol\u00edticas acima ser\u00e3o reavaliadas com base nos desenvolvimentos em curso. Depositamos a nossa confian\u00e7a nos especialistas, colaboramos estreitamente com as autoridades e continuamos dedicados a garantir um ambiente seguro para todos os que nos visitam. <\/p>\n<p>Esperamos dar-te as boas-vindas \u00e0s nossas propriedades em Santorini em breve!<\/p>\n<p>Com os melhores cumprimentos,<\/p>\n<p>A Dire\u00e7\u00e3o<br \/>\nCanaves Collection<\/p>\n<p>L\u00ea <a href=\"https:\/\/canaves.com\/pdf\/ministry_of_tourism.pdf\" target=\"_blank\" rel=\"noopener\">aqui<\/a> o comunicado de imprensa oficial do Minist\u00e9rio do Turismo.<\/p>\n","protected":false},"excerpt":{"rendered":"<p>19 de mar\u00e7o de 2025 Ao longo do \u00faltimo m\u00eas, o decl\u00ednio constante da atividade s\u00edsmica perto de Santorini sinaliza que o fen\u00f3meno est\u00e1 agora a entrar na sua fase final. Os cientistas relatam uma queda significativa tanto na frequ\u00eancia&hellip;<\/p>\n","protected":false},"author":1,"featured_media":4622,"parent":0,"menu_order":0,"comment_status":"closed","ping_status":"closed","template":"kobo\/fullwfaq.php","meta":{"_acf_changed":false,"footnotes":""},"class_list":["post-9014","page","type-page","status-publish","has-post-thumbnail","hentry","property-portal","entry","has-media"],"acf":[],"aioseo_notices":[],"_links":{"self":[{"href":"https:\/\/canaves.com\/pt-pt\/wp-json\/wp\/v2\/pages\/9014","targetHints":{"allow":["GET"]}}],"collection":[{"href":"https:\/\/canaves.com\/pt-pt\/wp-json\/wp\/v2\/pages"}],"about":[{"href":"https:\/\/canaves.com\/pt-pt\/wp-json\/wp\/v2\/types\/page"}],"author":[{"embeddable":true,"href":"https:\/\/canaves.com\/pt-pt\/wp-json\/wp\/v2\/users\/1"}],"replies":[{"embeddable":true,"href":"https:\/\/canaves.com\/pt-pt\/wp-json\/wp\/v2\/comments?post=9014"}],"version-history":[{"count":0,"href":"https:\/\/canaves.com\/pt-pt\/wp-json\/wp\/v2\/pages\/9014\/revisions"}],"wp:featuredmedia":[{"embeddable":true,"href":"https:\/\/canaves.com\/pt-pt\/wp-json\/wp\/v2\/media\/4622"}],"wp:attachment":[{"href":"https:\/\/canaves.com\/pt-pt\/wp-json\/wp\/v2\/media?parent=9014"}],"curies":[{"name":"wp","href":"https:\/\/api.w.org\/{rel}","templated":true}]}}