{"id":9016,"date":"2024-08-02T10:56:16","date_gmt":"2024-08-02T08:56:16","guid":{"rendered":"https:\/\/canaves.com\/exclusives-buyouts-2\/"},"modified":"2026-03-24T12:54:01","modified_gmt":"2026-03-24T10:54:01","slug":"exclusives-buyouts","status":"publish","type":"page","link":"https:\/\/canaves.com\/pt-pt\/canaves-oia-epitome\/exclusives-buyouts\/","title":{"rendered":"Exclusivos &amp; Aluguer Total"},"content":{"rendered":"<p>Esculpido na rocha vulc\u00e2nica e definido por uma eleg\u00e2ncia moderna e org\u00e2nica, o Canaves Epitome oferece um cen\u00e1rio sereno e focado no design, ideal para o aluguer total da propriedade. Distinto da arquitetura tradicional de Santorini, o hotel proporciona uma sensa\u00e7\u00e3o refinada de privacidade e coes\u00e3o, tornando-o perfeito para encontros exclusivos, celebra\u00e7\u00f5es de marcos importantes ou viagens de incentivo. <\/p>\n","protected":false},"excerpt":{"rendered":"<p>Esculpido na rocha vulc\u00e2nica e definido por uma eleg\u00e2ncia moderna e org\u00e2nica, o Canaves Epitome oferece um cen\u00e1rio sereno e focado no design, ideal para o aluguer total da propriedade. Distinto da arquitetura tradicional de Santorini, o hotel proporciona uma&hellip;<\/p>\n","protected":false},"author":1,"featured_media":4622,"parent":9062,"menu_order":0,"comment_status":"closed","ping_status":"closed","template":"canepitome\/exclusives-buyouts.php","meta":{"_acf_changed":false,"footnotes":""},"class_list":["post-9016","page","type-page","status-publish","has-post-thumbnail","hentry","property-epitome-overlay","entry","has-media"],"acf":[],"aioseo_notices":[],"_links":{"self":[{"href":"https:\/\/canaves.com\/pt-pt\/wp-json\/wp\/v2\/pages\/9016","targetHints":{"allow":["GET"]}}],"collection":[{"href":"https:\/\/canaves.com\/pt-pt\/wp-json\/wp\/v2\/pages"}],"about":[{"href":"https:\/\/canaves.com\/pt-pt\/wp-json\/wp\/v2\/types\/page"}],"author":[{"embeddable":true,"href":"https:\/\/canaves.com\/pt-pt\/wp-json\/wp\/v2\/users\/1"}],"replies":[{"embeddable":true,"href":"https:\/\/canaves.com\/pt-pt\/wp-json\/wp\/v2\/comments?post=9016"}],"version-history":[{"count":0,"href":"https:\/\/canaves.com\/pt-pt\/wp-json\/wp\/v2\/pages\/9016\/revisions"}],"up":[{"embeddable":true,"href":"https:\/\/canaves.com\/pt-pt\/wp-json\/wp\/v2\/pages\/9062"}],"wp:featuredmedia":[{"embeddable":true,"href":"https:\/\/canaves.com\/pt-pt\/wp-json\/wp\/v2\/media\/4622"}],"wp:attachment":[{"href":"https:\/\/canaves.com\/pt-pt\/wp-json\/wp\/v2\/media?parent=9016"}],"curies":[{"name":"wp","href":"https:\/\/api.w.org\/{rel}","templated":true}]}}