{"id":9023,"date":"2024-01-03T11:48:11","date_gmt":"2024-01-03T09:48:11","guid":{"rendered":"https:\/\/canaves.com\/wellness\/"},"modified":"2026-03-24T12:33:43","modified_gmt":"2026-03-24T10:33:43","slug":"wellness","status":"publish","type":"page","link":"https:\/\/canaves.com\/pt-pt\/canaves-oia-epitome\/wellness\/","title":{"rendered":"Bem-estar"},"content":{"rendered":"<p>Descobre um mundo de tranquilidade incompar\u00e1vel, onde tratamentos hol\u00edsticos de sa\u00fade e bem-estar concebidos pela nossa equipa especializada se harmonizam com a beleza natural hipnotizante de Santorini. No Canaves Epitome, oferecemos uma variedade de terapias, tratamentos e aulas de ioga e fitness para promover sa\u00fade e bem-estar ideais. <\/p>\n","protected":false},"excerpt":{"rendered":"<p>Descobre um mundo de tranquilidade incompar\u00e1vel, onde tratamentos hol\u00edsticos de sa\u00fade e bem-estar concebidos pela nossa equipa especializada se harmonizam com a beleza natural hipnotizante de Santorini. No Canaves Epitome, oferecemos uma variedade de terapias, tratamentos e aulas de ioga&hellip;<\/p>\n","protected":false},"author":1,"featured_media":4622,"parent":9062,"menu_order":0,"comment_status":"closed","ping_status":"closed","template":"canepitome\/wellness.php","meta":{"_acf_changed":false,"footnotes":""},"class_list":["post-9023","page","type-page","status-publish","has-post-thumbnail","hentry","property-epitome-overlay","entry","has-media"],"acf":[],"aioseo_notices":[],"_links":{"self":[{"href":"https:\/\/canaves.com\/pt-pt\/wp-json\/wp\/v2\/pages\/9023","targetHints":{"allow":["GET"]}}],"collection":[{"href":"https:\/\/canaves.com\/pt-pt\/wp-json\/wp\/v2\/pages"}],"about":[{"href":"https:\/\/canaves.com\/pt-pt\/wp-json\/wp\/v2\/types\/page"}],"author":[{"embeddable":true,"href":"https:\/\/canaves.com\/pt-pt\/wp-json\/wp\/v2\/users\/1"}],"replies":[{"embeddable":true,"href":"https:\/\/canaves.com\/pt-pt\/wp-json\/wp\/v2\/comments?post=9023"}],"version-history":[{"count":0,"href":"https:\/\/canaves.com\/pt-pt\/wp-json\/wp\/v2\/pages\/9023\/revisions"}],"up":[{"embeddable":true,"href":"https:\/\/canaves.com\/pt-pt\/wp-json\/wp\/v2\/pages\/9062"}],"wp:featuredmedia":[{"embeddable":true,"href":"https:\/\/canaves.com\/pt-pt\/wp-json\/wp\/v2\/media\/4622"}],"wp:attachment":[{"href":"https:\/\/canaves.com\/pt-pt\/wp-json\/wp\/v2\/media?parent=9023"}],"curies":[{"name":"wp","href":"https:\/\/api.w.org\/{rel}","templated":true}]}}