{"id":9025,"date":"2023-11-27T18:30:53","date_gmt":"2023-11-27T16:30:53","guid":{"rendered":"https:\/\/canaves.com\/the-villas\/"},"modified":"2026-03-24T12:54:00","modified_gmt":"2026-03-24T10:54:00","slug":"the-villas","status":"publish","type":"page","link":"https:\/\/canaves.com\/pt-pt\/the-villas\/","title":{"rendered":"As Villas"},"content":{"rendered":"<p>O alojamento definitivo para umas f\u00e9rias de luxo na Gr\u00e9cia; o nosso portef\u00f3lio de villas premium oferece a combina\u00e7\u00e3o perfeita entre o estilo contempor\u00e2neo e a beleza intemporal, com vistas hipnotizantes sobre o Mar Egeu e mais al\u00e9m.<\/p>\n<p>Cada villa foi concebida para harmonizar a vida de luxo com a beleza natural envolvente, enriquecendo ainda mais a tua viagem de luxo \u00e0 Gr\u00e9cia com um conjunto completo de comodidades e servi\u00e7os premium que te far\u00e3o sentir restaurado e rejuvenescido.<\/p>\n","protected":false},"excerpt":{"rendered":"<p>O alojamento definitivo para umas f\u00e9rias de luxo na Gr\u00e9cia; o nosso portef\u00f3lio de villas premium oferece a combina\u00e7\u00e3o perfeita entre o estilo contempor\u00e2neo e a beleza intemporal, com vistas hipnotizantes sobre o Mar Egeu e mais al\u00e9m. Cada villa&hellip;<\/p>\n","protected":false},"author":1,"featured_media":4622,"parent":0,"menu_order":0,"comment_status":"closed","ping_status":"closed","template":"canportal\/thevillas.php","meta":{"_acf_changed":false,"footnotes":""},"class_list":["post-9025","page","type-page","status-publish","has-post-thumbnail","hentry","property-portal-overlay","entry","has-media"],"acf":[],"aioseo_notices":[],"_links":{"self":[{"href":"https:\/\/canaves.com\/pt-pt\/wp-json\/wp\/v2\/pages\/9025","targetHints":{"allow":["GET"]}}],"collection":[{"href":"https:\/\/canaves.com\/pt-pt\/wp-json\/wp\/v2\/pages"}],"about":[{"href":"https:\/\/canaves.com\/pt-pt\/wp-json\/wp\/v2\/types\/page"}],"author":[{"embeddable":true,"href":"https:\/\/canaves.com\/pt-pt\/wp-json\/wp\/v2\/users\/1"}],"replies":[{"embeddable":true,"href":"https:\/\/canaves.com\/pt-pt\/wp-json\/wp\/v2\/comments?post=9025"}],"version-history":[{"count":0,"href":"https:\/\/canaves.com\/pt-pt\/wp-json\/wp\/v2\/pages\/9025\/revisions"}],"wp:featuredmedia":[{"embeddable":true,"href":"https:\/\/canaves.com\/pt-pt\/wp-json\/wp\/v2\/media\/4622"}],"wp:attachment":[{"href":"https:\/\/canaves.com\/pt-pt\/wp-json\/wp\/v2\/media?parent=9025"}],"curies":[{"name":"wp","href":"https:\/\/api.w.org\/{rel}","templated":true}]}}