{"id":9028,"date":"2023-11-27T13:57:35","date_gmt":"2023-11-27T11:57:35","guid":{"rendered":"https:\/\/canaves.com\/sustainability\/"},"modified":"2026-03-24T12:34:58","modified_gmt":"2026-03-24T10:34:58","slug":"sustainability","status":"publish","type":"page","link":"https:\/\/canaves.com\/pt-pt\/sustainability\/","title":{"rendered":"Sustentabilidade"},"content":{"rendered":"<p>Todas as nossas propriedades t\u00eam a b\u00ean\u00e7\u00e3o de pertencer \u00e0 bela ilha de Santorini. Uma joia da nossa hist\u00f3ria, da nossa civiliza\u00e7\u00e3o e um dos locais mais visitados na Gr\u00e9cia durante o ver\u00e3o. Os nossos esfor\u00e7os para preservar a beleza e o bem-estar deste local est\u00e3o em constante crescimento. Estamos empenhados em ajudar e apoiar n\u00e3o s\u00f3 o ambiente, mas tamb\u00e9m a comunidade local de todas as formas poss\u00edveis. Para n\u00f3s, sermos atenciosos com o nosso ambiente e socialmente respons\u00e1veis pelos habitantes locais \u00e9 um modo de vida, e n\u00e3o uma tend\u00eancia que desaparecer\u00e1 gradualmente com o tempo. Temos um conjunto de iniciativas ambientais e convidamos-te a apoiar-nos e a ajudar-nos por um futuro mais brilhante.     <\/p>\n<h4>Reciclagem<\/h4>\n<p>O nosso programa de reciclagem inclui uma gama de materiais e comodidades que reciclamos, e garantimos que todos os res\u00edduos s\u00e3o eliminados corretamente. Em colabora\u00e7\u00e3o com as autoridades locais, reciclamos todas as garrafas, latas e papel que utilizamos. Tamb\u00e9m utilizamos o esquema de reciclagem personalizado da Nespresso para reciclar todas as c\u00e1psulas que os nossos h\u00f3spedes utilizam. Podes obter mais informa\u00e7\u00f5es sobre o programa de reciclagem da Nespresso aqui. Continuaremos a adaptar-nos e a dar os passos extra para reciclar e inspirar outros a fazer o mesmo.    <\/p>\n<h4>Livre de Pl\u00e1stico<\/h4>\n<p>O nosso objetivo \u00e9 sermos livres de pl\u00e1stico em todas as nossas propriedades. A elimina\u00e7\u00e3o do pl\u00e1stico de utiliza\u00e7\u00e3o \u00fanica (palhinhas e garrafas de pl\u00e1stico) reduziu uma quantidade significativa de res\u00edduos pl\u00e1sticos. Retir\u00e1mos todos os artigos de pl\u00e1stico de utiliza\u00e7\u00e3o \u00fanica das nossas cozinhas e, em vez de palhinhas de pl\u00e1stico, estamos a utilizar palhinhas biodegrad\u00e1veis, de trigo, de bambu ou de papel. Em todas as nossas suites, utilizamos sacos biodegrad\u00e1veis para o lixo e em todas as instala\u00e7\u00f5es de apoio sempre que poss\u00edvel. Em 2021, em resposta a todos os res\u00edduos de embalagens adicionais dos mini frascos de hotel, decidimos criar as nossas pr\u00f3prias comodidades de marca, tendo total controlo sobre o conte\u00fado, bem como optando por utilizar frascos biodegrad\u00e1veis. Estamos tamb\u00e9m em processo de transi\u00e7\u00e3o para op\u00e7\u00f5es biodegrad\u00e1veis e compost\u00e1veis para todos os outros materiais colaterais de pl\u00e1stico. Embora as medidas da covid-19 tenham abrandado os nossos esfor\u00e7os, o nosso objetivo \u00e9 sermos completamente livres de pl\u00e1stico at\u00e9 ao final de 2025.      <\/p>\n<h4>Livre de Papel<\/h4>\n<p>Tentamos ser o mais livres de papel poss\u00edvel. Em 2020, desenvolvemos uma aplica\u00e7\u00e3o web para que todos os procedimentos dos h\u00f3spedes fossem feitos sem contacto e online. Assim, elimin\u00e1mos significativamente o uso de papel.  <\/p>\n<h4>Limpeza Ecol\u00f3gica<\/h4>\n<p>Para os nossos servi\u00e7os de limpeza, utilizamos produtos certificados e ecol\u00f3gicos da EcoLab, que s\u00e3o fabricados atrav\u00e9s de pr\u00e1ticas de fabrico sustent\u00e1veis e ingredientes de origem natural, seguros, n\u00e3o t\u00f3xicos e biodegrad\u00e1veis que n\u00e3o t\u00eam um impacto negativo no ambiente ou na nossa sa\u00fade. Al\u00e9m disso, o uso extensivo de \u00e1gua na ilha j\u00e1 resulta em escassez, e as nossas a\u00e7\u00f5es devem focar-se nesta quest\u00e3o. Por essa raz\u00e3o, a nossa equipa de limpeza coloca cart\u00f5es ecol\u00f3gicos em cima dos len\u00e7\u00f3is das camas e das casas de banho dos h\u00f3spedes para incentivar os clientes a utilizar os produtos e servi\u00e7os do hotel de uma forma amiga do ambiente.  <\/p>\n<h4>Edif\u00edcios com Poupan\u00e7a de Energia<\/h4>\n<p>Procuramos sempre edif\u00edcios que poupem energia e sejam ecol\u00f3gicos. J\u00e1 fizemos a transi\u00e7\u00e3o para ilumina\u00e7\u00e3o LED em todas as \u00e1reas da propriedade e espa\u00e7os de apoio. A redu\u00e7\u00e3o dos custos de servi\u00e7os p\u00fablicos e da pegada de carbono j\u00e1 \u00e9 significativa. No Canaves Oia Epitome, implement\u00e1mos a tecnologia BMS para monitorizar e controlar as necessidades energ\u00e9ticas do edif\u00edcio, produzindo maiores poupan\u00e7as de energia. Estamos em processo de implementa\u00e7\u00e3o desta tecnologia nas restantes propriedades.    <\/p>\n<div class=\"gmail_default\">\n<p>Implement\u00e1mos sistemas avan\u00e7ados de recupera\u00e7\u00e3o de calor para aquecer as piscinas dos quartos e as pequenas piscinas de relaxamento em todas as propriedades. Desta forma, n\u00e3o s\u00f3 aument\u00e1mos a efici\u00eancia energ\u00e9tica das nossas propriedades, como tamb\u00e9m contribu\u00edmos para reduzir o consumo global de energia e as emiss\u00f5es de gases com efeito de estufa. <\/p>\n<p>Ao investir numa central de dessaliniza\u00e7\u00e3o, o Canaves Epitome \u00e9 independente no que toca ao abastecimento de \u00e1gua doce, resiliente \u00e0 seca, mas tamb\u00e9m contribui para um impacto reduzido no consumo excessivo de energia e no transporte de abastecimento de \u00e1gua na zona.<\/p>\n<\/div>\n<h4>Spa<\/h4>\n<p>O <em>Canaves Spa<\/em> oferece tratamentos luxuosos e eco-conscientes, utilizando produtos <em>Valmont<\/em> para o cuidado facial para proporcionar cuidados de pele de alto desempenho e de origem sustent\u00e1vel, enfatiza a biodiversidade e o aprovisionamento sustent\u00e1vel, garantindo formula\u00e7\u00f5es eficazes que respeitam a natureza. A <em>Cinq Mondes<\/em> traz rituais de beleza globais para tratamentos de bem-estar hol\u00edsticos com ingredientes org\u00e2nicos e ecol\u00f3gicos e um impacto ambiental m\u00ednimo. A <em>KOS<\/em> foca-se em produtos de sa\u00fade \u00e0 base de plantas, n\u00e3o OGM, com embalagens recicl\u00e1veis para promover a sa\u00fade pessoal e planet\u00e1ria. A <em>Coola<\/em> oferece cuidados solares org\u00e2nicos e seguros para os recifes, com embalagens biodegrad\u00e1veis, priorizando tanto a prote\u00e7\u00e3o solar como a responsabilidade ambiental.<\/p>\n<h4>A\u00e7\u00f5es do Pessoal<\/h4>\n<p>A sustentabilidade \u00e9 uma atitude contagiante. Tomamos medidas juntamente com o nosso pessoal e fazemos limpezas de praias, recolha de res\u00edduos no trilho de caminhada de Oia e outras atividades ecol\u00f3gicas. Estas a\u00e7\u00f5es ajudam a unir a nossa equipa, mas tamb\u00e9m protegem o ambiente de Santorini que tanto amamos. Em outubro de 2021, organiz\u00e1mos e realiz\u00e1mos uma limpeza de praia na ba\u00eda de Ammoudi em colabora\u00e7\u00e3o com a organiza\u00e7\u00e3o All For Blue. Recolhemos res\u00edduos da estrada principal, da praia e debaixo de \u00e1gua com a ajuda de mergulhadores profissionais. Podes ler mais sobre esta a\u00e7\u00e3o <strong><a href=\"https:\/\/magazine.canaves.com\/a-day-to-keepsantoriniblue\/\">aqui<\/a><\/strong>      <\/p>\n<h4>Gastronomia e Bares<\/h4>\n<p>Obtemos a maioria dos nossos produtos da comunidade local e focamo-nos sempre em oferecer pratos baseados em ingredientes sazonais e frescos. Estamos tamb\u00e9m a envidar todos os esfor\u00e7os para reduzir o desperd\u00edcio alimentar dos nossos restaurantes em colabora\u00e7\u00e3o com empresas de recolha de restos de comida e elimina\u00e7\u00e3o de \u00f3leos. Nos nossos bares, at\u00e9 fazemos a nossa pr\u00f3pria soda utilizando sobras das prepara\u00e7\u00f5es do bar.  <\/p>\n<h4>Apoio \u00e0 comunidade local<\/h4>\n<p>Para n\u00f3s, a sustentabilidade e o cuidado com o nosso ambiente s\u00e3o muito mais do que a reciclagem e a constru\u00e7\u00e3o de edif\u00edcios que poupam energia. Um dos nossos principais objetivos \u00e9 apoiar a comunidade local, melhorando a vida dos cidad\u00e3os de Santorini em todos os aspetos que pudermos. Por essa raz\u00e3o, a contrata\u00e7\u00e3o de funcion\u00e1rios locais \u00e9 uma das nossas prioridades. Assim, damos oportunidade aos jovens de trabalhar numa organiza\u00e7\u00e3o de hotelaria que atrai turistas de todo o mundo. Estamos tamb\u00e9m a estabelecer parcerias com produtores e empresas locais, de modo a contribuir para a economia local e sermos embaixadores zelosos dos produtos locais (vinho de Santorini, produtos DOP). Al\u00e9m disso, a maioria dos nossos projetos de financiamento apoia iniciativas e a\u00e7\u00f5es locais.     <\/p>\n","protected":false},"excerpt":{"rendered":"<p>Todas as nossas propriedades t\u00eam a b\u00ean\u00e7\u00e3o de pertencer \u00e0 bela ilha de Santorini. Uma joia da nossa hist\u00f3ria, da nossa civiliza\u00e7\u00e3o e um dos locais mais visitados na Gr\u00e9cia durante o ver\u00e3o. Os nossos esfor\u00e7os para preservar a beleza&hellip;<\/p>\n","protected":false},"author":1,"featured_media":4622,"parent":0,"menu_order":0,"comment_status":"closed","ping_status":"closed","template":"canportal\/sustainability.php","meta":{"_acf_changed":false,"footnotes":""},"class_list":["post-9028","page","type-page","status-publish","has-post-thumbnail","hentry","property-portal-overlay","entry","has-media"],"acf":[],"aioseo_notices":[],"_links":{"self":[{"href":"https:\/\/canaves.com\/pt-pt\/wp-json\/wp\/v2\/pages\/9028","targetHints":{"allow":["GET"]}}],"collection":[{"href":"https:\/\/canaves.com\/pt-pt\/wp-json\/wp\/v2\/pages"}],"about":[{"href":"https:\/\/canaves.com\/pt-pt\/wp-json\/wp\/v2\/types\/page"}],"author":[{"embeddable":true,"href":"https:\/\/canaves.com\/pt-pt\/wp-json\/wp\/v2\/users\/1"}],"replies":[{"embeddable":true,"href":"https:\/\/canaves.com\/pt-pt\/wp-json\/wp\/v2\/comments?post=9028"}],"version-history":[{"count":0,"href":"https:\/\/canaves.com\/pt-pt\/wp-json\/wp\/v2\/pages\/9028\/revisions"}],"wp:featuredmedia":[{"embeddable":true,"href":"https:\/\/canaves.com\/pt-pt\/wp-json\/wp\/v2\/media\/4622"}],"wp:attachment":[{"href":"https:\/\/canaves.com\/pt-pt\/wp-json\/wp\/v2\/media?parent=9028"}],"curies":[{"name":"wp","href":"https:\/\/api.w.org\/{rel}","templated":true}]}}